{"id":9004111222138947,"date":"2026-02-03T11:07:48","date_gmt":"2026-02-03T11:07:48","guid":{"rendered":"https:\/\/www.hgf.com\/?page_id=9004111222138947"},"modified":"2026-02-03T14:10:42","modified_gmt":"2026-02-03T14:10:42","slug":"bristol","status":"publish","type":"page","link":"https:\/\/www.hgf.com\/fr\/contact\/bristol\/","title":{"rendered":"Bristol"},"content":{"rendered":"<p class=\"p__large\"><em>HGF a ouvert un bureau \u00e0 Bristol en 2026 afin de soutenir la communaut\u00e9 croissante d&#8217;entreprises et d&#8217;universit\u00e9s innovantes du sud-ouest, ainsi que ses clients \u00e0 travers le Royaume-Uni et l&#8217;Europe. Situ\u00e9 sur l&#8217;historique Berkeley Square, le bureau se trouve au c\u0153ur de l&#8217;\u00e9cosyst\u00e8me professionnel et universitaire de Bristol.<\/em><\/p>\n<p style=\"font-weight: 400;\"><em>L&#8217;\u00e9quipe de Bristol travaille en \u00e9troite collaboration avec un vaste r\u00e9seau de sp\u00e9cialistes du cabinet dans les domaines des marques, des biosciences, des sciences de la vie, de l&#8217;ing\u00e9nierie, de la chimie et de l&#8217;\u00e9lectronique afin de fournir un soutien complet en mati\u00e8re de propri\u00e9t\u00e9 intellectuelle aux universit\u00e9s, aux PMEs et aux organisations multinationales.<\/em><\/p>\n","protected":false},"excerpt":{"rendered":"<p>HGF a ouvert un bureau \u00e0 Bristol en 2026 afin de soutenir la communaut\u00e9 croissante d&#8217;entreprises et d&#8217;universit\u00e9s innovantes du sud-ouest, ainsi que ses clients \u00e0 travers le Royaume-Uni et &hellip;<\/p>\n","protected":false},"author":376,"featured_media":0,"parent":9004111222135186,"menu_order":0,"comment_status":"closed","ping_status":"closed","template":"views\/template-office.blade.php","meta":{"_acf_changed":false,"footnotes":""},"class_list":["post-9004111222138947","page","type-page","status-publish","hentry"],"acf":[],"yoast_head":"<!-- This site is optimized with the Yoast SEO Premium plugin v27.5 (Yoast SEO v27.5) - https:\/\/yoast.com\/product\/yoast-seo-premium-wordpress\/ -->\n<title>Bristol - HGF<\/title>\n<meta name=\"robots\" content=\"index, follow, max-snippet:-1, max-image-preview:large, max-video-preview:-1\" \/>\n<link rel=\"canonical\" href=\"https:\/\/www.hgf.com\/fr\/contact\/bristol\/\" \/>\n<meta property=\"og:locale\" content=\"fr_FR\" \/>\n<meta property=\"og:type\" content=\"article\" \/>\n<meta property=\"og:title\" content=\"Bristol\" \/>\n<meta property=\"og:description\" content=\"HGF a ouvert un bureau \u00e0 Bristol en 2026 afin de soutenir la communaut\u00e9 croissante d&#039;entreprises et d&#039;universit\u00e9s innovantes du sud-ouest, ainsi que ses\" \/>\n<meta property=\"og:url\" content=\"https:\/\/www.hgf.com\/fr\/contact\/bristol\/\" \/>\n<meta property=\"og:site_name\" content=\"HGF\" \/>\n<meta property=\"article:modified_time\" content=\"2026-02-03T14:10:42+00:00\" \/>\n<meta property=\"og:image\" content=\"https:\/\/www.hgf.com\/wp-content\/uploads\/2023\/04\/hgf-logo-1200x675-1.png\" \/>\n\t<meta property=\"og:image:width\" content=\"1200\" \/>\n\t<meta property=\"og:image:height\" content=\"675\" \/>\n\t<meta property=\"og:image:type\" content=\"image\/png\" \/>\n<meta name=\"twitter:card\" content=\"summary_large_image\" \/>\n<meta name=\"twitter:site\" content=\"@hgf_ip\" \/>\n<meta name=\"twitter:label1\" content=\"Dur\u00e9e de lecture estim\u00e9e\" \/>\n\t<meta name=\"twitter:data1\" content=\"1 minute\" \/>\n<script type=\"application\/ld+json\" class=\"yoast-schema-graph\">{\"@context\":\"https:\\\/\\\/schema.org\",\"@graph\":[{\"@type\":\"WebPage\",\"@id\":\"https:\\\/\\\/www.hgf.com\\\/fr\\\/contact\\\/bristol\\\/\",\"url\":\"https:\\\/\\\/www.hgf.com\\\/fr\\\/contact\\\/bristol\\\/\",\"name\":\"Bristol - HGF\",\"isPartOf\":{\"@id\":\"https:\\\/\\\/www.hgf.com\\\/fr\\\/#website\"},\"datePublished\":\"2026-02-03T11:07:48+00:00\",\"dateModified\":\"2026-02-03T14:10:42+00:00\",\"breadcrumb\":{\"@id\":\"https:\\\/\\\/www.hgf.com\\\/fr\\\/contact\\\/bristol\\\/#breadcrumb\"},\"inLanguage\":\"fr-FR\",\"potentialAction\":[{\"@type\":\"ReadAction\",\"target\":[\"https:\\\/\\\/www.hgf.com\\\/fr\\\/contact\\\/bristol\\\/\"]}]},{\"@type\":\"BreadcrumbList\",\"@id\":\"https:\\\/\\\/www.hgf.com\\\/fr\\\/contact\\\/bristol\\\/#breadcrumb\",\"itemListElement\":[{\"@type\":\"ListItem\",\"position\":1,\"name\":\"Contact\",\"item\":\"https:\\\/\\\/www.hgf.com\\\/fr\\\/contact\\\/\"},{\"@type\":\"ListItem\",\"position\":2,\"name\":\"Bristol\"}]},{\"@type\":\"WebSite\",\"@id\":\"https:\\\/\\\/www.hgf.com\\\/fr\\\/#website\",\"url\":\"https:\\\/\\\/www.hgf.com\\\/fr\\\/\",\"name\":\"HGF\",\"description\":\"Intellectual Property Rights specialists\",\"publisher\":{\"@id\":\"https:\\\/\\\/www.hgf.com\\\/fr\\\/#organization\"},\"potentialAction\":[{\"@type\":\"SearchAction\",\"target\":{\"@type\":\"EntryPoint\",\"urlTemplate\":\"https:\\\/\\\/www.hgf.com\\\/fr\\\/?s={search_term_string}\"},\"query-input\":{\"@type\":\"PropertyValueSpecification\",\"valueRequired\":true,\"valueName\":\"search_term_string\"}}],\"inLanguage\":\"fr-FR\"},{\"@type\":\"Organization\",\"@id\":\"https:\\\/\\\/www.hgf.com\\\/fr\\\/#organization\",\"name\":\"HGF\",\"url\":\"https:\\\/\\\/www.hgf.com\\\/fr\\\/\",\"logo\":{\"@type\":\"ImageObject\",\"inLanguage\":\"fr-FR\",\"@id\":\"https:\\\/\\\/www.hgf.com\\\/fr\\\/#\\\/schema\\\/logo\\\/image\\\/\",\"url\":\"https:\\\/\\\/www.hgf.com\\\/wp-content\\\/uploads\\\/2023\\\/04\\\/hgf-logo-696x696-1.png\",\"contentUrl\":\"https:\\\/\\\/www.hgf.com\\\/wp-content\\\/uploads\\\/2023\\\/04\\\/hgf-logo-696x696-1.png\",\"width\":696,\"height\":696,\"caption\":\"HGF\"},\"image\":{\"@id\":\"https:\\\/\\\/www.hgf.com\\\/fr\\\/#\\\/schema\\\/logo\\\/image\\\/\"},\"sameAs\":[\"https:\\\/\\\/x.com\\\/hgf_ip\",\"https:\\\/\\\/www.linkedin.com\\\/company\\\/hgf-limited-intellectual-property-specialists\\\/\"]}]}<\/script>\n<!-- \/ Yoast SEO Premium plugin. -->","yoast_head_json":{"title":"Bristol - HGF","robots":{"index":"index","follow":"follow","max-snippet":"max-snippet:-1","max-image-preview":"max-image-preview:large","max-video-preview":"max-video-preview:-1"},"canonical":"https:\/\/www.hgf.com\/fr\/contact\/bristol\/","og_locale":"fr_FR","og_type":"article","og_title":"Bristol","og_description":"HGF a ouvert un bureau \u00e0 Bristol en 2026 afin de soutenir la communaut\u00e9 croissante d'entreprises et d'universit\u00e9s innovantes du sud-ouest, ainsi que ses","og_url":"https:\/\/www.hgf.com\/fr\/contact\/bristol\/","og_site_name":"HGF","article_modified_time":"2026-02-03T14:10:42+00:00","og_image":[{"width":1200,"height":675,"url":"https:\/\/www.hgf.com\/wp-content\/uploads\/2023\/04\/hgf-logo-1200x675-1.png","type":"image\/png"}],"twitter_card":"summary_large_image","twitter_site":"@hgf_ip","twitter_misc":{"Dur\u00e9e de lecture estim\u00e9e":"1 minute"},"schema":{"@context":"https:\/\/schema.org","@graph":[{"@type":"WebPage","@id":"https:\/\/www.hgf.com\/fr\/contact\/bristol\/","url":"https:\/\/www.hgf.com\/fr\/contact\/bristol\/","name":"Bristol - HGF","isPartOf":{"@id":"https:\/\/www.hgf.com\/fr\/#website"},"datePublished":"2026-02-03T11:07:48+00:00","dateModified":"2026-02-03T14:10:42+00:00","breadcrumb":{"@id":"https:\/\/www.hgf.com\/fr\/contact\/bristol\/#breadcrumb"},"inLanguage":"fr-FR","potentialAction":[{"@type":"ReadAction","target":["https:\/\/www.hgf.com\/fr\/contact\/bristol\/"]}]},{"@type":"BreadcrumbList","@id":"https:\/\/www.hgf.com\/fr\/contact\/bristol\/#breadcrumb","itemListElement":[{"@type":"ListItem","position":1,"name":"Contact","item":"https:\/\/www.hgf.com\/fr\/contact\/"},{"@type":"ListItem","position":2,"name":"Bristol"}]},{"@type":"WebSite","@id":"https:\/\/www.hgf.com\/fr\/#website","url":"https:\/\/www.hgf.com\/fr\/","name":"HGF","description":"Intellectual Property Rights specialists","publisher":{"@id":"https:\/\/www.hgf.com\/fr\/#organization"},"potentialAction":[{"@type":"SearchAction","target":{"@type":"EntryPoint","urlTemplate":"https:\/\/www.hgf.com\/fr\/?s={search_term_string}"},"query-input":{"@type":"PropertyValueSpecification","valueRequired":true,"valueName":"search_term_string"}}],"inLanguage":"fr-FR"},{"@type":"Organization","@id":"https:\/\/www.hgf.com\/fr\/#organization","name":"HGF","url":"https:\/\/www.hgf.com\/fr\/","logo":{"@type":"ImageObject","inLanguage":"fr-FR","@id":"https:\/\/www.hgf.com\/fr\/#\/schema\/logo\/image\/","url":"https:\/\/www.hgf.com\/wp-content\/uploads\/2023\/04\/hgf-logo-696x696-1.png","contentUrl":"https:\/\/www.hgf.com\/wp-content\/uploads\/2023\/04\/hgf-logo-696x696-1.png","width":696,"height":696,"caption":"HGF"},"image":{"@id":"https:\/\/www.hgf.com\/fr\/#\/schema\/logo\/image\/"},"sameAs":["https:\/\/x.com\/hgf_ip","https:\/\/www.linkedin.com\/company\/hgf-limited-intellectual-property-specialists\/"]}]}},"_links":{"self":[{"href":"https:\/\/www.hgf.com\/fr\/wp-json\/wp\/v2\/pages\/9004111222138947","targetHints":{"allow":["GET"]}}],"collection":[{"href":"https:\/\/www.hgf.com\/fr\/wp-json\/wp\/v2\/pages"}],"about":[{"href":"https:\/\/www.hgf.com\/fr\/wp-json\/wp\/v2\/types\/page"}],"author":[{"embeddable":true,"href":"https:\/\/www.hgf.com\/fr\/wp-json\/wp\/v2\/users\/376"}],"replies":[{"embeddable":true,"href":"https:\/\/www.hgf.com\/fr\/wp-json\/wp\/v2\/comments?post=9004111222138947"}],"version-history":[{"count":0,"href":"https:\/\/www.hgf.com\/fr\/wp-json\/wp\/v2\/pages\/9004111222138947\/revisions"}],"up":[{"embeddable":true,"href":"https:\/\/www.hgf.com\/fr\/wp-json\/wp\/v2\/pages\/9004111222135186"}],"wp:attachment":[{"href":"https:\/\/www.hgf.com\/fr\/wp-json\/wp\/v2\/media?parent=9004111222138947"}],"curies":[{"name":"wp","href":"https:\/\/api.w.org\/{rel}","templated":true}]}}