{"id":9004111222135307,"date":"2020-07-02T12:52:05","date_gmt":"2020-07-02T11:52:05","guid":{"rendered":"https:\/\/www.hgf.com\/?page_id=9004111222135307"},"modified":"2025-10-06T14:10:12","modified_gmt":"2025-10-06T13:10:12","slug":"e-mail-manchester","status":"publish","type":"page","link":"https:\/\/www.hgf.com\/fr\/contact\/manchester\/e-mail-manchester\/","title":{"rendered":"E-mail : Manchester"},"content":{"rendered":"<p class=\"p__large\">Si vous souhaitez contacter notre bureau de Manchester et d\u00e9couvrir comment nous pouvons collaborer avec votre entreprise ou pour toute demande g\u00e9n\u00e9rale, veuillez utiliser le formulaire et nous transmettrons votre message au membre le plus qualifi\u00e9 de notre \u00e9quipe.<\/p>\n","protected":false},"excerpt":{"rendered":"<p>Si vous souhaitez contacter notre bureau de Manchester et d\u00e9couvrir comment nous pouvons collaborer avec votre entreprise ou pour toute demande g\u00e9n\u00e9rale, veuillez utiliser le formulaire et nous transmettrons votre &hellip;<\/p>\n","protected":false},"author":374,"featured_media":0,"parent":9004111222135116,"menu_order":0,"comment_status":"closed","ping_status":"closed","template":"views\/template-contact-email.blade.php","meta":{"_acf_changed":false,"footnotes":""},"class_list":["post-9004111222135307","page","type-page","status-publish","hentry"],"acf":[],"yoast_head":"<!-- This site is optimized with the Yoast SEO Premium plugin v27.3 (Yoast SEO v27.3) - https:\/\/yoast.com\/product\/yoast-seo-premium-wordpress\/ -->\n<title>E-mail : Manchester - HGF<\/title>\n<meta name=\"robots\" content=\"index, follow, max-snippet:-1, max-image-preview:large, max-video-preview:-1\" \/>\n<link rel=\"canonical\" href=\"https:\/\/www.hgf.com\/fr\/contact\/manchester\/e-mail-manchester\/\" \/>\n<meta property=\"og:locale\" content=\"fr_FR\" \/>\n<meta property=\"og:type\" content=\"article\" \/>\n<meta property=\"og:title\" content=\"E-mail : Manchester\" \/>\n<meta property=\"og:description\" content=\"Si vous souhaitez contacter notre bureau de Manchester et d\u00e9couvrir comment nous pouvons collaborer avec votre entreprise ou pour toute demande g\u00e9n\u00e9rale,\" \/>\n<meta property=\"og:url\" content=\"https:\/\/www.hgf.com\/fr\/contact\/manchester\/e-mail-manchester\/\" \/>\n<meta property=\"og:site_name\" content=\"HGF\" \/>\n<meta property=\"article:modified_time\" content=\"2025-10-06T13:10:12+00:00\" \/>\n<meta property=\"og:image\" content=\"https:\/\/www.hgf.com\/wp-content\/uploads\/2023\/04\/hgf-logo-1200x675-1.png\" \/>\n\t<meta property=\"og:image:width\" content=\"1200\" \/>\n\t<meta property=\"og:image:height\" content=\"675\" \/>\n\t<meta property=\"og:image:type\" content=\"image\/png\" \/>\n<meta name=\"twitter:card\" content=\"summary_large_image\" \/>\n<meta name=\"twitter:site\" content=\"@hgf_ip\" \/>\n<script type=\"application\/ld+json\" class=\"yoast-schema-graph\">{\"@context\":\"https:\\\/\\\/schema.org\",\"@graph\":[{\"@type\":\"WebPage\",\"@id\":\"https:\\\/\\\/www.hgf.com\\\/fr\\\/contact\\\/manchester\\\/e-mail-manchester\\\/\",\"url\":\"https:\\\/\\\/www.hgf.com\\\/fr\\\/contact\\\/manchester\\\/e-mail-manchester\\\/\",\"name\":\"E-mail : Manchester - HGF\",\"isPartOf\":{\"@id\":\"https:\\\/\\\/www.hgf.com\\\/fr\\\/#website\"},\"datePublished\":\"2020-07-02T11:52:05+00:00\",\"dateModified\":\"2025-10-06T13:10:12+00:00\",\"breadcrumb\":{\"@id\":\"https:\\\/\\\/www.hgf.com\\\/fr\\\/contact\\\/manchester\\\/e-mail-manchester\\\/#breadcrumb\"},\"inLanguage\":\"fr-FR\",\"potentialAction\":[{\"@type\":\"ReadAction\",\"target\":[\"https:\\\/\\\/www.hgf.com\\\/fr\\\/contact\\\/manchester\\\/e-mail-manchester\\\/\"]}]},{\"@type\":\"BreadcrumbList\",\"@id\":\"https:\\\/\\\/www.hgf.com\\\/fr\\\/contact\\\/manchester\\\/e-mail-manchester\\\/#breadcrumb\",\"itemListElement\":[{\"@type\":\"ListItem\",\"position\":1,\"name\":\"Contact\",\"item\":\"https:\\\/\\\/www.hgf.com\\\/fr\\\/contact\\\/\"},{\"@type\":\"ListItem\",\"position\":2,\"name\":\"Manchester\",\"item\":\"https:\\\/\\\/www.hgf.com\\\/fr\\\/contact\\\/manchester\\\/\"},{\"@type\":\"ListItem\",\"position\":3,\"name\":\"E-mail : Manchester\"}]},{\"@type\":\"WebSite\",\"@id\":\"https:\\\/\\\/www.hgf.com\\\/fr\\\/#website\",\"url\":\"https:\\\/\\\/www.hgf.com\\\/fr\\\/\",\"name\":\"HGF\",\"description\":\"Intellectual Property Rights specialists\",\"publisher\":{\"@id\":\"https:\\\/\\\/www.hgf.com\\\/fr\\\/#organization\"},\"potentialAction\":[{\"@type\":\"SearchAction\",\"target\":{\"@type\":\"EntryPoint\",\"urlTemplate\":\"https:\\\/\\\/www.hgf.com\\\/fr\\\/?s={search_term_string}\"},\"query-input\":{\"@type\":\"PropertyValueSpecification\",\"valueRequired\":true,\"valueName\":\"search_term_string\"}}],\"inLanguage\":\"fr-FR\"},{\"@type\":\"Organization\",\"@id\":\"https:\\\/\\\/www.hgf.com\\\/fr\\\/#organization\",\"name\":\"HGF\",\"url\":\"https:\\\/\\\/www.hgf.com\\\/fr\\\/\",\"logo\":{\"@type\":\"ImageObject\",\"inLanguage\":\"fr-FR\",\"@id\":\"https:\\\/\\\/www.hgf.com\\\/fr\\\/#\\\/schema\\\/logo\\\/image\\\/\",\"url\":\"https:\\\/\\\/www.hgf.com\\\/wp-content\\\/uploads\\\/2023\\\/04\\\/hgf-logo-696x696-1.png\",\"contentUrl\":\"https:\\\/\\\/www.hgf.com\\\/wp-content\\\/uploads\\\/2023\\\/04\\\/hgf-logo-696x696-1.png\",\"width\":696,\"height\":696,\"caption\":\"HGF\"},\"image\":{\"@id\":\"https:\\\/\\\/www.hgf.com\\\/fr\\\/#\\\/schema\\\/logo\\\/image\\\/\"},\"sameAs\":[\"https:\\\/\\\/x.com\\\/hgf_ip\",\"https:\\\/\\\/www.linkedin.com\\\/company\\\/hgf-limited-intellectual-property-specialists\\\/\"]}]}<\/script>\n<!-- \/ Yoast SEO Premium plugin. -->","yoast_head_json":{"title":"E-mail : Manchester - HGF","robots":{"index":"index","follow":"follow","max-snippet":"max-snippet:-1","max-image-preview":"max-image-preview:large","max-video-preview":"max-video-preview:-1"},"canonical":"https:\/\/www.hgf.com\/fr\/contact\/manchester\/e-mail-manchester\/","og_locale":"fr_FR","og_type":"article","og_title":"E-mail : Manchester","og_description":"Si vous souhaitez contacter notre bureau de Manchester et d\u00e9couvrir comment nous pouvons collaborer avec votre entreprise ou pour toute demande g\u00e9n\u00e9rale,","og_url":"https:\/\/www.hgf.com\/fr\/contact\/manchester\/e-mail-manchester\/","og_site_name":"HGF","article_modified_time":"2025-10-06T13:10:12+00:00","og_image":[{"width":1200,"height":675,"url":"https:\/\/www.hgf.com\/wp-content\/uploads\/2023\/04\/hgf-logo-1200x675-1.png","type":"image\/png"}],"twitter_card":"summary_large_image","twitter_site":"@hgf_ip","schema":{"@context":"https:\/\/schema.org","@graph":[{"@type":"WebPage","@id":"https:\/\/www.hgf.com\/fr\/contact\/manchester\/e-mail-manchester\/","url":"https:\/\/www.hgf.com\/fr\/contact\/manchester\/e-mail-manchester\/","name":"E-mail : Manchester - HGF","isPartOf":{"@id":"https:\/\/www.hgf.com\/fr\/#website"},"datePublished":"2020-07-02T11:52:05+00:00","dateModified":"2025-10-06T13:10:12+00:00","breadcrumb":{"@id":"https:\/\/www.hgf.com\/fr\/contact\/manchester\/e-mail-manchester\/#breadcrumb"},"inLanguage":"fr-FR","potentialAction":[{"@type":"ReadAction","target":["https:\/\/www.hgf.com\/fr\/contact\/manchester\/e-mail-manchester\/"]}]},{"@type":"BreadcrumbList","@id":"https:\/\/www.hgf.com\/fr\/contact\/manchester\/e-mail-manchester\/#breadcrumb","itemListElement":[{"@type":"ListItem","position":1,"name":"Contact","item":"https:\/\/www.hgf.com\/fr\/contact\/"},{"@type":"ListItem","position":2,"name":"Manchester","item":"https:\/\/www.hgf.com\/fr\/contact\/manchester\/"},{"@type":"ListItem","position":3,"name":"E-mail : Manchester"}]},{"@type":"WebSite","@id":"https:\/\/www.hgf.com\/fr\/#website","url":"https:\/\/www.hgf.com\/fr\/","name":"HGF","description":"Intellectual Property Rights specialists","publisher":{"@id":"https:\/\/www.hgf.com\/fr\/#organization"},"potentialAction":[{"@type":"SearchAction","target":{"@type":"EntryPoint","urlTemplate":"https:\/\/www.hgf.com\/fr\/?s={search_term_string}"},"query-input":{"@type":"PropertyValueSpecification","valueRequired":true,"valueName":"search_term_string"}}],"inLanguage":"fr-FR"},{"@type":"Organization","@id":"https:\/\/www.hgf.com\/fr\/#organization","name":"HGF","url":"https:\/\/www.hgf.com\/fr\/","logo":{"@type":"ImageObject","inLanguage":"fr-FR","@id":"https:\/\/www.hgf.com\/fr\/#\/schema\/logo\/image\/","url":"https:\/\/www.hgf.com\/wp-content\/uploads\/2023\/04\/hgf-logo-696x696-1.png","contentUrl":"https:\/\/www.hgf.com\/wp-content\/uploads\/2023\/04\/hgf-logo-696x696-1.png","width":696,"height":696,"caption":"HGF"},"image":{"@id":"https:\/\/www.hgf.com\/fr\/#\/schema\/logo\/image\/"},"sameAs":["https:\/\/x.com\/hgf_ip","https:\/\/www.linkedin.com\/company\/hgf-limited-intellectual-property-specialists\/"]}]}},"_links":{"self":[{"href":"https:\/\/www.hgf.com\/fr\/wp-json\/wp\/v2\/pages\/9004111222135307","targetHints":{"allow":["GET"]}}],"collection":[{"href":"https:\/\/www.hgf.com\/fr\/wp-json\/wp\/v2\/pages"}],"about":[{"href":"https:\/\/www.hgf.com\/fr\/wp-json\/wp\/v2\/types\/page"}],"author":[{"embeddable":true,"href":"https:\/\/www.hgf.com\/fr\/wp-json\/wp\/v2\/users\/374"}],"replies":[{"embeddable":true,"href":"https:\/\/www.hgf.com\/fr\/wp-json\/wp\/v2\/comments?post=9004111222135307"}],"version-history":[{"count":0,"href":"https:\/\/www.hgf.com\/fr\/wp-json\/wp\/v2\/pages\/9004111222135307\/revisions"}],"up":[{"embeddable":true,"href":"https:\/\/www.hgf.com\/fr\/wp-json\/wp\/v2\/pages\/9004111222135116"}],"wp:attachment":[{"href":"https:\/\/www.hgf.com\/fr\/wp-json\/wp\/v2\/media?parent=9004111222135307"}],"curies":[{"name":"wp","href":"https:\/\/api.w.org\/{rel}","templated":true}]}}