{"id":9004111222135299,"date":"2020-06-26T19:03:17","date_gmt":"2020-06-26T18:03:17","guid":{"rendered":"https:\/\/www.hgf.com\/?page_id=9004111222135299"},"modified":"2026-02-25T09:43:22","modified_gmt":"2026-02-25T09:43:22","slug":"leeds","status":"publish","type":"page","link":"https:\/\/www.hgf.com\/fr\/contact\/leeds\/","title":{"rendered":"Leeds"},"content":{"rendered":"<p class=\"EpiphanyBody p__large\">HGF Leeds est le si\u00e8ge social de notre cabinet, situ\u00e9 au c\u0153ur de la ville. Offrant des services complets en mati\u00e8re de PI, notre \u00e9quipe de Leeds travaille en \u00e9troite collaboration avec les clients pour comprendre pleinement leur activit\u00e9, maximiser le potentiel de leur PI et minimiser les risques gr\u00e2ce \u00e0 des conseils techniques et commercialement pertinents.<\/p>\n<p class=\"EpiphanyBody\">Nos \u00e9quipes de marques et de brevets bas\u00e9es \u00e0 Leeds sont sp\u00e9cialis\u00e9es en droit, marques, chimie et ing\u00e9nierie. Nous sommes passionn\u00e9s par le d\u00e9veloppement continu des id\u00e9es et de la technologie dans le Yorkshire et le Nord-Est et entretenons des relations solides au sein de la communaut\u00e9 d&#8217;affaires locale.<\/p>\n","protected":false},"excerpt":{"rendered":"<p>HGF Leeds est le si\u00e8ge social de notre cabinet, situ\u00e9 au c\u0153ur de la ville. Offrant des services complets en mati\u00e8re de PI, notre \u00e9quipe de Leeds travaille en \u00e9troite &hellip;<\/p>\n","protected":false},"author":374,"featured_media":0,"parent":9004111222135186,"menu_order":0,"comment_status":"closed","ping_status":"closed","template":"views\/template-office.blade.php","meta":{"_acf_changed":false,"footnotes":""},"class_list":["post-9004111222135299","page","type-page","status-publish","hentry"],"acf":[],"yoast_head":"<!-- This site is optimized with the Yoast SEO Premium plugin v27.5 (Yoast SEO v27.5) - https:\/\/yoast.com\/product\/yoast-seo-premium-wordpress\/ -->\n<title>Contactez notre bureau \u00e0 Leeds - HGF<\/title>\n<meta name=\"description\" content=\"Contactez directement notre \u00e9quipe HGF \u00e0 Leeds pour d\u00e9couvrir comment nous pouvons collaborer avec votre entreprise.\" \/>\n<meta name=\"robots\" content=\"index, follow, max-snippet:-1, max-image-preview:large, max-video-preview:-1\" \/>\n<link rel=\"canonical\" href=\"https:\/\/www.hgf.com\/fr\/contact\/leeds\/\" \/>\n<meta property=\"og:locale\" content=\"fr_FR\" \/>\n<meta property=\"og:type\" content=\"article\" \/>\n<meta property=\"og:title\" content=\"Leeds\" \/>\n<meta property=\"og:description\" content=\"HGF Leeds est le si\u00e8ge social de notre cabinet, situ\u00e9 au c\u0153ur de la ville. Offrant des services complets en mati\u00e8re de PI, notre \u00e9quipe de Leeds travaille\" \/>\n<meta property=\"og:url\" content=\"https:\/\/www.hgf.com\/fr\/contact\/leeds\/\" \/>\n<meta property=\"og:site_name\" content=\"HGF\" \/>\n<meta property=\"article:modified_time\" content=\"2026-02-25T09:43:22+00:00\" \/>\n<meta property=\"og:image\" content=\"https:\/\/www.hgf.com\/wp-content\/uploads\/2023\/04\/hgf-logo-1200x675-1.png\" \/>\n\t<meta property=\"og:image:width\" content=\"1200\" \/>\n\t<meta property=\"og:image:height\" content=\"675\" \/>\n\t<meta property=\"og:image:type\" content=\"image\/png\" \/>\n<meta name=\"twitter:card\" content=\"summary_large_image\" \/>\n<meta name=\"twitter:site\" content=\"@hgf_ip\" \/>\n<meta name=\"twitter:label1\" content=\"Dur\u00e9e de lecture estim\u00e9e\" \/>\n\t<meta name=\"twitter:data1\" content=\"1 minute\" \/>\n<script type=\"application\/ld+json\" class=\"yoast-schema-graph\">{\"@context\":\"https:\\\/\\\/schema.org\",\"@graph\":[{\"@type\":\"WebPage\",\"@id\":\"https:\\\/\\\/www.hgf.com\\\/fr\\\/contact\\\/leeds\\\/\",\"url\":\"https:\\\/\\\/www.hgf.com\\\/fr\\\/contact\\\/leeds\\\/\",\"name\":\"Contactez notre bureau \u00e0 Leeds - HGF\",\"isPartOf\":{\"@id\":\"https:\\\/\\\/www.hgf.com\\\/fr\\\/#website\"},\"datePublished\":\"2020-06-26T18:03:17+00:00\",\"dateModified\":\"2026-02-25T09:43:22+00:00\",\"description\":\"Contactez directement notre \u00e9quipe HGF \u00e0 Leeds pour d\u00e9couvrir comment nous pouvons collaborer avec votre entreprise.\",\"breadcrumb\":{\"@id\":\"https:\\\/\\\/www.hgf.com\\\/fr\\\/contact\\\/leeds\\\/#breadcrumb\"},\"inLanguage\":\"fr-FR\",\"potentialAction\":[{\"@type\":\"ReadAction\",\"target\":[\"https:\\\/\\\/www.hgf.com\\\/fr\\\/contact\\\/leeds\\\/\"]}]},{\"@type\":\"BreadcrumbList\",\"@id\":\"https:\\\/\\\/www.hgf.com\\\/fr\\\/contact\\\/leeds\\\/#breadcrumb\",\"itemListElement\":[{\"@type\":\"ListItem\",\"position\":1,\"name\":\"Contact\",\"item\":\"https:\\\/\\\/www.hgf.com\\\/fr\\\/contact\\\/\"},{\"@type\":\"ListItem\",\"position\":2,\"name\":\"Leeds\"}]},{\"@type\":\"WebSite\",\"@id\":\"https:\\\/\\\/www.hgf.com\\\/fr\\\/#website\",\"url\":\"https:\\\/\\\/www.hgf.com\\\/fr\\\/\",\"name\":\"HGF\",\"description\":\"Intellectual Property Rights specialists\",\"publisher\":{\"@id\":\"https:\\\/\\\/www.hgf.com\\\/fr\\\/#organization\"},\"potentialAction\":[{\"@type\":\"SearchAction\",\"target\":{\"@type\":\"EntryPoint\",\"urlTemplate\":\"https:\\\/\\\/www.hgf.com\\\/fr\\\/?s={search_term_string}\"},\"query-input\":{\"@type\":\"PropertyValueSpecification\",\"valueRequired\":true,\"valueName\":\"search_term_string\"}}],\"inLanguage\":\"fr-FR\"},{\"@type\":\"Organization\",\"@id\":\"https:\\\/\\\/www.hgf.com\\\/fr\\\/#organization\",\"name\":\"HGF\",\"url\":\"https:\\\/\\\/www.hgf.com\\\/fr\\\/\",\"logo\":{\"@type\":\"ImageObject\",\"inLanguage\":\"fr-FR\",\"@id\":\"https:\\\/\\\/www.hgf.com\\\/fr\\\/#\\\/schema\\\/logo\\\/image\\\/\",\"url\":\"https:\\\/\\\/www.hgf.com\\\/wp-content\\\/uploads\\\/2023\\\/04\\\/hgf-logo-696x696-1.png\",\"contentUrl\":\"https:\\\/\\\/www.hgf.com\\\/wp-content\\\/uploads\\\/2023\\\/04\\\/hgf-logo-696x696-1.png\",\"width\":696,\"height\":696,\"caption\":\"HGF\"},\"image\":{\"@id\":\"https:\\\/\\\/www.hgf.com\\\/fr\\\/#\\\/schema\\\/logo\\\/image\\\/\"},\"sameAs\":[\"https:\\\/\\\/x.com\\\/hgf_ip\",\"https:\\\/\\\/www.linkedin.com\\\/company\\\/hgf-limited-intellectual-property-specialists\\\/\"]}]}<\/script>\n<!-- \/ Yoast SEO Premium plugin. -->","yoast_head_json":{"title":"Contactez notre bureau \u00e0 Leeds - HGF","description":"Contactez directement notre \u00e9quipe HGF \u00e0 Leeds pour d\u00e9couvrir comment nous pouvons collaborer avec votre entreprise.","robots":{"index":"index","follow":"follow","max-snippet":"max-snippet:-1","max-image-preview":"max-image-preview:large","max-video-preview":"max-video-preview:-1"},"canonical":"https:\/\/www.hgf.com\/fr\/contact\/leeds\/","og_locale":"fr_FR","og_type":"article","og_title":"Leeds","og_description":"HGF Leeds est le si\u00e8ge social de notre cabinet, situ\u00e9 au c\u0153ur de la ville. Offrant des services complets en mati\u00e8re de PI, notre \u00e9quipe de Leeds travaille","og_url":"https:\/\/www.hgf.com\/fr\/contact\/leeds\/","og_site_name":"HGF","article_modified_time":"2026-02-25T09:43:22+00:00","og_image":[{"width":1200,"height":675,"url":"https:\/\/www.hgf.com\/wp-content\/uploads\/2023\/04\/hgf-logo-1200x675-1.png","type":"image\/png"}],"twitter_card":"summary_large_image","twitter_site":"@hgf_ip","twitter_misc":{"Dur\u00e9e de lecture estim\u00e9e":"1 minute"},"schema":{"@context":"https:\/\/schema.org","@graph":[{"@type":"WebPage","@id":"https:\/\/www.hgf.com\/fr\/contact\/leeds\/","url":"https:\/\/www.hgf.com\/fr\/contact\/leeds\/","name":"Contactez notre bureau \u00e0 Leeds - HGF","isPartOf":{"@id":"https:\/\/www.hgf.com\/fr\/#website"},"datePublished":"2020-06-26T18:03:17+00:00","dateModified":"2026-02-25T09:43:22+00:00","description":"Contactez directement notre \u00e9quipe HGF \u00e0 Leeds pour d\u00e9couvrir comment nous pouvons collaborer avec votre entreprise.","breadcrumb":{"@id":"https:\/\/www.hgf.com\/fr\/contact\/leeds\/#breadcrumb"},"inLanguage":"fr-FR","potentialAction":[{"@type":"ReadAction","target":["https:\/\/www.hgf.com\/fr\/contact\/leeds\/"]}]},{"@type":"BreadcrumbList","@id":"https:\/\/www.hgf.com\/fr\/contact\/leeds\/#breadcrumb","itemListElement":[{"@type":"ListItem","position":1,"name":"Contact","item":"https:\/\/www.hgf.com\/fr\/contact\/"},{"@type":"ListItem","position":2,"name":"Leeds"}]},{"@type":"WebSite","@id":"https:\/\/www.hgf.com\/fr\/#website","url":"https:\/\/www.hgf.com\/fr\/","name":"HGF","description":"Intellectual Property Rights specialists","publisher":{"@id":"https:\/\/www.hgf.com\/fr\/#organization"},"potentialAction":[{"@type":"SearchAction","target":{"@type":"EntryPoint","urlTemplate":"https:\/\/www.hgf.com\/fr\/?s={search_term_string}"},"query-input":{"@type":"PropertyValueSpecification","valueRequired":true,"valueName":"search_term_string"}}],"inLanguage":"fr-FR"},{"@type":"Organization","@id":"https:\/\/www.hgf.com\/fr\/#organization","name":"HGF","url":"https:\/\/www.hgf.com\/fr\/","logo":{"@type":"ImageObject","inLanguage":"fr-FR","@id":"https:\/\/www.hgf.com\/fr\/#\/schema\/logo\/image\/","url":"https:\/\/www.hgf.com\/wp-content\/uploads\/2023\/04\/hgf-logo-696x696-1.png","contentUrl":"https:\/\/www.hgf.com\/wp-content\/uploads\/2023\/04\/hgf-logo-696x696-1.png","width":696,"height":696,"caption":"HGF"},"image":{"@id":"https:\/\/www.hgf.com\/fr\/#\/schema\/logo\/image\/"},"sameAs":["https:\/\/x.com\/hgf_ip","https:\/\/www.linkedin.com\/company\/hgf-limited-intellectual-property-specialists\/"]}]}},"_links":{"self":[{"href":"https:\/\/www.hgf.com\/fr\/wp-json\/wp\/v2\/pages\/9004111222135299","targetHints":{"allow":["GET"]}}],"collection":[{"href":"https:\/\/www.hgf.com\/fr\/wp-json\/wp\/v2\/pages"}],"about":[{"href":"https:\/\/www.hgf.com\/fr\/wp-json\/wp\/v2\/types\/page"}],"author":[{"embeddable":true,"href":"https:\/\/www.hgf.com\/fr\/wp-json\/wp\/v2\/users\/374"}],"replies":[{"embeddable":true,"href":"https:\/\/www.hgf.com\/fr\/wp-json\/wp\/v2\/comments?post=9004111222135299"}],"version-history":[{"count":0,"href":"https:\/\/www.hgf.com\/fr\/wp-json\/wp\/v2\/pages\/9004111222135299\/revisions"}],"up":[{"embeddable":true,"href":"https:\/\/www.hgf.com\/fr\/wp-json\/wp\/v2\/pages\/9004111222135186"}],"wp:attachment":[{"href":"https:\/\/www.hgf.com\/fr\/wp-json\/wp\/v2\/media?parent=9004111222135299"}],"curies":[{"name":"wp","href":"https:\/\/api.w.org\/{rel}","templated":true}]}}