{"id":9004111222135285,"date":"2020-06-26T18:46:08","date_gmt":"2020-06-26T17:46:08","guid":{"rendered":"https:\/\/www.hgf.com\/?page_id=9004111222135285"},"modified":"2025-10-06T13:46:24","modified_gmt":"2025-10-06T12:46:24","slug":"berne","status":"publish","type":"page","link":"https:\/\/www.hgf.com\/fr\/contact\/berne\/","title":{"rendered":"Berne"},"content":{"rendered":"<p class=\"p__large\">Le bureau de HGF \u00e0 Berne est situ\u00e9 dans le b\u00e2timent sitem-insel, l&#8217;Institut suisse de m\u00e9decine translationnelle et entrepreneuriale, un centre d&#8217;excellence qui aide \u00e0 faire passer l&#8217;innovation de la recherche du laboratoire aux produits commercialisables.<\/p>\n<p>L&#8217;\u00e9quipe de juristes de HGF \u00e0 Berne fournit une expertise en mati\u00e8re de propri\u00e9t\u00e9 intellectuelle aux clients locaux et internationaux sur tous les aspects des produits pharmaceutiques, des sciences de la vie, des dispositifs m\u00e9dicaux et de la chimie, y compris la r\u00e9daction et la poursuite de brevets, la strat\u00e9gie de propri\u00e9t\u00e9 intellectuelle et la diligence raisonnable en mati\u00e8re de propri\u00e9t\u00e9 intellectuelle.<\/p>\n","protected":false},"excerpt":{"rendered":"<p>Le bureau de HGF \u00e0 Berne est situ\u00e9 dans le b\u00e2timent sitem-insel, l&#8217;Institut suisse de m\u00e9decine translationnelle et entrepreneuriale, un centre d&#8217;excellence qui aide \u00e0 faire passer l&#8217;innovation de la &hellip;<\/p>\n","protected":false},"author":374,"featured_media":0,"parent":9004111222135186,"menu_order":0,"comment_status":"closed","ping_status":"closed","template":"views\/template-office.blade.php","meta":{"_acf_changed":false,"footnotes":""},"class_list":["post-9004111222135285","page","type-page","status-publish","hentry"],"acf":[],"yoast_head":"<!-- This site is optimized with the Yoast SEO Premium plugin v27.5 (Yoast SEO v27.5) - https:\/\/yoast.com\/product\/yoast-seo-premium-wordpress\/ -->\n<title>Contactez notre bureau \u00e0 Berne - HGF<\/title>\n<meta name=\"description\" content=\"Contactez directement notre \u00e9quipe HGF \u00e0 Berne pour d\u00e9couvrir comment nous pouvons collaborer avec votre entreprise.\" \/>\n<meta name=\"robots\" content=\"index, follow, max-snippet:-1, max-image-preview:large, max-video-preview:-1\" \/>\n<link rel=\"canonical\" href=\"https:\/\/www.hgf.com\/fr\/contact\/berne\/\" \/>\n<meta property=\"og:locale\" content=\"fr_FR\" \/>\n<meta property=\"og:type\" content=\"article\" \/>\n<meta property=\"og:title\" content=\"Berne\" \/>\n<meta property=\"og:description\" content=\"Le bureau de HGF \u00e0 Berne est situ\u00e9 dans le b\u00e2timent sitem-insel, l&#039;Institut suisse de m\u00e9decine translationnelle et entrepreneuriale, un centre\" \/>\n<meta property=\"og:url\" content=\"https:\/\/www.hgf.com\/fr\/contact\/berne\/\" \/>\n<meta property=\"og:site_name\" content=\"HGF\" \/>\n<meta property=\"article:modified_time\" content=\"2025-10-06T12:46:24+00:00\" \/>\n<meta property=\"og:image\" content=\"https:\/\/www.hgf.com\/wp-content\/uploads\/2023\/04\/hgf-logo-1200x675-1.png\" \/>\n\t<meta property=\"og:image:width\" content=\"1200\" \/>\n\t<meta property=\"og:image:height\" content=\"675\" \/>\n\t<meta property=\"og:image:type\" content=\"image\/png\" \/>\n<meta name=\"twitter:card\" content=\"summary_large_image\" \/>\n<meta name=\"twitter:site\" content=\"@hgf_ip\" \/>\n<meta name=\"twitter:label1\" content=\"Dur\u00e9e de lecture estim\u00e9e\" \/>\n\t<meta name=\"twitter:data1\" content=\"1 minute\" \/>\n<script type=\"application\/ld+json\" class=\"yoast-schema-graph\">{\"@context\":\"https:\\\/\\\/schema.org\",\"@graph\":[{\"@type\":\"WebPage\",\"@id\":\"https:\\\/\\\/www.hgf.com\\\/fr\\\/contact\\\/berne\\\/\",\"url\":\"https:\\\/\\\/www.hgf.com\\\/fr\\\/contact\\\/berne\\\/\",\"name\":\"Contactez notre bureau \u00e0 Berne - HGF\",\"isPartOf\":{\"@id\":\"https:\\\/\\\/www.hgf.com\\\/fr\\\/#website\"},\"datePublished\":\"2020-06-26T17:46:08+00:00\",\"dateModified\":\"2025-10-06T12:46:24+00:00\",\"description\":\"Contactez directement notre \u00e9quipe HGF \u00e0 Berne pour d\u00e9couvrir comment nous pouvons collaborer avec votre entreprise.\",\"breadcrumb\":{\"@id\":\"https:\\\/\\\/www.hgf.com\\\/fr\\\/contact\\\/berne\\\/#breadcrumb\"},\"inLanguage\":\"fr-FR\",\"potentialAction\":[{\"@type\":\"ReadAction\",\"target\":[\"https:\\\/\\\/www.hgf.com\\\/fr\\\/contact\\\/berne\\\/\"]}]},{\"@type\":\"BreadcrumbList\",\"@id\":\"https:\\\/\\\/www.hgf.com\\\/fr\\\/contact\\\/berne\\\/#breadcrumb\",\"itemListElement\":[{\"@type\":\"ListItem\",\"position\":1,\"name\":\"Contact\",\"item\":\"https:\\\/\\\/www.hgf.com\\\/fr\\\/contact\\\/\"},{\"@type\":\"ListItem\",\"position\":2,\"name\":\"Berne\"}]},{\"@type\":\"WebSite\",\"@id\":\"https:\\\/\\\/www.hgf.com\\\/fr\\\/#website\",\"url\":\"https:\\\/\\\/www.hgf.com\\\/fr\\\/\",\"name\":\"HGF\",\"description\":\"Intellectual Property Rights specialists\",\"publisher\":{\"@id\":\"https:\\\/\\\/www.hgf.com\\\/fr\\\/#organization\"},\"potentialAction\":[{\"@type\":\"SearchAction\",\"target\":{\"@type\":\"EntryPoint\",\"urlTemplate\":\"https:\\\/\\\/www.hgf.com\\\/fr\\\/?s={search_term_string}\"},\"query-input\":{\"@type\":\"PropertyValueSpecification\",\"valueRequired\":true,\"valueName\":\"search_term_string\"}}],\"inLanguage\":\"fr-FR\"},{\"@type\":\"Organization\",\"@id\":\"https:\\\/\\\/www.hgf.com\\\/fr\\\/#organization\",\"name\":\"HGF\",\"url\":\"https:\\\/\\\/www.hgf.com\\\/fr\\\/\",\"logo\":{\"@type\":\"ImageObject\",\"inLanguage\":\"fr-FR\",\"@id\":\"https:\\\/\\\/www.hgf.com\\\/fr\\\/#\\\/schema\\\/logo\\\/image\\\/\",\"url\":\"https:\\\/\\\/www.hgf.com\\\/wp-content\\\/uploads\\\/2023\\\/04\\\/hgf-logo-696x696-1.png\",\"contentUrl\":\"https:\\\/\\\/www.hgf.com\\\/wp-content\\\/uploads\\\/2023\\\/04\\\/hgf-logo-696x696-1.png\",\"width\":696,\"height\":696,\"caption\":\"HGF\"},\"image\":{\"@id\":\"https:\\\/\\\/www.hgf.com\\\/fr\\\/#\\\/schema\\\/logo\\\/image\\\/\"},\"sameAs\":[\"https:\\\/\\\/x.com\\\/hgf_ip\",\"https:\\\/\\\/www.linkedin.com\\\/company\\\/hgf-limited-intellectual-property-specialists\\\/\"]}]}<\/script>\n<!-- \/ Yoast SEO Premium plugin. -->","yoast_head_json":{"title":"Contactez notre bureau \u00e0 Berne - HGF","description":"Contactez directement notre \u00e9quipe HGF \u00e0 Berne pour d\u00e9couvrir comment nous pouvons collaborer avec votre entreprise.","robots":{"index":"index","follow":"follow","max-snippet":"max-snippet:-1","max-image-preview":"max-image-preview:large","max-video-preview":"max-video-preview:-1"},"canonical":"https:\/\/www.hgf.com\/fr\/contact\/berne\/","og_locale":"fr_FR","og_type":"article","og_title":"Berne","og_description":"Le bureau de HGF \u00e0 Berne est situ\u00e9 dans le b\u00e2timent sitem-insel, l'Institut suisse de m\u00e9decine translationnelle et entrepreneuriale, un centre","og_url":"https:\/\/www.hgf.com\/fr\/contact\/berne\/","og_site_name":"HGF","article_modified_time":"2025-10-06T12:46:24+00:00","og_image":[{"width":1200,"height":675,"url":"https:\/\/www.hgf.com\/wp-content\/uploads\/2023\/04\/hgf-logo-1200x675-1.png","type":"image\/png"}],"twitter_card":"summary_large_image","twitter_site":"@hgf_ip","twitter_misc":{"Dur\u00e9e de lecture estim\u00e9e":"1 minute"},"schema":{"@context":"https:\/\/schema.org","@graph":[{"@type":"WebPage","@id":"https:\/\/www.hgf.com\/fr\/contact\/berne\/","url":"https:\/\/www.hgf.com\/fr\/contact\/berne\/","name":"Contactez notre bureau \u00e0 Berne - HGF","isPartOf":{"@id":"https:\/\/www.hgf.com\/fr\/#website"},"datePublished":"2020-06-26T17:46:08+00:00","dateModified":"2025-10-06T12:46:24+00:00","description":"Contactez directement notre \u00e9quipe HGF \u00e0 Berne pour d\u00e9couvrir comment nous pouvons collaborer avec votre entreprise.","breadcrumb":{"@id":"https:\/\/www.hgf.com\/fr\/contact\/berne\/#breadcrumb"},"inLanguage":"fr-FR","potentialAction":[{"@type":"ReadAction","target":["https:\/\/www.hgf.com\/fr\/contact\/berne\/"]}]},{"@type":"BreadcrumbList","@id":"https:\/\/www.hgf.com\/fr\/contact\/berne\/#breadcrumb","itemListElement":[{"@type":"ListItem","position":1,"name":"Contact","item":"https:\/\/www.hgf.com\/fr\/contact\/"},{"@type":"ListItem","position":2,"name":"Berne"}]},{"@type":"WebSite","@id":"https:\/\/www.hgf.com\/fr\/#website","url":"https:\/\/www.hgf.com\/fr\/","name":"HGF","description":"Intellectual Property Rights specialists","publisher":{"@id":"https:\/\/www.hgf.com\/fr\/#organization"},"potentialAction":[{"@type":"SearchAction","target":{"@type":"EntryPoint","urlTemplate":"https:\/\/www.hgf.com\/fr\/?s={search_term_string}"},"query-input":{"@type":"PropertyValueSpecification","valueRequired":true,"valueName":"search_term_string"}}],"inLanguage":"fr-FR"},{"@type":"Organization","@id":"https:\/\/www.hgf.com\/fr\/#organization","name":"HGF","url":"https:\/\/www.hgf.com\/fr\/","logo":{"@type":"ImageObject","inLanguage":"fr-FR","@id":"https:\/\/www.hgf.com\/fr\/#\/schema\/logo\/image\/","url":"https:\/\/www.hgf.com\/wp-content\/uploads\/2023\/04\/hgf-logo-696x696-1.png","contentUrl":"https:\/\/www.hgf.com\/wp-content\/uploads\/2023\/04\/hgf-logo-696x696-1.png","width":696,"height":696,"caption":"HGF"},"image":{"@id":"https:\/\/www.hgf.com\/fr\/#\/schema\/logo\/image\/"},"sameAs":["https:\/\/x.com\/hgf_ip","https:\/\/www.linkedin.com\/company\/hgf-limited-intellectual-property-specialists\/"]}]}},"_links":{"self":[{"href":"https:\/\/www.hgf.com\/fr\/wp-json\/wp\/v2\/pages\/9004111222135285","targetHints":{"allow":["GET"]}}],"collection":[{"href":"https:\/\/www.hgf.com\/fr\/wp-json\/wp\/v2\/pages"}],"about":[{"href":"https:\/\/www.hgf.com\/fr\/wp-json\/wp\/v2\/types\/page"}],"author":[{"embeddable":true,"href":"https:\/\/www.hgf.com\/fr\/wp-json\/wp\/v2\/users\/374"}],"replies":[{"embeddable":true,"href":"https:\/\/www.hgf.com\/fr\/wp-json\/wp\/v2\/comments?post=9004111222135285"}],"version-history":[{"count":0,"href":"https:\/\/www.hgf.com\/fr\/wp-json\/wp\/v2\/pages\/9004111222135285\/revisions"}],"up":[{"embeddable":true,"href":"https:\/\/www.hgf.com\/fr\/wp-json\/wp\/v2\/pages\/9004111222135186"}],"wp:attachment":[{"href":"https:\/\/www.hgf.com\/fr\/wp-json\/wp\/v2\/media?parent=9004111222135285"}],"curies":[{"name":"wp","href":"https:\/\/api.w.org\/{rel}","templated":true}]}}