{"id":9004111222135107,"date":"2020-06-26T19:18:15","date_gmt":"2020-06-26T18:18:15","guid":{"rendered":"https:\/\/www.hgf.com\/?page_id=9004111222135107"},"modified":"2025-10-06T13:57:04","modified_gmt":"2025-10-06T12:57:04","slug":"salzbourg","status":"publish","type":"page","link":"https:\/\/www.hgf.com\/fr\/contact\/salzbourg\/","title":{"rendered":"Salzbourg"},"content":{"rendered":"<div class=\"intro text-content-container\">\n<p class=\"p__large\">Situ\u00e9 au bord de la rivi\u00e8re Salzach historique, HGF Salzbourg a \u00e9t\u00e9 lanc\u00e9 suite \u00e0 la fusion de HGF et Patronus IP en 2019 afin de fournir des services de propri\u00e9t\u00e9 intellectuelle \u00e0 la base d&#8217;entreprises technologiques en pleine croissance de la ville.<\/p>\n<\/div>\n<p>L&#8217;\u00e9quipe de Salzbourg poss\u00e8de une expertise particuli\u00e8re en physique et en g\u00e9nie \u00e9lectrique, en construction de machines, en science des mat\u00e9riaux et en m\u00e9tallurgie, en chimie et en biologie, et fournit une gamme compl\u00e8te de services de propri\u00e9t\u00e9 intellectuelle aux \u00e9tablissements universitaires, aux PME et aux multinationales.<\/p>\n","protected":false},"excerpt":{"rendered":"<p>Situ\u00e9 au bord de la rivi\u00e8re Salzach historique, HGF Salzbourg a \u00e9t\u00e9 lanc\u00e9 suite \u00e0 la fusion de HGF et Patronus IP en 2019 afin de fournir des services de &hellip;<\/p>\n","protected":false},"author":374,"featured_media":0,"parent":9004111222135186,"menu_order":0,"comment_status":"closed","ping_status":"closed","template":"views\/template-office.blade.php","meta":{"_acf_changed":false,"footnotes":""},"class_list":["post-9004111222135107","page","type-page","status-publish","hentry"],"acf":[],"yoast_head":"<!-- This site is optimized with the Yoast SEO Premium plugin v27.5 (Yoast SEO v27.5) - https:\/\/yoast.com\/product\/yoast-seo-premium-wordpress\/ -->\n<title>Contactez notre bureau \u00e0 Salzbourg - HGF<\/title>\n<meta name=\"description\" content=\"Contactez directement notre \u00e9quipe HGF \u00e0 Salzbourg pour d\u00e9couvrir comment nous pouvons collaborer avec votre entreprise.\" \/>\n<meta name=\"robots\" content=\"index, follow, max-snippet:-1, max-image-preview:large, max-video-preview:-1\" \/>\n<link rel=\"canonical\" href=\"https:\/\/www.hgf.com\/fr\/contact\/salzbourg\/\" \/>\n<meta property=\"og:locale\" content=\"fr_FR\" \/>\n<meta property=\"og:type\" content=\"article\" \/>\n<meta property=\"og:title\" content=\"Salzbourg\" \/>\n<meta property=\"og:description\" content=\"Situ\u00e9 au bord de la rivi\u00e8re Salzach historique, HGF Salzbourg a \u00e9t\u00e9 lanc\u00e9 suite \u00e0 la fusion de HGF et Patronus IP en 2019 afin de fournir des services de\" \/>\n<meta property=\"og:url\" content=\"https:\/\/www.hgf.com\/fr\/contact\/salzbourg\/\" \/>\n<meta property=\"og:site_name\" content=\"HGF\" \/>\n<meta property=\"article:modified_time\" content=\"2025-10-06T12:57:04+00:00\" \/>\n<meta property=\"og:image\" content=\"https:\/\/www.hgf.com\/wp-content\/uploads\/2023\/04\/hgf-logo-1200x675-1.png\" \/>\n\t<meta property=\"og:image:width\" content=\"1200\" \/>\n\t<meta property=\"og:image:height\" content=\"675\" \/>\n\t<meta property=\"og:image:type\" content=\"image\/png\" \/>\n<meta name=\"twitter:card\" content=\"summary_large_image\" \/>\n<meta name=\"twitter:site\" content=\"@hgf_ip\" \/>\n<script type=\"application\/ld+json\" class=\"yoast-schema-graph\">{\"@context\":\"https:\\\/\\\/schema.org\",\"@graph\":[{\"@type\":\"WebPage\",\"@id\":\"https:\\\/\\\/www.hgf.com\\\/fr\\\/contact\\\/salzbourg\\\/\",\"url\":\"https:\\\/\\\/www.hgf.com\\\/fr\\\/contact\\\/salzbourg\\\/\",\"name\":\"Contactez notre bureau \u00e0 Salzbourg - HGF\",\"isPartOf\":{\"@id\":\"https:\\\/\\\/www.hgf.com\\\/fr\\\/#website\"},\"datePublished\":\"2020-06-26T18:18:15+00:00\",\"dateModified\":\"2025-10-06T12:57:04+00:00\",\"description\":\"Contactez directement notre \u00e9quipe HGF \u00e0 Salzbourg pour d\u00e9couvrir comment nous pouvons collaborer avec votre entreprise.\",\"breadcrumb\":{\"@id\":\"https:\\\/\\\/www.hgf.com\\\/fr\\\/contact\\\/salzbourg\\\/#breadcrumb\"},\"inLanguage\":\"fr-FR\",\"potentialAction\":[{\"@type\":\"ReadAction\",\"target\":[\"https:\\\/\\\/www.hgf.com\\\/fr\\\/contact\\\/salzbourg\\\/\"]}]},{\"@type\":\"BreadcrumbList\",\"@id\":\"https:\\\/\\\/www.hgf.com\\\/fr\\\/contact\\\/salzbourg\\\/#breadcrumb\",\"itemListElement\":[{\"@type\":\"ListItem\",\"position\":1,\"name\":\"Contact\",\"item\":\"https:\\\/\\\/www.hgf.com\\\/fr\\\/contact\\\/\"},{\"@type\":\"ListItem\",\"position\":2,\"name\":\"Salzbourg\"}]},{\"@type\":\"WebSite\",\"@id\":\"https:\\\/\\\/www.hgf.com\\\/fr\\\/#website\",\"url\":\"https:\\\/\\\/www.hgf.com\\\/fr\\\/\",\"name\":\"HGF\",\"description\":\"Intellectual Property Rights specialists\",\"publisher\":{\"@id\":\"https:\\\/\\\/www.hgf.com\\\/fr\\\/#organization\"},\"potentialAction\":[{\"@type\":\"SearchAction\",\"target\":{\"@type\":\"EntryPoint\",\"urlTemplate\":\"https:\\\/\\\/www.hgf.com\\\/fr\\\/?s={search_term_string}\"},\"query-input\":{\"@type\":\"PropertyValueSpecification\",\"valueRequired\":true,\"valueName\":\"search_term_string\"}}],\"inLanguage\":\"fr-FR\"},{\"@type\":\"Organization\",\"@id\":\"https:\\\/\\\/www.hgf.com\\\/fr\\\/#organization\",\"name\":\"HGF\",\"url\":\"https:\\\/\\\/www.hgf.com\\\/fr\\\/\",\"logo\":{\"@type\":\"ImageObject\",\"inLanguage\":\"fr-FR\",\"@id\":\"https:\\\/\\\/www.hgf.com\\\/fr\\\/#\\\/schema\\\/logo\\\/image\\\/\",\"url\":\"https:\\\/\\\/www.hgf.com\\\/wp-content\\\/uploads\\\/2023\\\/04\\\/hgf-logo-696x696-1.png\",\"contentUrl\":\"https:\\\/\\\/www.hgf.com\\\/wp-content\\\/uploads\\\/2023\\\/04\\\/hgf-logo-696x696-1.png\",\"width\":696,\"height\":696,\"caption\":\"HGF\"},\"image\":{\"@id\":\"https:\\\/\\\/www.hgf.com\\\/fr\\\/#\\\/schema\\\/logo\\\/image\\\/\"},\"sameAs\":[\"https:\\\/\\\/x.com\\\/hgf_ip\",\"https:\\\/\\\/www.linkedin.com\\\/company\\\/hgf-limited-intellectual-property-specialists\\\/\"]}]}<\/script>\n<!-- \/ Yoast SEO Premium plugin. -->","yoast_head_json":{"title":"Contactez notre bureau \u00e0 Salzbourg - HGF","description":"Contactez directement notre \u00e9quipe HGF \u00e0 Salzbourg pour d\u00e9couvrir comment nous pouvons collaborer avec votre entreprise.","robots":{"index":"index","follow":"follow","max-snippet":"max-snippet:-1","max-image-preview":"max-image-preview:large","max-video-preview":"max-video-preview:-1"},"canonical":"https:\/\/www.hgf.com\/fr\/contact\/salzbourg\/","og_locale":"fr_FR","og_type":"article","og_title":"Salzbourg","og_description":"Situ\u00e9 au bord de la rivi\u00e8re Salzach historique, HGF Salzbourg a \u00e9t\u00e9 lanc\u00e9 suite \u00e0 la fusion de HGF et Patronus IP en 2019 afin de fournir des services de","og_url":"https:\/\/www.hgf.com\/fr\/contact\/salzbourg\/","og_site_name":"HGF","article_modified_time":"2025-10-06T12:57:04+00:00","og_image":[{"width":1200,"height":675,"url":"https:\/\/www.hgf.com\/wp-content\/uploads\/2023\/04\/hgf-logo-1200x675-1.png","type":"image\/png"}],"twitter_card":"summary_large_image","twitter_site":"@hgf_ip","schema":{"@context":"https:\/\/schema.org","@graph":[{"@type":"WebPage","@id":"https:\/\/www.hgf.com\/fr\/contact\/salzbourg\/","url":"https:\/\/www.hgf.com\/fr\/contact\/salzbourg\/","name":"Contactez notre bureau \u00e0 Salzbourg - HGF","isPartOf":{"@id":"https:\/\/www.hgf.com\/fr\/#website"},"datePublished":"2020-06-26T18:18:15+00:00","dateModified":"2025-10-06T12:57:04+00:00","description":"Contactez directement notre \u00e9quipe HGF \u00e0 Salzbourg pour d\u00e9couvrir comment nous pouvons collaborer avec votre entreprise.","breadcrumb":{"@id":"https:\/\/www.hgf.com\/fr\/contact\/salzbourg\/#breadcrumb"},"inLanguage":"fr-FR","potentialAction":[{"@type":"ReadAction","target":["https:\/\/www.hgf.com\/fr\/contact\/salzbourg\/"]}]},{"@type":"BreadcrumbList","@id":"https:\/\/www.hgf.com\/fr\/contact\/salzbourg\/#breadcrumb","itemListElement":[{"@type":"ListItem","position":1,"name":"Contact","item":"https:\/\/www.hgf.com\/fr\/contact\/"},{"@type":"ListItem","position":2,"name":"Salzbourg"}]},{"@type":"WebSite","@id":"https:\/\/www.hgf.com\/fr\/#website","url":"https:\/\/www.hgf.com\/fr\/","name":"HGF","description":"Intellectual Property Rights specialists","publisher":{"@id":"https:\/\/www.hgf.com\/fr\/#organization"},"potentialAction":[{"@type":"SearchAction","target":{"@type":"EntryPoint","urlTemplate":"https:\/\/www.hgf.com\/fr\/?s={search_term_string}"},"query-input":{"@type":"PropertyValueSpecification","valueRequired":true,"valueName":"search_term_string"}}],"inLanguage":"fr-FR"},{"@type":"Organization","@id":"https:\/\/www.hgf.com\/fr\/#organization","name":"HGF","url":"https:\/\/www.hgf.com\/fr\/","logo":{"@type":"ImageObject","inLanguage":"fr-FR","@id":"https:\/\/www.hgf.com\/fr\/#\/schema\/logo\/image\/","url":"https:\/\/www.hgf.com\/wp-content\/uploads\/2023\/04\/hgf-logo-696x696-1.png","contentUrl":"https:\/\/www.hgf.com\/wp-content\/uploads\/2023\/04\/hgf-logo-696x696-1.png","width":696,"height":696,"caption":"HGF"},"image":{"@id":"https:\/\/www.hgf.com\/fr\/#\/schema\/logo\/image\/"},"sameAs":["https:\/\/x.com\/hgf_ip","https:\/\/www.linkedin.com\/company\/hgf-limited-intellectual-property-specialists\/"]}]}},"_links":{"self":[{"href":"https:\/\/www.hgf.com\/fr\/wp-json\/wp\/v2\/pages\/9004111222135107","targetHints":{"allow":["GET"]}}],"collection":[{"href":"https:\/\/www.hgf.com\/fr\/wp-json\/wp\/v2\/pages"}],"about":[{"href":"https:\/\/www.hgf.com\/fr\/wp-json\/wp\/v2\/types\/page"}],"author":[{"embeddable":true,"href":"https:\/\/www.hgf.com\/fr\/wp-json\/wp\/v2\/users\/374"}],"replies":[{"embeddable":true,"href":"https:\/\/www.hgf.com\/fr\/wp-json\/wp\/v2\/comments?post=9004111222135107"}],"version-history":[{"count":0,"href":"https:\/\/www.hgf.com\/fr\/wp-json\/wp\/v2\/pages\/9004111222135107\/revisions"}],"up":[{"embeddable":true,"href":"https:\/\/www.hgf.com\/fr\/wp-json\/wp\/v2\/pages\/9004111222135186"}],"wp:attachment":[{"href":"https:\/\/www.hgf.com\/fr\/wp-json\/wp\/v2\/media?parent=9004111222135107"}],"curies":[{"name":"wp","href":"https:\/\/api.w.org\/{rel}","templated":true}]}}