{"id":9004111222134884,"date":"2021-01-22T15:13:42","date_gmt":"2021-01-22T15:13:42","guid":{"rendered":"https:\/\/www.hgf.com\/?page_id=9004111222134884"},"modified":"2025-10-03T19:37:43","modified_gmt":"2025-10-03T18:37:43","slug":"comment-est-ce-de-travailler-chez-hgf","status":"publish","type":"page","link":"https:\/\/www.hgf.com\/fr\/carrieres\/comment-est-ce-de-travailler-chez-hgf\/","title":{"rendered":"Comment est-ce de travailler chez HGF ?"},"content":{"rendered":"<div style=\"padding: 56.25% 0 0 0; position: relative;\"><iframe style=\"position: absolute; top: 0; left: 0; width: 100%; height: 100%;\" src=\"https:\/\/player.vimeo.com\/video\/503416472?title=0&amp;byline=0&amp;portrait=0\" frameborder=\"0\" allowfullscreen=\"allowfullscreen\"><\/iframe><\/div>\n<h5>Qu&#8217;est-ce qui vous a attir\u00e9 vers une carri\u00e8re chez HGF&nbsp;?<\/h5>\n<p>Je dois admettre qu&#8217;avant de rejoindre HGF, ma connaissance du secteur du droit de la propri\u00e9t\u00e9 intellectuelle \u00e9tait minime. Cependant, d\u00e8s ma premi\u00e8re r\u00e9union, ce qui m&#8217;a frapp\u00e9, c&#8217;est l&#8217;ambition et la volont\u00e9 de cro\u00eetre, mais d&#8217;une mani\u00e8re qui repose sur ses employ\u00e9s.<\/p>\n<h5>Quels aspects de votre travail appr\u00e9ciez-vous le plus ?<\/h5>\n<p>Sans aucun doute, le niveau d&#8217;interaction avec les gens que mon travail me permet, voyager \u00e0 travers le Royaume-Uni et l&#8217;Europe et rencontrer des responsables du recrutement en personne est quelque chose que j&#8217;appr\u00e9cie et qui me permet de mener \u00e0 bien mon r\u00f4le beaucoup plus efficacement. J&#8217;appr\u00e9cie \u00e9galement d&#8217;avoir la possibilit\u00e9 de contribuer \u00e0 des projets \u00e0 l&#8217;\u00e9chelle de l&#8217;entreprise, comme je le fais actuellement avec notre strat\u00e9gie actuelle en mati\u00e8re d&#8217;\u00e9galit\u00e9, de diversit\u00e9 et d&#8217;inclusion, et la mani\u00e8re dont le recrutement peut y contribuer. <\/p>\n<h5>Qu&#8217;est-ce que vous appr\u00e9ciez chez HGF&nbsp;?<\/h5>\n<p>Les r\u00f4les, les responsabilit\u00e9s et la contribution de chacun au succ\u00e8s de l&#8217;entreprise sont appr\u00e9ci\u00e9s par les hauts responsables de l&#8217;entreprise. Constater cela et la croissance continue de l&#8217;entreprise rendent le travail ici passionnant. <\/p>\n","protected":false},"excerpt":{"rendered":"<p>Qu&#8217;est-ce qui vous a attir\u00e9 vers une carri\u00e8re chez HGF&nbsp;? Je dois admettre qu&#8217;avant de rejoindre HGF, ma connaissance du secteur du droit de la propri\u00e9t\u00e9 intellectuelle \u00e9tait minime. Cependant, &hellip;<\/p>\n","protected":false},"author":374,"featured_media":0,"parent":9004111222134656,"menu_order":0,"comment_status":"closed","ping_status":"closed","template":"views\/template-simple-page.blade.php","meta":{"_acf_changed":false,"footnotes":""},"class_list":["post-9004111222134884","page","type-page","status-publish","hentry"],"acf":[],"yoast_head":"<!-- This site is optimized with the Yoast SEO Premium plugin v27.5 (Yoast SEO v27.5) - https:\/\/yoast.com\/product\/yoast-seo-premium-wordpress\/ -->\n<title>Comment est-ce de travailler chez HGF par John Gibbs - HGF<\/title>\n<meta name=\"robots\" content=\"index, follow, max-snippet:-1, max-image-preview:large, max-video-preview:-1\" \/>\n<link rel=\"canonical\" href=\"https:\/\/www.hgf.com\/fr\/carrieres\/comment-est-ce-de-travailler-chez-hgf\/\" \/>\n<meta property=\"og:locale\" content=\"fr_FR\" \/>\n<meta property=\"og:type\" content=\"article\" \/>\n<meta property=\"og:title\" content=\"Comment est-ce de travailler chez HGF ?\" \/>\n<meta property=\"og:description\" content=\"Qu&#039;est-ce qui vous a attir\u00e9 vers une carri\u00e8re chez HGF&nbsp;? Je dois admettre qu&#039;avant de rejoindre HGF, ma connaissance du secteur du droit de la\" \/>\n<meta property=\"og:url\" content=\"https:\/\/www.hgf.com\/fr\/carrieres\/comment-est-ce-de-travailler-chez-hgf\/\" \/>\n<meta property=\"og:site_name\" content=\"HGF\" \/>\n<meta property=\"article:modified_time\" content=\"2025-10-03T18:37:43+00:00\" \/>\n<meta property=\"og:image\" content=\"https:\/\/www.hgf.com\/wp-content\/uploads\/2023\/04\/hgf-logo-1200x675-1.png\" \/>\n\t<meta property=\"og:image:width\" content=\"1200\" \/>\n\t<meta property=\"og:image:height\" content=\"675\" \/>\n\t<meta property=\"og:image:type\" content=\"image\/png\" \/>\n<meta name=\"twitter:card\" content=\"summary_large_image\" \/>\n<meta name=\"twitter:site\" content=\"@hgf_ip\" \/>\n<meta name=\"twitter:label1\" content=\"Dur\u00e9e de lecture estim\u00e9e\" \/>\n\t<meta name=\"twitter:data1\" content=\"1 minute\" \/>\n<script type=\"application\/ld+json\" class=\"yoast-schema-graph\">{\"@context\":\"https:\\\/\\\/schema.org\",\"@graph\":[{\"@type\":\"WebPage\",\"@id\":\"https:\\\/\\\/www.hgf.com\\\/fr\\\/carrieres\\\/comment-est-ce-de-travailler-chez-hgf\\\/\",\"url\":\"https:\\\/\\\/www.hgf.com\\\/fr\\\/carrieres\\\/comment-est-ce-de-travailler-chez-hgf\\\/\",\"name\":\"Comment est-ce de travailler chez HGF par John Gibbs - HGF\",\"isPartOf\":{\"@id\":\"https:\\\/\\\/www.hgf.com\\\/fr\\\/#website\"},\"datePublished\":\"2021-01-22T15:13:42+00:00\",\"dateModified\":\"2025-10-03T18:37:43+00:00\",\"breadcrumb\":{\"@id\":\"https:\\\/\\\/www.hgf.com\\\/fr\\\/carrieres\\\/comment-est-ce-de-travailler-chez-hgf\\\/#breadcrumb\"},\"inLanguage\":\"fr-FR\",\"potentialAction\":[{\"@type\":\"ReadAction\",\"target\":[\"https:\\\/\\\/www.hgf.com\\\/fr\\\/carrieres\\\/comment-est-ce-de-travailler-chez-hgf\\\/\"]}]},{\"@type\":\"BreadcrumbList\",\"@id\":\"https:\\\/\\\/www.hgf.com\\\/fr\\\/carrieres\\\/comment-est-ce-de-travailler-chez-hgf\\\/#breadcrumb\",\"itemListElement\":[{\"@type\":\"ListItem\",\"position\":1,\"name\":\"Carri\u00e8res\",\"item\":\"https:\\\/\\\/www.hgf.com\\\/fr\\\/carrieres\\\/\"},{\"@type\":\"ListItem\",\"position\":2,\"name\":\"Comment est-ce de travailler chez HGF ?\"}]},{\"@type\":\"WebSite\",\"@id\":\"https:\\\/\\\/www.hgf.com\\\/fr\\\/#website\",\"url\":\"https:\\\/\\\/www.hgf.com\\\/fr\\\/\",\"name\":\"HGF\",\"description\":\"Intellectual Property Rights specialists\",\"publisher\":{\"@id\":\"https:\\\/\\\/www.hgf.com\\\/fr\\\/#organization\"},\"potentialAction\":[{\"@type\":\"SearchAction\",\"target\":{\"@type\":\"EntryPoint\",\"urlTemplate\":\"https:\\\/\\\/www.hgf.com\\\/fr\\\/?s={search_term_string}\"},\"query-input\":{\"@type\":\"PropertyValueSpecification\",\"valueRequired\":true,\"valueName\":\"search_term_string\"}}],\"inLanguage\":\"fr-FR\"},{\"@type\":\"Organization\",\"@id\":\"https:\\\/\\\/www.hgf.com\\\/fr\\\/#organization\",\"name\":\"HGF\",\"url\":\"https:\\\/\\\/www.hgf.com\\\/fr\\\/\",\"logo\":{\"@type\":\"ImageObject\",\"inLanguage\":\"fr-FR\",\"@id\":\"https:\\\/\\\/www.hgf.com\\\/fr\\\/#\\\/schema\\\/logo\\\/image\\\/\",\"url\":\"https:\\\/\\\/www.hgf.com\\\/wp-content\\\/uploads\\\/2023\\\/04\\\/hgf-logo-696x696-1.png\",\"contentUrl\":\"https:\\\/\\\/www.hgf.com\\\/wp-content\\\/uploads\\\/2023\\\/04\\\/hgf-logo-696x696-1.png\",\"width\":696,\"height\":696,\"caption\":\"HGF\"},\"image\":{\"@id\":\"https:\\\/\\\/www.hgf.com\\\/fr\\\/#\\\/schema\\\/logo\\\/image\\\/\"},\"sameAs\":[\"https:\\\/\\\/x.com\\\/hgf_ip\",\"https:\\\/\\\/www.linkedin.com\\\/company\\\/hgf-limited-intellectual-property-specialists\\\/\"]}]}<\/script>\n<!-- \/ Yoast SEO Premium plugin. -->","yoast_head_json":{"title":"Comment est-ce de travailler chez HGF par John Gibbs - HGF","robots":{"index":"index","follow":"follow","max-snippet":"max-snippet:-1","max-image-preview":"max-image-preview:large","max-video-preview":"max-video-preview:-1"},"canonical":"https:\/\/www.hgf.com\/fr\/carrieres\/comment-est-ce-de-travailler-chez-hgf\/","og_locale":"fr_FR","og_type":"article","og_title":"Comment est-ce de travailler chez HGF ?","og_description":"Qu'est-ce qui vous a attir\u00e9 vers une carri\u00e8re chez HGF&nbsp;? Je dois admettre qu'avant de rejoindre HGF, ma connaissance du secteur du droit de la","og_url":"https:\/\/www.hgf.com\/fr\/carrieres\/comment-est-ce-de-travailler-chez-hgf\/","og_site_name":"HGF","article_modified_time":"2025-10-03T18:37:43+00:00","og_image":[{"width":1200,"height":675,"url":"https:\/\/www.hgf.com\/wp-content\/uploads\/2023\/04\/hgf-logo-1200x675-1.png","type":"image\/png"}],"twitter_card":"summary_large_image","twitter_site":"@hgf_ip","twitter_misc":{"Dur\u00e9e de lecture estim\u00e9e":"1 minute"},"schema":{"@context":"https:\/\/schema.org","@graph":[{"@type":"WebPage","@id":"https:\/\/www.hgf.com\/fr\/carrieres\/comment-est-ce-de-travailler-chez-hgf\/","url":"https:\/\/www.hgf.com\/fr\/carrieres\/comment-est-ce-de-travailler-chez-hgf\/","name":"Comment est-ce de travailler chez HGF par John Gibbs - HGF","isPartOf":{"@id":"https:\/\/www.hgf.com\/fr\/#website"},"datePublished":"2021-01-22T15:13:42+00:00","dateModified":"2025-10-03T18:37:43+00:00","breadcrumb":{"@id":"https:\/\/www.hgf.com\/fr\/carrieres\/comment-est-ce-de-travailler-chez-hgf\/#breadcrumb"},"inLanguage":"fr-FR","potentialAction":[{"@type":"ReadAction","target":["https:\/\/www.hgf.com\/fr\/carrieres\/comment-est-ce-de-travailler-chez-hgf\/"]}]},{"@type":"BreadcrumbList","@id":"https:\/\/www.hgf.com\/fr\/carrieres\/comment-est-ce-de-travailler-chez-hgf\/#breadcrumb","itemListElement":[{"@type":"ListItem","position":1,"name":"Carri\u00e8res","item":"https:\/\/www.hgf.com\/fr\/carrieres\/"},{"@type":"ListItem","position":2,"name":"Comment est-ce de travailler chez HGF ?"}]},{"@type":"WebSite","@id":"https:\/\/www.hgf.com\/fr\/#website","url":"https:\/\/www.hgf.com\/fr\/","name":"HGF","description":"Intellectual Property Rights specialists","publisher":{"@id":"https:\/\/www.hgf.com\/fr\/#organization"},"potentialAction":[{"@type":"SearchAction","target":{"@type":"EntryPoint","urlTemplate":"https:\/\/www.hgf.com\/fr\/?s={search_term_string}"},"query-input":{"@type":"PropertyValueSpecification","valueRequired":true,"valueName":"search_term_string"}}],"inLanguage":"fr-FR"},{"@type":"Organization","@id":"https:\/\/www.hgf.com\/fr\/#organization","name":"HGF","url":"https:\/\/www.hgf.com\/fr\/","logo":{"@type":"ImageObject","inLanguage":"fr-FR","@id":"https:\/\/www.hgf.com\/fr\/#\/schema\/logo\/image\/","url":"https:\/\/www.hgf.com\/wp-content\/uploads\/2023\/04\/hgf-logo-696x696-1.png","contentUrl":"https:\/\/www.hgf.com\/wp-content\/uploads\/2023\/04\/hgf-logo-696x696-1.png","width":696,"height":696,"caption":"HGF"},"image":{"@id":"https:\/\/www.hgf.com\/fr\/#\/schema\/logo\/image\/"},"sameAs":["https:\/\/x.com\/hgf_ip","https:\/\/www.linkedin.com\/company\/hgf-limited-intellectual-property-specialists\/"]}]}},"_links":{"self":[{"href":"https:\/\/www.hgf.com\/fr\/wp-json\/wp\/v2\/pages\/9004111222134884","targetHints":{"allow":["GET"]}}],"collection":[{"href":"https:\/\/www.hgf.com\/fr\/wp-json\/wp\/v2\/pages"}],"about":[{"href":"https:\/\/www.hgf.com\/fr\/wp-json\/wp\/v2\/types\/page"}],"author":[{"embeddable":true,"href":"https:\/\/www.hgf.com\/fr\/wp-json\/wp\/v2\/users\/374"}],"replies":[{"embeddable":true,"href":"https:\/\/www.hgf.com\/fr\/wp-json\/wp\/v2\/comments?post=9004111222134884"}],"version-history":[{"count":0,"href":"https:\/\/www.hgf.com\/fr\/wp-json\/wp\/v2\/pages\/9004111222134884\/revisions"}],"up":[{"embeddable":true,"href":"https:\/\/www.hgf.com\/fr\/wp-json\/wp\/v2\/pages\/9004111222134656"}],"wp:attachment":[{"href":"https:\/\/www.hgf.com\/fr\/wp-json\/wp\/v2\/media?parent=9004111222134884"}],"curies":[{"name":"wp","href":"https:\/\/api.w.org\/{rel}","templated":true}]}}