{"id":9004111222134874,"date":"2021-01-20T16:37:21","date_gmt":"2021-01-20T16:37:21","guid":{"rendered":"https:\/\/www.hgf.com\/?page_id=9004111222134874"},"modified":"2025-10-03T19:37:43","modified_gmt":"2025-10-03T18:37:43","slug":"comment-est-ce-de-travailler-chez-hgf-3","status":"publish","type":"page","link":"https:\/\/www.hgf.com\/fr\/carrieres\/comment-est-ce-de-travailler-chez-hgf-3\/","title":{"rendered":"Comment est-ce de travailler chez HGF ?"},"content":{"rendered":"<div style=\"padding: 56.34% 0 0 0; position: relative;\"><iframe style=\"position: absolute; top: 0; left: 0; width: 100%; height: 100%;\" src=\"https:\/\/player.vimeo.com\/video\/502667225?title=0&amp;byline=0&amp;portrait=0\" frameborder=\"0\" allowfullscreen=\"allowfullscreen\"><\/iframe><\/div>\n<h5>Pourquoi HGF ? Qu&#8217;est-ce qui vous a attir\u00e9 ? <\/h5>\n<p>Lorsque j&#8217;ai rejoint HGF, je d\u00e9butais dans la profession, venant du milieu universitaire. L&#8217;un des aspects qui m&#8217;a le plus attir\u00e9 vers cette profession \u00e9tait l&#8217;opportunit\u00e9 d&#8217;utiliser mon bagage scientifique dans ma nouvelle carri\u00e8re. <\/p>\n<h5>Quels aspects de votre travail appr\u00e9ciez-vous le plus ?<\/h5>\n<p>Ma partie pr\u00e9f\u00e9r\u00e9e du travail consiste \u00e0 ma\u00eetriser les d\u00e9tails techniques des inventions que nous r\u00e9digeons et dont nous assurons la poursuite.<\/p>\n<h5>Comment se d\u00e9roule votre formation et comment \u00eates-vous soutenue par l&#8217;entreprise ?<\/h5>\n<p>En plus de nos connaissances juridiques, le d\u00e9veloppement continu de nos comp\u00e9tences techniques est un aspect important de notre formation chez HGF. Je pense que cela garantit que la formation que nous recevons est compl\u00e8te et nous aide \u00e0 viser l&#8217;une des valeurs cl\u00e9s de HGF : l&#8217;excellence. <\/p>\n","protected":false},"excerpt":{"rendered":"<p>Pourquoi HGF ? Qu&#8217;est-ce qui vous a attir\u00e9 ? Lorsque j&#8217;ai rejoint HGF, je d\u00e9butais dans la profession, venant du milieu universitaire. L&#8217;un des aspects qui m&#8217;a le plus attir\u00e9 &hellip;<\/p>\n","protected":false},"author":374,"featured_media":0,"parent":9004111222134656,"menu_order":0,"comment_status":"closed","ping_status":"closed","template":"views\/template-simple-page.blade.php","meta":{"_acf_changed":false,"footnotes":""},"class_list":["post-9004111222134874","page","type-page","status-publish","hentry"],"acf":[],"yoast_head":"<!-- This site is optimized with the Yoast SEO Premium plugin v27.5 (Yoast SEO v27.5) - https:\/\/yoast.com\/product\/yoast-seo-premium-wordpress\/ -->\n<title>\u00c0 quoi ressemble le travail chez HGF par Victoria Bruce - HGF<\/title>\n<meta name=\"robots\" content=\"index, follow, max-snippet:-1, max-image-preview:large, max-video-preview:-1\" \/>\n<link rel=\"canonical\" href=\"https:\/\/www.hgf.com\/fr\/carrieres\/comment-est-ce-de-travailler-chez-hgf-3\/\" \/>\n<meta property=\"og:locale\" content=\"fr_FR\" \/>\n<meta property=\"og:type\" content=\"article\" \/>\n<meta property=\"og:title\" content=\"Comment est-ce de travailler chez HGF ?\" \/>\n<meta property=\"og:description\" content=\"Pourquoi HGF ? Qu&#039;est-ce qui vous a attir\u00e9 ? Lorsque j&#039;ai rejoint HGF, je d\u00e9butais dans la profession, venant du milieu universitaire. L&#039;un des aspects\" \/>\n<meta property=\"og:url\" content=\"https:\/\/www.hgf.com\/fr\/carrieres\/comment-est-ce-de-travailler-chez-hgf-3\/\" \/>\n<meta property=\"og:site_name\" content=\"HGF\" \/>\n<meta property=\"article:modified_time\" content=\"2025-10-03T18:37:43+00:00\" \/>\n<meta property=\"og:image\" content=\"https:\/\/www.hgf.com\/wp-content\/uploads\/2023\/04\/hgf-logo-1200x675-1.png\" \/>\n\t<meta property=\"og:image:width\" content=\"1200\" \/>\n\t<meta property=\"og:image:height\" content=\"675\" \/>\n\t<meta property=\"og:image:type\" content=\"image\/png\" \/>\n<meta name=\"twitter:card\" content=\"summary_large_image\" \/>\n<meta name=\"twitter:site\" content=\"@hgf_ip\" \/>\n<meta name=\"twitter:label1\" content=\"Dur\u00e9e de lecture estim\u00e9e\" \/>\n\t<meta name=\"twitter:data1\" content=\"1 minute\" \/>\n<script type=\"application\/ld+json\" class=\"yoast-schema-graph\">{\"@context\":\"https:\\\/\\\/schema.org\",\"@graph\":[{\"@type\":\"WebPage\",\"@id\":\"https:\\\/\\\/www.hgf.com\\\/fr\\\/carrieres\\\/comment-est-ce-de-travailler-chez-hgf-3\\\/\",\"url\":\"https:\\\/\\\/www.hgf.com\\\/fr\\\/carrieres\\\/comment-est-ce-de-travailler-chez-hgf-3\\\/\",\"name\":\"\u00c0 quoi ressemble le travail chez HGF par Victoria Bruce - HGF\",\"isPartOf\":{\"@id\":\"https:\\\/\\\/www.hgf.com\\\/fr\\\/#website\"},\"datePublished\":\"2021-01-20T16:37:21+00:00\",\"dateModified\":\"2025-10-03T18:37:43+00:00\",\"breadcrumb\":{\"@id\":\"https:\\\/\\\/www.hgf.com\\\/fr\\\/carrieres\\\/comment-est-ce-de-travailler-chez-hgf-3\\\/#breadcrumb\"},\"inLanguage\":\"fr-FR\",\"potentialAction\":[{\"@type\":\"ReadAction\",\"target\":[\"https:\\\/\\\/www.hgf.com\\\/fr\\\/carrieres\\\/comment-est-ce-de-travailler-chez-hgf-3\\\/\"]}]},{\"@type\":\"BreadcrumbList\",\"@id\":\"https:\\\/\\\/www.hgf.com\\\/fr\\\/carrieres\\\/comment-est-ce-de-travailler-chez-hgf-3\\\/#breadcrumb\",\"itemListElement\":[{\"@type\":\"ListItem\",\"position\":1,\"name\":\"Carri\u00e8res\",\"item\":\"https:\\\/\\\/www.hgf.com\\\/fr\\\/carrieres\\\/\"},{\"@type\":\"ListItem\",\"position\":2,\"name\":\"Comment est-ce de travailler chez HGF ?\"}]},{\"@type\":\"WebSite\",\"@id\":\"https:\\\/\\\/www.hgf.com\\\/fr\\\/#website\",\"url\":\"https:\\\/\\\/www.hgf.com\\\/fr\\\/\",\"name\":\"HGF\",\"description\":\"Intellectual Property Rights specialists\",\"publisher\":{\"@id\":\"https:\\\/\\\/www.hgf.com\\\/fr\\\/#organization\"},\"potentialAction\":[{\"@type\":\"SearchAction\",\"target\":{\"@type\":\"EntryPoint\",\"urlTemplate\":\"https:\\\/\\\/www.hgf.com\\\/fr\\\/?s={search_term_string}\"},\"query-input\":{\"@type\":\"PropertyValueSpecification\",\"valueRequired\":true,\"valueName\":\"search_term_string\"}}],\"inLanguage\":\"fr-FR\"},{\"@type\":\"Organization\",\"@id\":\"https:\\\/\\\/www.hgf.com\\\/fr\\\/#organization\",\"name\":\"HGF\",\"url\":\"https:\\\/\\\/www.hgf.com\\\/fr\\\/\",\"logo\":{\"@type\":\"ImageObject\",\"inLanguage\":\"fr-FR\",\"@id\":\"https:\\\/\\\/www.hgf.com\\\/fr\\\/#\\\/schema\\\/logo\\\/image\\\/\",\"url\":\"https:\\\/\\\/www.hgf.com\\\/wp-content\\\/uploads\\\/2023\\\/04\\\/hgf-logo-696x696-1.png\",\"contentUrl\":\"https:\\\/\\\/www.hgf.com\\\/wp-content\\\/uploads\\\/2023\\\/04\\\/hgf-logo-696x696-1.png\",\"width\":696,\"height\":696,\"caption\":\"HGF\"},\"image\":{\"@id\":\"https:\\\/\\\/www.hgf.com\\\/fr\\\/#\\\/schema\\\/logo\\\/image\\\/\"},\"sameAs\":[\"https:\\\/\\\/x.com\\\/hgf_ip\",\"https:\\\/\\\/www.linkedin.com\\\/company\\\/hgf-limited-intellectual-property-specialists\\\/\"]}]}<\/script>\n<!-- \/ Yoast SEO Premium plugin. -->","yoast_head_json":{"title":"\u00c0 quoi ressemble le travail chez HGF par Victoria Bruce - HGF","robots":{"index":"index","follow":"follow","max-snippet":"max-snippet:-1","max-image-preview":"max-image-preview:large","max-video-preview":"max-video-preview:-1"},"canonical":"https:\/\/www.hgf.com\/fr\/carrieres\/comment-est-ce-de-travailler-chez-hgf-3\/","og_locale":"fr_FR","og_type":"article","og_title":"Comment est-ce de travailler chez HGF ?","og_description":"Pourquoi HGF ? Qu'est-ce qui vous a attir\u00e9 ? Lorsque j'ai rejoint HGF, je d\u00e9butais dans la profession, venant du milieu universitaire. L'un des aspects","og_url":"https:\/\/www.hgf.com\/fr\/carrieres\/comment-est-ce-de-travailler-chez-hgf-3\/","og_site_name":"HGF","article_modified_time":"2025-10-03T18:37:43+00:00","og_image":[{"width":1200,"height":675,"url":"https:\/\/www.hgf.com\/wp-content\/uploads\/2023\/04\/hgf-logo-1200x675-1.png","type":"image\/png"}],"twitter_card":"summary_large_image","twitter_site":"@hgf_ip","twitter_misc":{"Dur\u00e9e de lecture estim\u00e9e":"1 minute"},"schema":{"@context":"https:\/\/schema.org","@graph":[{"@type":"WebPage","@id":"https:\/\/www.hgf.com\/fr\/carrieres\/comment-est-ce-de-travailler-chez-hgf-3\/","url":"https:\/\/www.hgf.com\/fr\/carrieres\/comment-est-ce-de-travailler-chez-hgf-3\/","name":"\u00c0 quoi ressemble le travail chez HGF par Victoria Bruce - HGF","isPartOf":{"@id":"https:\/\/www.hgf.com\/fr\/#website"},"datePublished":"2021-01-20T16:37:21+00:00","dateModified":"2025-10-03T18:37:43+00:00","breadcrumb":{"@id":"https:\/\/www.hgf.com\/fr\/carrieres\/comment-est-ce-de-travailler-chez-hgf-3\/#breadcrumb"},"inLanguage":"fr-FR","potentialAction":[{"@type":"ReadAction","target":["https:\/\/www.hgf.com\/fr\/carrieres\/comment-est-ce-de-travailler-chez-hgf-3\/"]}]},{"@type":"BreadcrumbList","@id":"https:\/\/www.hgf.com\/fr\/carrieres\/comment-est-ce-de-travailler-chez-hgf-3\/#breadcrumb","itemListElement":[{"@type":"ListItem","position":1,"name":"Carri\u00e8res","item":"https:\/\/www.hgf.com\/fr\/carrieres\/"},{"@type":"ListItem","position":2,"name":"Comment est-ce de travailler chez HGF ?"}]},{"@type":"WebSite","@id":"https:\/\/www.hgf.com\/fr\/#website","url":"https:\/\/www.hgf.com\/fr\/","name":"HGF","description":"Intellectual Property Rights specialists","publisher":{"@id":"https:\/\/www.hgf.com\/fr\/#organization"},"potentialAction":[{"@type":"SearchAction","target":{"@type":"EntryPoint","urlTemplate":"https:\/\/www.hgf.com\/fr\/?s={search_term_string}"},"query-input":{"@type":"PropertyValueSpecification","valueRequired":true,"valueName":"search_term_string"}}],"inLanguage":"fr-FR"},{"@type":"Organization","@id":"https:\/\/www.hgf.com\/fr\/#organization","name":"HGF","url":"https:\/\/www.hgf.com\/fr\/","logo":{"@type":"ImageObject","inLanguage":"fr-FR","@id":"https:\/\/www.hgf.com\/fr\/#\/schema\/logo\/image\/","url":"https:\/\/www.hgf.com\/wp-content\/uploads\/2023\/04\/hgf-logo-696x696-1.png","contentUrl":"https:\/\/www.hgf.com\/wp-content\/uploads\/2023\/04\/hgf-logo-696x696-1.png","width":696,"height":696,"caption":"HGF"},"image":{"@id":"https:\/\/www.hgf.com\/fr\/#\/schema\/logo\/image\/"},"sameAs":["https:\/\/x.com\/hgf_ip","https:\/\/www.linkedin.com\/company\/hgf-limited-intellectual-property-specialists\/"]}]}},"_links":{"self":[{"href":"https:\/\/www.hgf.com\/fr\/wp-json\/wp\/v2\/pages\/9004111222134874","targetHints":{"allow":["GET"]}}],"collection":[{"href":"https:\/\/www.hgf.com\/fr\/wp-json\/wp\/v2\/pages"}],"about":[{"href":"https:\/\/www.hgf.com\/fr\/wp-json\/wp\/v2\/types\/page"}],"author":[{"embeddable":true,"href":"https:\/\/www.hgf.com\/fr\/wp-json\/wp\/v2\/users\/374"}],"replies":[{"embeddable":true,"href":"https:\/\/www.hgf.com\/fr\/wp-json\/wp\/v2\/comments?post=9004111222134874"}],"version-history":[{"count":0,"href":"https:\/\/www.hgf.com\/fr\/wp-json\/wp\/v2\/pages\/9004111222134874\/revisions"}],"up":[{"embeddable":true,"href":"https:\/\/www.hgf.com\/fr\/wp-json\/wp\/v2\/pages\/9004111222134656"}],"wp:attachment":[{"href":"https:\/\/www.hgf.com\/fr\/wp-json\/wp\/v2\/media?parent=9004111222134874"}],"curies":[{"name":"wp","href":"https:\/\/api.w.org\/{rel}","templated":true}]}}