{"id":9004111222133842,"date":"2020-06-28T14:31:07","date_gmt":"2020-06-28T13:31:07","guid":{"rendered":"https:\/\/www.hgf.com\/?page_id=9004111222133842"},"modified":"2025-12-10T14:02:59","modified_gmt":"2025-12-10T14:02:59","slug":"commerce-de-detail","status":"publish","type":"page","link":"https:\/\/www.hgf.com\/fr\/industries\/commerce-de-detail\/","title":{"rendered":"Commerce de d\u00e9tail"},"content":{"rendered":"","protected":false},"excerpt":{"rendered":"","protected":false},"author":374,"featured_media":0,"parent":9004111222133807,"menu_order":0,"comment_status":"closed","ping_status":"closed","template":"","meta":{"_acf_changed":false,"footnotes":""},"class_list":["post-9004111222133842","page","type-page","status-publish","hentry"],"acf":[],"yoast_head":"<!-- This site is optimized with the Yoast SEO Premium plugin v27.5 (Yoast SEO v27.5) - https:\/\/yoast.com\/product\/yoast-seo-premium-wordpress\/ -->\n<title>Commerce de d\u00e9tail - HGF<\/title>\n<meta name=\"description\" content=\"Dans le domaine de la mode, l&#039;int\u00e9grit\u00e9 de votre marque est primordiale. Les conseils en propri\u00e9t\u00e9 industrielle et patent attorneys sp\u00e9cialis\u00e9s en commerce de d\u00e9tail et en mode de HGF se consacrent \u00e0 la gestion des portefeuilles de propri\u00e9t\u00e9 intellectuelle dans le secteur de la mode, en se concentrant sur tout...\" \/>\n<meta name=\"robots\" content=\"index, follow, max-snippet:-1, max-image-preview:large, max-video-preview:-1\" \/>\n<link rel=\"canonical\" href=\"https:\/\/www.hgf.com\/fr\/industries\/commerce-de-detail\/\" \/>\n<meta property=\"og:locale\" content=\"fr_FR\" \/>\n<meta property=\"og:type\" content=\"article\" \/>\n<meta property=\"og:title\" content=\"Commerce de d\u00e9tail\" \/>\n<meta property=\"og:url\" content=\"https:\/\/www.hgf.com\/fr\/industries\/commerce-de-detail\/\" \/>\n<meta property=\"og:site_name\" content=\"HGF\" \/>\n<meta property=\"article:modified_time\" content=\"2025-12-10T14:02:59+00:00\" \/>\n<meta property=\"og:image\" content=\"https:\/\/www.hgf.com\/wp-content\/uploads\/2023\/04\/hgf-logo-1200x675-1.png\" \/>\n\t<meta property=\"og:image:width\" content=\"1200\" \/>\n\t<meta property=\"og:image:height\" content=\"675\" \/>\n\t<meta property=\"og:image:type\" content=\"image\/png\" \/>\n<meta name=\"twitter:card\" content=\"summary_large_image\" \/>\n<meta name=\"twitter:site\" content=\"@hgf_ip\" \/>\n<script type=\"application\/ld+json\" class=\"yoast-schema-graph\">{\"@context\":\"https:\\\/\\\/schema.org\",\"@graph\":[{\"@type\":\"WebPage\",\"@id\":\"https:\\\/\\\/www.hgf.com\\\/fr\\\/industries\\\/commerce-de-detail\\\/\",\"url\":\"https:\\\/\\\/www.hgf.com\\\/fr\\\/industries\\\/commerce-de-detail\\\/\",\"name\":\"Commerce de d\u00e9tail - HGF\",\"isPartOf\":{\"@id\":\"https:\\\/\\\/www.hgf.com\\\/fr\\\/#website\"},\"datePublished\":\"2020-06-28T13:31:07+00:00\",\"dateModified\":\"2025-12-10T14:02:59+00:00\",\"description\":\"Dans le domaine de la mode, l'int\u00e9grit\u00e9 de votre marque est primordiale. Les conseils en propri\u00e9t\u00e9 industrielle et patent attorneys sp\u00e9cialis\u00e9s en commerce de d\u00e9tail et en mode de HGF se consacrent \u00e0 la gestion des portefeuilles de propri\u00e9t\u00e9 intellectuelle dans le secteur de la mode, en se concentrant sur tout...\",\"breadcrumb\":{\"@id\":\"https:\\\/\\\/www.hgf.com\\\/fr\\\/industries\\\/commerce-de-detail\\\/#breadcrumb\"},\"inLanguage\":\"fr-FR\",\"potentialAction\":[{\"@type\":\"ReadAction\",\"target\":[\"https:\\\/\\\/www.hgf.com\\\/fr\\\/industries\\\/commerce-de-detail\\\/\"]}]},{\"@type\":\"BreadcrumbList\",\"@id\":\"https:\\\/\\\/www.hgf.com\\\/fr\\\/industries\\\/commerce-de-detail\\\/#breadcrumb\",\"itemListElement\":[{\"@type\":\"ListItem\",\"position\":1,\"name\":\"Industries\",\"item\":\"https:\\\/\\\/www.hgf.com\\\/fr\\\/industries\\\/\"},{\"@type\":\"ListItem\",\"position\":2,\"name\":\"Commerce de d\u00e9tail\"}]},{\"@type\":\"WebSite\",\"@id\":\"https:\\\/\\\/www.hgf.com\\\/fr\\\/#website\",\"url\":\"https:\\\/\\\/www.hgf.com\\\/fr\\\/\",\"name\":\"HGF\",\"description\":\"Intellectual Property Rights specialists\",\"publisher\":{\"@id\":\"https:\\\/\\\/www.hgf.com\\\/fr\\\/#organization\"},\"potentialAction\":[{\"@type\":\"SearchAction\",\"target\":{\"@type\":\"EntryPoint\",\"urlTemplate\":\"https:\\\/\\\/www.hgf.com\\\/fr\\\/?s={search_term_string}\"},\"query-input\":{\"@type\":\"PropertyValueSpecification\",\"valueRequired\":true,\"valueName\":\"search_term_string\"}}],\"inLanguage\":\"fr-FR\"},{\"@type\":\"Organization\",\"@id\":\"https:\\\/\\\/www.hgf.com\\\/fr\\\/#organization\",\"name\":\"HGF\",\"url\":\"https:\\\/\\\/www.hgf.com\\\/fr\\\/\",\"logo\":{\"@type\":\"ImageObject\",\"inLanguage\":\"fr-FR\",\"@id\":\"https:\\\/\\\/www.hgf.com\\\/fr\\\/#\\\/schema\\\/logo\\\/image\\\/\",\"url\":\"https:\\\/\\\/www.hgf.com\\\/wp-content\\\/uploads\\\/2023\\\/04\\\/hgf-logo-696x696-1.png\",\"contentUrl\":\"https:\\\/\\\/www.hgf.com\\\/wp-content\\\/uploads\\\/2023\\\/04\\\/hgf-logo-696x696-1.png\",\"width\":696,\"height\":696,\"caption\":\"HGF\"},\"image\":{\"@id\":\"https:\\\/\\\/www.hgf.com\\\/fr\\\/#\\\/schema\\\/logo\\\/image\\\/\"},\"sameAs\":[\"https:\\\/\\\/x.com\\\/hgf_ip\",\"https:\\\/\\\/www.linkedin.com\\\/company\\\/hgf-limited-intellectual-property-specialists\\\/\"]}]}<\/script>\n<!-- \/ Yoast SEO Premium plugin. -->","yoast_head_json":{"title":"Commerce de d\u00e9tail - HGF","description":"Dans le domaine de la mode, l'int\u00e9grit\u00e9 de votre marque est primordiale. Les conseils en propri\u00e9t\u00e9 industrielle et patent attorneys sp\u00e9cialis\u00e9s en commerce de d\u00e9tail et en mode de HGF se consacrent \u00e0 la gestion des portefeuilles de propri\u00e9t\u00e9 intellectuelle dans le secteur de la mode, en se concentrant sur tout...","robots":{"index":"index","follow":"follow","max-snippet":"max-snippet:-1","max-image-preview":"max-image-preview:large","max-video-preview":"max-video-preview:-1"},"canonical":"https:\/\/www.hgf.com\/fr\/industries\/commerce-de-detail\/","og_locale":"fr_FR","og_type":"article","og_title":"Commerce de d\u00e9tail","og_url":"https:\/\/www.hgf.com\/fr\/industries\/commerce-de-detail\/","og_site_name":"HGF","article_modified_time":"2025-12-10T14:02:59+00:00","og_image":[{"width":1200,"height":675,"url":"https:\/\/www.hgf.com\/wp-content\/uploads\/2023\/04\/hgf-logo-1200x675-1.png","type":"image\/png"}],"twitter_card":"summary_large_image","twitter_site":"@hgf_ip","schema":{"@context":"https:\/\/schema.org","@graph":[{"@type":"WebPage","@id":"https:\/\/www.hgf.com\/fr\/industries\/commerce-de-detail\/","url":"https:\/\/www.hgf.com\/fr\/industries\/commerce-de-detail\/","name":"Commerce de d\u00e9tail - HGF","isPartOf":{"@id":"https:\/\/www.hgf.com\/fr\/#website"},"datePublished":"2020-06-28T13:31:07+00:00","dateModified":"2025-12-10T14:02:59+00:00","description":"Dans le domaine de la mode, l'int\u00e9grit\u00e9 de votre marque est primordiale. Les conseils en propri\u00e9t\u00e9 industrielle et patent attorneys sp\u00e9cialis\u00e9s en commerce de d\u00e9tail et en mode de HGF se consacrent \u00e0 la gestion des portefeuilles de propri\u00e9t\u00e9 intellectuelle dans le secteur de la mode, en se concentrant sur tout...","breadcrumb":{"@id":"https:\/\/www.hgf.com\/fr\/industries\/commerce-de-detail\/#breadcrumb"},"inLanguage":"fr-FR","potentialAction":[{"@type":"ReadAction","target":["https:\/\/www.hgf.com\/fr\/industries\/commerce-de-detail\/"]}]},{"@type":"BreadcrumbList","@id":"https:\/\/www.hgf.com\/fr\/industries\/commerce-de-detail\/#breadcrumb","itemListElement":[{"@type":"ListItem","position":1,"name":"Industries","item":"https:\/\/www.hgf.com\/fr\/industries\/"},{"@type":"ListItem","position":2,"name":"Commerce de d\u00e9tail"}]},{"@type":"WebSite","@id":"https:\/\/www.hgf.com\/fr\/#website","url":"https:\/\/www.hgf.com\/fr\/","name":"HGF","description":"Intellectual Property Rights specialists","publisher":{"@id":"https:\/\/www.hgf.com\/fr\/#organization"},"potentialAction":[{"@type":"SearchAction","target":{"@type":"EntryPoint","urlTemplate":"https:\/\/www.hgf.com\/fr\/?s={search_term_string}"},"query-input":{"@type":"PropertyValueSpecification","valueRequired":true,"valueName":"search_term_string"}}],"inLanguage":"fr-FR"},{"@type":"Organization","@id":"https:\/\/www.hgf.com\/fr\/#organization","name":"HGF","url":"https:\/\/www.hgf.com\/fr\/","logo":{"@type":"ImageObject","inLanguage":"fr-FR","@id":"https:\/\/www.hgf.com\/fr\/#\/schema\/logo\/image\/","url":"https:\/\/www.hgf.com\/wp-content\/uploads\/2023\/04\/hgf-logo-696x696-1.png","contentUrl":"https:\/\/www.hgf.com\/wp-content\/uploads\/2023\/04\/hgf-logo-696x696-1.png","width":696,"height":696,"caption":"HGF"},"image":{"@id":"https:\/\/www.hgf.com\/fr\/#\/schema\/logo\/image\/"},"sameAs":["https:\/\/x.com\/hgf_ip","https:\/\/www.linkedin.com\/company\/hgf-limited-intellectual-property-specialists\/"]}]}},"_links":{"self":[{"href":"https:\/\/www.hgf.com\/fr\/wp-json\/wp\/v2\/pages\/9004111222133842","targetHints":{"allow":["GET"]}}],"collection":[{"href":"https:\/\/www.hgf.com\/fr\/wp-json\/wp\/v2\/pages"}],"about":[{"href":"https:\/\/www.hgf.com\/fr\/wp-json\/wp\/v2\/types\/page"}],"author":[{"embeddable":true,"href":"https:\/\/www.hgf.com\/fr\/wp-json\/wp\/v2\/users\/374"}],"replies":[{"embeddable":true,"href":"https:\/\/www.hgf.com\/fr\/wp-json\/wp\/v2\/comments?post=9004111222133842"}],"version-history":[{"count":0,"href":"https:\/\/www.hgf.com\/fr\/wp-json\/wp\/v2\/pages\/9004111222133842\/revisions"}],"up":[{"embeddable":true,"href":"https:\/\/www.hgf.com\/fr\/wp-json\/wp\/v2\/pages\/9004111222133807"}],"wp:attachment":[{"href":"https:\/\/www.hgf.com\/fr\/wp-json\/wp\/v2\/media?parent=9004111222133842"}],"curies":[{"name":"wp","href":"https:\/\/api.w.org\/{rel}","templated":true}]}}