{"id":9004111222133793,"date":"2019-12-02T10:22:36","date_gmt":"2019-12-02T10:22:36","guid":{"rendered":"https:\/\/www.hgf.com\/?page_id=9004111222133793"},"modified":"2026-03-25T08:34:12","modified_gmt":"2026-03-25T08:34:12","slug":"home","status":"publish","type":"page","link":"https:\/\/www.hgf.com\/fr\/","title":{"rendered":"Accueil"},"content":{"rendered":"<p>Pour nos clients, cela signifie plus que la simple fourniture de services. Nous construisons des relations personnelles solides et constituons des \u00e9quipes multidisciplinaires d\u2019experts qui comprennent profond\u00e9ment, et ont souvent une exp\u00e9rience directe, dans l\u2019industrie des clients. Cette approche nous permet de proposer des solutions sur mesure qui r\u00e9pondent aux besoins uniques de nos clients. Notre engagement \u00e0 investir dans nos collaborateurs est in\u00e9branlable. Nous permettons \u00e0 notre \u00e9quipe d\u2019\u00eatre authentique et d\u2019exceller dans tout ce qu\u2019elle entreprend. Gr\u00e2ce \u00e0 la technologie, au recrutement strat\u00e9gique et \u00e0 un leadership confiant, nous cultivons un environnement o\u00f9 l\u2019innovation prosp\u00e8re et o\u00f9 nos collaborateurs sont positionn\u00e9s pour guider les industriels.<\/p>\n<p>C\u2019est pourquoi nous apportons avec confiance une valeur tangible et durable aux entreprises de nos clients, en garantissant que leur propri\u00e9t\u00e9 intellectuelle est prot\u00e9g\u00e9e et optimis\u00e9e pour le succ\u00e8s.<\/p>\n","protected":false},"excerpt":{"rendered":"<p>Pour nos clients, cela signifie plus que la simple fourniture de services. Nous construisons des relations personnelles solides et constituons des \u00e9quipes multidisciplinaires d\u2019experts qui comprennent profond\u00e9ment, et ont souvent &hellip;<\/p>\n","protected":false},"author":473,"featured_media":0,"parent":0,"menu_order":0,"comment_status":"closed","ping_status":"closed","template":"views\/template-home.blade.php","meta":{"_acf_changed":false,"footnotes":""},"class_list":["post-9004111222133793","page","type-page","status-publish","hentry"],"acf":[],"yoast_head":"<!-- This site is optimized with the Yoast SEO Premium plugin v27.5 (Yoast SEO v27.5) - https:\/\/yoast.com\/product\/yoast-seo-premium-wordpress\/ -->\n<title>HGF - Conseils en Propri\u00e9t\u00e9 Industrielle<\/title>\n<meta name=\"description\" content=\"HGF, cabinet de conseils en propri\u00e9t\u00e9 intellectuelle europ\u00e9en, propose des services complets en brevets, marques, oppositions et recours.\" \/>\n<meta name=\"robots\" content=\"index, follow, max-snippet:-1, max-image-preview:large, max-video-preview:-1\" \/>\n<link rel=\"canonical\" href=\"https:\/\/www.hgf.com\/fr\/\" \/>\n<meta property=\"og:locale\" content=\"fr_FR\" \/>\n<meta property=\"og:type\" content=\"article\" \/>\n<meta property=\"og:title\" content=\"Accueil\" \/>\n<meta property=\"og:description\" content=\"Pour nos clients, cela signifie plus que la simple fourniture de services. Nous construisons des relations personnelles solides et constituons des \u00e9quipes\" \/>\n<meta property=\"og:url\" content=\"https:\/\/www.hgf.com\/fr\/\" \/>\n<meta property=\"og:site_name\" content=\"HGF\" \/>\n<meta property=\"article:modified_time\" content=\"2026-03-25T08:34:12+00:00\" \/>\n<meta property=\"og:image\" content=\"https:\/\/www.hgf.com\/wp-content\/uploads\/2023\/04\/hgf-logo-1200x675-1.png\" \/>\n\t<meta property=\"og:image:width\" content=\"1200\" \/>\n\t<meta property=\"og:image:height\" content=\"675\" \/>\n\t<meta property=\"og:image:type\" content=\"image\/png\" \/>\n<meta name=\"twitter:card\" content=\"summary_large_image\" \/>\n<meta name=\"twitter:site\" content=\"@hgf_ip\" \/>\n<meta name=\"twitter:label1\" content=\"Dur\u00e9e de lecture estim\u00e9e\" \/>\n\t<meta name=\"twitter:data1\" content=\"1 minute\" \/>\n<script type=\"application\/ld+json\" class=\"yoast-schema-graph\">{\"@context\":\"https:\\\/\\\/schema.org\",\"@graph\":[{\"@type\":\"WebPage\",\"@id\":\"https:\\\/\\\/www.hgf.com\\\/fr\\\/\",\"url\":\"https:\\\/\\\/www.hgf.com\\\/fr\\\/\",\"name\":\"HGF - Conseils en Propri\u00e9t\u00e9 Industrielle\",\"isPartOf\":{\"@id\":\"https:\\\/\\\/www.hgf.com\\\/fr\\\/#website\"},\"datePublished\":\"2019-12-02T10:22:36+00:00\",\"dateModified\":\"2026-03-25T08:34:12+00:00\",\"description\":\"HGF, cabinet de conseils en propri\u00e9t\u00e9 intellectuelle europ\u00e9en, propose des services complets en brevets, marques, oppositions et recours.\",\"inLanguage\":\"fr-FR\",\"potentialAction\":[{\"@type\":\"ReadAction\",\"target\":[\"https:\\\/\\\/www.hgf.com\\\/fr\\\/\"]}]},{\"@type\":\"WebSite\",\"@id\":\"https:\\\/\\\/www.hgf.com\\\/fr\\\/#website\",\"url\":\"https:\\\/\\\/www.hgf.com\\\/fr\\\/\",\"name\":\"HGF\",\"description\":\"Intellectual Property Rights specialists\",\"publisher\":{\"@id\":\"https:\\\/\\\/www.hgf.com\\\/fr\\\/#organization\"},\"potentialAction\":[{\"@type\":\"SearchAction\",\"target\":{\"@type\":\"EntryPoint\",\"urlTemplate\":\"https:\\\/\\\/www.hgf.com\\\/fr\\\/?s={search_term_string}\"},\"query-input\":{\"@type\":\"PropertyValueSpecification\",\"valueRequired\":true,\"valueName\":\"search_term_string\"}}],\"inLanguage\":\"fr-FR\"},{\"@type\":\"Organization\",\"@id\":\"https:\\\/\\\/www.hgf.com\\\/fr\\\/#organization\",\"name\":\"HGF\",\"url\":\"https:\\\/\\\/www.hgf.com\\\/fr\\\/\",\"logo\":{\"@type\":\"ImageObject\",\"inLanguage\":\"fr-FR\",\"@id\":\"https:\\\/\\\/www.hgf.com\\\/fr\\\/#\\\/schema\\\/logo\\\/image\\\/\",\"url\":\"https:\\\/\\\/www.hgf.com\\\/wp-content\\\/uploads\\\/2023\\\/04\\\/hgf-logo-696x696-1.png\",\"contentUrl\":\"https:\\\/\\\/www.hgf.com\\\/wp-content\\\/uploads\\\/2023\\\/04\\\/hgf-logo-696x696-1.png\",\"width\":696,\"height\":696,\"caption\":\"HGF\"},\"image\":{\"@id\":\"https:\\\/\\\/www.hgf.com\\\/fr\\\/#\\\/schema\\\/logo\\\/image\\\/\"},\"sameAs\":[\"https:\\\/\\\/x.com\\\/hgf_ip\",\"https:\\\/\\\/www.linkedin.com\\\/company\\\/hgf-limited-intellectual-property-specialists\\\/\"]}]}<\/script>\n<!-- \/ Yoast SEO Premium plugin. -->","yoast_head_json":{"title":"HGF - Conseils en Propri\u00e9t\u00e9 Industrielle","description":"HGF, cabinet de conseils en propri\u00e9t\u00e9 intellectuelle europ\u00e9en, propose des services complets en brevets, marques, oppositions et recours.","robots":{"index":"index","follow":"follow","max-snippet":"max-snippet:-1","max-image-preview":"max-image-preview:large","max-video-preview":"max-video-preview:-1"},"canonical":"https:\/\/www.hgf.com\/fr\/","og_locale":"fr_FR","og_type":"article","og_title":"Accueil","og_description":"Pour nos clients, cela signifie plus que la simple fourniture de services. Nous construisons des relations personnelles solides et constituons des \u00e9quipes","og_url":"https:\/\/www.hgf.com\/fr\/","og_site_name":"HGF","article_modified_time":"2026-03-25T08:34:12+00:00","og_image":[{"width":1200,"height":675,"url":"https:\/\/www.hgf.com\/wp-content\/uploads\/2023\/04\/hgf-logo-1200x675-1.png","type":"image\/png"}],"twitter_card":"summary_large_image","twitter_site":"@hgf_ip","twitter_misc":{"Dur\u00e9e de lecture estim\u00e9e":"1 minute"},"schema":{"@context":"https:\/\/schema.org","@graph":[{"@type":"WebPage","@id":"https:\/\/www.hgf.com\/fr\/","url":"https:\/\/www.hgf.com\/fr\/","name":"HGF - Conseils en Propri\u00e9t\u00e9 Industrielle","isPartOf":{"@id":"https:\/\/www.hgf.com\/fr\/#website"},"datePublished":"2019-12-02T10:22:36+00:00","dateModified":"2026-03-25T08:34:12+00:00","description":"HGF, cabinet de conseils en propri\u00e9t\u00e9 intellectuelle europ\u00e9en, propose des services complets en brevets, marques, oppositions et recours.","inLanguage":"fr-FR","potentialAction":[{"@type":"ReadAction","target":["https:\/\/www.hgf.com\/fr\/"]}]},{"@type":"WebSite","@id":"https:\/\/www.hgf.com\/fr\/#website","url":"https:\/\/www.hgf.com\/fr\/","name":"HGF","description":"Intellectual Property Rights specialists","publisher":{"@id":"https:\/\/www.hgf.com\/fr\/#organization"},"potentialAction":[{"@type":"SearchAction","target":{"@type":"EntryPoint","urlTemplate":"https:\/\/www.hgf.com\/fr\/?s={search_term_string}"},"query-input":{"@type":"PropertyValueSpecification","valueRequired":true,"valueName":"search_term_string"}}],"inLanguage":"fr-FR"},{"@type":"Organization","@id":"https:\/\/www.hgf.com\/fr\/#organization","name":"HGF","url":"https:\/\/www.hgf.com\/fr\/","logo":{"@type":"ImageObject","inLanguage":"fr-FR","@id":"https:\/\/www.hgf.com\/fr\/#\/schema\/logo\/image\/","url":"https:\/\/www.hgf.com\/wp-content\/uploads\/2023\/04\/hgf-logo-696x696-1.png","contentUrl":"https:\/\/www.hgf.com\/wp-content\/uploads\/2023\/04\/hgf-logo-696x696-1.png","width":696,"height":696,"caption":"HGF"},"image":{"@id":"https:\/\/www.hgf.com\/fr\/#\/schema\/logo\/image\/"},"sameAs":["https:\/\/x.com\/hgf_ip","https:\/\/www.linkedin.com\/company\/hgf-limited-intellectual-property-specialists\/"]}]}},"_links":{"self":[{"href":"https:\/\/www.hgf.com\/fr\/wp-json\/wp\/v2\/pages\/9004111222133793","targetHints":{"allow":["GET"]}}],"collection":[{"href":"https:\/\/www.hgf.com\/fr\/wp-json\/wp\/v2\/pages"}],"about":[{"href":"https:\/\/www.hgf.com\/fr\/wp-json\/wp\/v2\/types\/page"}],"author":[{"embeddable":true,"href":"https:\/\/www.hgf.com\/fr\/wp-json\/wp\/v2\/users\/473"}],"replies":[{"embeddable":true,"href":"https:\/\/www.hgf.com\/fr\/wp-json\/wp\/v2\/comments?post=9004111222133793"}],"version-history":[{"count":0,"href":"https:\/\/www.hgf.com\/fr\/wp-json\/wp\/v2\/pages\/9004111222133793\/revisions"}],"wp:attachment":[{"href":"https:\/\/www.hgf.com\/fr\/wp-json\/wp\/v2\/media?parent=9004111222133793"}],"curies":[{"name":"wp","href":"https:\/\/api.w.org\/{rel}","templated":true}]}}