{"id":9004111222138946,"date":"2026-02-03T11:07:48","date_gmt":"2026-02-03T11:07:48","guid":{"rendered":"https:\/\/www.hgf.com\/?page_id=9004111222138946"},"modified":"2026-02-03T11:56:10","modified_gmt":"2026-02-03T11:56:10","slug":"bristol","status":"publish","type":"page","link":"https:\/\/www.hgf.com\/de\/kontakt\/bristol\/","title":{"rendered":"Bristol"},"content":{"rendered":"<p class=\"p__large\"><em>HGF er\u00f6ffnete 2026 seinen Standort in Bristol, um die entwickelte Gemeinschaft innovativer Unternehmen und Universit\u00e4ten im S\u00fcdwesten sowie Kunden in ganz Gro\u00dfbritannien und Europa zu unterst\u00fctzen. Das B\u00fcro befindet sich am historischen Berkeley Square, im Herzen des beruflichen und akademischen \u00d6kosystems von Bristol.<\/em><\/p>\n<p style=\"font-weight: 400;\"><em>Das Team in Bristol arbeitet nahtlos mit dem umfangreichen Netzwerk von Spezialisten des Unternehmens in den Bereichen Markenrecht, Biowissenschaften, Lebenswissenschaften, Ingenieurwesen, Chemie und Elektronik zusammen, um Wissenschaft, KMU und multinationalen Organisationen umfassende Unterst\u00fctzung im Bereich des geistigen Eigentums zu bieten.<\/em><\/p>\n","protected":false},"excerpt":{"rendered":"<p>HGF er\u00f6ffnete 2026 seinen Standort in Bristol, um die entwickelte Gemeinschaft innovativer Unternehmen und Universit\u00e4ten im S\u00fcdwesten sowie Kunden in ganz Gro\u00dfbritannien und Europa zu unterst\u00fctzen. Das B\u00fcro befindet sich &hellip;<\/p>\n","protected":false},"author":376,"featured_media":0,"parent":9004111222111900,"menu_order":0,"comment_status":"closed","ping_status":"closed","template":"views\/template-office.blade.php","meta":{"_acf_changed":false,"footnotes":""},"class_list":["post-9004111222138946","page","type-page","status-publish","hentry"],"acf":[],"yoast_head":"<!-- This site is optimized with the Yoast SEO Premium plugin v27.3 (Yoast SEO v27.3) - https:\/\/yoast.com\/product\/yoast-seo-premium-wordpress\/ -->\n<title>Bristol - HGF<\/title>\n<meta name=\"robots\" content=\"index, follow, max-snippet:-1, max-image-preview:large, max-video-preview:-1\" \/>\n<link rel=\"canonical\" href=\"https:\/\/www.hgf.com\/de\/kontakt\/bristol\/\" \/>\n<meta property=\"og:locale\" content=\"de_DE\" \/>\n<meta property=\"og:type\" content=\"article\" \/>\n<meta property=\"og:title\" content=\"Bristol\" \/>\n<meta property=\"og:description\" content=\"HGF er\u00f6ffnete 2026 seinen Standort in Bristol, um die entwickelte Gemeinschaft innovativer Unternehmen und Universit\u00e4ten im S\u00fcdwesten sowie Kunden in ganz\" \/>\n<meta property=\"og:url\" content=\"https:\/\/www.hgf.com\/de\/kontakt\/bristol\/\" \/>\n<meta property=\"og:site_name\" content=\"HGF\" \/>\n<meta property=\"article:modified_time\" content=\"2026-02-03T11:56:10+00:00\" \/>\n<meta property=\"og:image\" content=\"https:\/\/www.hgf.com\/wp-content\/uploads\/2023\/04\/hgf-logo-1200x675-1.png\" \/>\n\t<meta property=\"og:image:width\" content=\"1200\" \/>\n\t<meta property=\"og:image:height\" content=\"675\" \/>\n\t<meta property=\"og:image:type\" content=\"image\/png\" \/>\n<meta name=\"twitter:card\" content=\"summary_large_image\" \/>\n<meta name=\"twitter:site\" content=\"@hgf_ip\" \/>\n<script type=\"application\/ld+json\" class=\"yoast-schema-graph\">{\"@context\":\"https:\\\/\\\/schema.org\",\"@graph\":[{\"@type\":\"WebPage\",\"@id\":\"https:\\\/\\\/www.hgf.com\\\/de\\\/kontakt\\\/bristol\\\/\",\"url\":\"https:\\\/\\\/www.hgf.com\\\/de\\\/kontakt\\\/bristol\\\/\",\"name\":\"Bristol - HGF\",\"isPartOf\":{\"@id\":\"https:\\\/\\\/www.hgf.com\\\/de\\\/#website\"},\"datePublished\":\"2026-02-03T11:07:48+00:00\",\"dateModified\":\"2026-02-03T11:56:10+00:00\",\"breadcrumb\":{\"@id\":\"https:\\\/\\\/www.hgf.com\\\/de\\\/kontakt\\\/bristol\\\/#breadcrumb\"},\"inLanguage\":\"de-DE\",\"potentialAction\":[{\"@type\":\"ReadAction\",\"target\":[\"https:\\\/\\\/www.hgf.com\\\/de\\\/kontakt\\\/bristol\\\/\"]}]},{\"@type\":\"BreadcrumbList\",\"@id\":\"https:\\\/\\\/www.hgf.com\\\/de\\\/kontakt\\\/bristol\\\/#breadcrumb\",\"itemListElement\":[{\"@type\":\"ListItem\",\"position\":1,\"name\":\"Kontakt\",\"item\":\"https:\\\/\\\/www.hgf.com\\\/de\\\/kontakt\\\/\"},{\"@type\":\"ListItem\",\"position\":2,\"name\":\"Bristol\"}]},{\"@type\":\"WebSite\",\"@id\":\"https:\\\/\\\/www.hgf.com\\\/de\\\/#website\",\"url\":\"https:\\\/\\\/www.hgf.com\\\/de\\\/\",\"name\":\"HGF\",\"description\":\"Intellectual Property Rights specialists\",\"publisher\":{\"@id\":\"https:\\\/\\\/www.hgf.com\\\/de\\\/#organization\"},\"potentialAction\":[{\"@type\":\"SearchAction\",\"target\":{\"@type\":\"EntryPoint\",\"urlTemplate\":\"https:\\\/\\\/www.hgf.com\\\/de\\\/?s={search_term_string}\"},\"query-input\":{\"@type\":\"PropertyValueSpecification\",\"valueRequired\":true,\"valueName\":\"search_term_string\"}}],\"inLanguage\":\"de-DE\"},{\"@type\":\"Organization\",\"@id\":\"https:\\\/\\\/www.hgf.com\\\/de\\\/#organization\",\"name\":\"HGF\",\"url\":\"https:\\\/\\\/www.hgf.com\\\/de\\\/\",\"logo\":{\"@type\":\"ImageObject\",\"inLanguage\":\"de-DE\",\"@id\":\"https:\\\/\\\/www.hgf.com\\\/de\\\/#\\\/schema\\\/logo\\\/image\\\/\",\"url\":\"https:\\\/\\\/www.hgf.com\\\/wp-content\\\/uploads\\\/2023\\\/04\\\/hgf-logo-696x696-1.png\",\"contentUrl\":\"https:\\\/\\\/www.hgf.com\\\/wp-content\\\/uploads\\\/2023\\\/04\\\/hgf-logo-696x696-1.png\",\"width\":696,\"height\":696,\"caption\":\"HGF\"},\"image\":{\"@id\":\"https:\\\/\\\/www.hgf.com\\\/de\\\/#\\\/schema\\\/logo\\\/image\\\/\"},\"sameAs\":[\"https:\\\/\\\/x.com\\\/hgf_ip\",\"https:\\\/\\\/www.linkedin.com\\\/company\\\/hgf-limited-intellectual-property-specialists\\\/\"]}]}<\/script>\n<!-- \/ Yoast SEO Premium plugin. -->","yoast_head_json":{"title":"Bristol - HGF","robots":{"index":"index","follow":"follow","max-snippet":"max-snippet:-1","max-image-preview":"max-image-preview:large","max-video-preview":"max-video-preview:-1"},"canonical":"https:\/\/www.hgf.com\/de\/kontakt\/bristol\/","og_locale":"de_DE","og_type":"article","og_title":"Bristol","og_description":"HGF er\u00f6ffnete 2026 seinen Standort in Bristol, um die entwickelte Gemeinschaft innovativer Unternehmen und Universit\u00e4ten im S\u00fcdwesten sowie Kunden in ganz","og_url":"https:\/\/www.hgf.com\/de\/kontakt\/bristol\/","og_site_name":"HGF","article_modified_time":"2026-02-03T11:56:10+00:00","og_image":[{"width":1200,"height":675,"url":"https:\/\/www.hgf.com\/wp-content\/uploads\/2023\/04\/hgf-logo-1200x675-1.png","type":"image\/png"}],"twitter_card":"summary_large_image","twitter_site":"@hgf_ip","schema":{"@context":"https:\/\/schema.org","@graph":[{"@type":"WebPage","@id":"https:\/\/www.hgf.com\/de\/kontakt\/bristol\/","url":"https:\/\/www.hgf.com\/de\/kontakt\/bristol\/","name":"Bristol - HGF","isPartOf":{"@id":"https:\/\/www.hgf.com\/de\/#website"},"datePublished":"2026-02-03T11:07:48+00:00","dateModified":"2026-02-03T11:56:10+00:00","breadcrumb":{"@id":"https:\/\/www.hgf.com\/de\/kontakt\/bristol\/#breadcrumb"},"inLanguage":"de-DE","potentialAction":[{"@type":"ReadAction","target":["https:\/\/www.hgf.com\/de\/kontakt\/bristol\/"]}]},{"@type":"BreadcrumbList","@id":"https:\/\/www.hgf.com\/de\/kontakt\/bristol\/#breadcrumb","itemListElement":[{"@type":"ListItem","position":1,"name":"Kontakt","item":"https:\/\/www.hgf.com\/de\/kontakt\/"},{"@type":"ListItem","position":2,"name":"Bristol"}]},{"@type":"WebSite","@id":"https:\/\/www.hgf.com\/de\/#website","url":"https:\/\/www.hgf.com\/de\/","name":"HGF","description":"Intellectual Property Rights specialists","publisher":{"@id":"https:\/\/www.hgf.com\/de\/#organization"},"potentialAction":[{"@type":"SearchAction","target":{"@type":"EntryPoint","urlTemplate":"https:\/\/www.hgf.com\/de\/?s={search_term_string}"},"query-input":{"@type":"PropertyValueSpecification","valueRequired":true,"valueName":"search_term_string"}}],"inLanguage":"de-DE"},{"@type":"Organization","@id":"https:\/\/www.hgf.com\/de\/#organization","name":"HGF","url":"https:\/\/www.hgf.com\/de\/","logo":{"@type":"ImageObject","inLanguage":"de-DE","@id":"https:\/\/www.hgf.com\/de\/#\/schema\/logo\/image\/","url":"https:\/\/www.hgf.com\/wp-content\/uploads\/2023\/04\/hgf-logo-696x696-1.png","contentUrl":"https:\/\/www.hgf.com\/wp-content\/uploads\/2023\/04\/hgf-logo-696x696-1.png","width":696,"height":696,"caption":"HGF"},"image":{"@id":"https:\/\/www.hgf.com\/de\/#\/schema\/logo\/image\/"},"sameAs":["https:\/\/x.com\/hgf_ip","https:\/\/www.linkedin.com\/company\/hgf-limited-intellectual-property-specialists\/"]}]}},"_links":{"self":[{"href":"https:\/\/www.hgf.com\/de\/wp-json\/wp\/v2\/pages\/9004111222138946","targetHints":{"allow":["GET"]}}],"collection":[{"href":"https:\/\/www.hgf.com\/de\/wp-json\/wp\/v2\/pages"}],"about":[{"href":"https:\/\/www.hgf.com\/de\/wp-json\/wp\/v2\/types\/page"}],"author":[{"embeddable":true,"href":"https:\/\/www.hgf.com\/de\/wp-json\/wp\/v2\/users\/376"}],"replies":[{"embeddable":true,"href":"https:\/\/www.hgf.com\/de\/wp-json\/wp\/v2\/comments?post=9004111222138946"}],"version-history":[{"count":0,"href":"https:\/\/www.hgf.com\/de\/wp-json\/wp\/v2\/pages\/9004111222138946\/revisions"}],"up":[{"embeddable":true,"href":"https:\/\/www.hgf.com\/de\/wp-json\/wp\/v2\/pages\/9004111222111900"}],"wp:attachment":[{"href":"https:\/\/www.hgf.com\/de\/wp-json\/wp\/v2\/media?parent=9004111222138946"}],"curies":[{"name":"wp","href":"https:\/\/api.w.org\/{rel}","templated":true}]}}