{"id":9004111222131709,"date":"2024-12-03T16:25:30","date_gmt":"2024-12-03T16:25:30","guid":{"rendered":"https:\/\/www.hgf.com\/?page_id=9004111222131709"},"modified":"2025-04-11T13:45:35","modified_gmt":"2025-04-11T12:45:35","slug":"paris","status":"publish","type":"page","link":"https:\/\/www.hgf.com\/de\/kontakt\/paris\/","title":{"rendered":"Paris"},"content":{"rendered":"<p class=\"p__large\"><span data-teams=\"true\">Nach dem Erfolg der im Juni 2021 er\u00f6ffneten Niederlassung in Rennes haben wir nun eine zweite Niederlassung in Frankreich mit Sitz in Paris er\u00f6ffnet.<\/span><\/p>\n<p><span data-teams=\"true\">Diese Niederlassung wird HGF in Frankreich unterst\u00fctzen, indem sie unseren lokalen und internationalen Mandanten weiteres Fachwissen zur Verf\u00fcgung stellt. Das Team wird auch mit multidisziplin\u00e4ren Spezialisten aus dem gesamten HGF-Netzwerk zusammenarbeiten, um fachkundige Beratung in den Bereichen Elektronik, Ingenieurwesen, Biowissenschaften, Chemie, Marken und IP-Recht anzubieten.<\/span><\/p>\n","protected":false},"excerpt":{"rendered":"<p>Nach dem Erfolg der im Juni 2021 er\u00f6ffneten Niederlassung in Rennes haben wir nun eine zweite Niederlassung in Frankreich mit Sitz in Paris er\u00f6ffnet. Diese Niederlassung wird HGF in Frankreich &hellip;<\/p>\n","protected":false},"author":316,"featured_media":0,"parent":9004111222111900,"menu_order":0,"comment_status":"closed","ping_status":"closed","template":"views\/template-office.blade.php","meta":{"_acf_changed":false,"footnotes":""},"class_list":["post-9004111222131709","page","type-page","status-publish","hentry"],"acf":[],"yoast_head":"<!-- This site is optimized with the Yoast SEO Premium plugin v27.3 (Yoast SEO v27.3) - https:\/\/yoast.com\/product\/yoast-seo-premium-wordpress\/ -->\n<title>Paris - HGF<\/title>\n<meta name=\"robots\" content=\"index, follow, max-snippet:-1, max-image-preview:large, max-video-preview:-1\" \/>\n<link rel=\"canonical\" href=\"https:\/\/www.hgf.com\/de\/kontakt\/paris\/\" \/>\n<meta property=\"og:locale\" content=\"de_DE\" \/>\n<meta property=\"og:type\" content=\"article\" \/>\n<meta property=\"og:title\" content=\"Paris\" \/>\n<meta property=\"og:description\" content=\"Nach dem Erfolg der im Juni 2021 er\u00f6ffneten Niederlassung in Rennes haben wir nun eine zweite Niederlassung in Frankreich mit Sitz in Paris er\u00f6ffnet.\" \/>\n<meta property=\"og:url\" content=\"https:\/\/www.hgf.com\/de\/kontakt\/paris\/\" \/>\n<meta property=\"og:site_name\" content=\"HGF\" \/>\n<meta property=\"article:modified_time\" content=\"2025-04-11T12:45:35+00:00\" \/>\n<meta property=\"og:image\" content=\"https:\/\/www.hgf.com\/wp-content\/uploads\/2023\/04\/hgf-logo-1200x675-1.png\" \/>\n\t<meta property=\"og:image:width\" content=\"1200\" \/>\n\t<meta property=\"og:image:height\" content=\"675\" \/>\n\t<meta property=\"og:image:type\" content=\"image\/png\" \/>\n<meta name=\"twitter:card\" content=\"summary_large_image\" \/>\n<meta name=\"twitter:site\" content=\"@hgf_ip\" \/>\n<script type=\"application\/ld+json\" class=\"yoast-schema-graph\">{\"@context\":\"https:\\\/\\\/schema.org\",\"@graph\":[{\"@type\":\"WebPage\",\"@id\":\"https:\\\/\\\/www.hgf.com\\\/de\\\/kontakt\\\/paris\\\/\",\"url\":\"https:\\\/\\\/www.hgf.com\\\/de\\\/kontakt\\\/paris\\\/\",\"name\":\"Paris - HGF\",\"isPartOf\":{\"@id\":\"https:\\\/\\\/www.hgf.com\\\/de\\\/#website\"},\"datePublished\":\"2024-12-03T16:25:30+00:00\",\"dateModified\":\"2025-04-11T12:45:35+00:00\",\"breadcrumb\":{\"@id\":\"https:\\\/\\\/www.hgf.com\\\/de\\\/kontakt\\\/paris\\\/#breadcrumb\"},\"inLanguage\":\"de-DE\",\"potentialAction\":[{\"@type\":\"ReadAction\",\"target\":[\"https:\\\/\\\/www.hgf.com\\\/de\\\/kontakt\\\/paris\\\/\"]}]},{\"@type\":\"BreadcrumbList\",\"@id\":\"https:\\\/\\\/www.hgf.com\\\/de\\\/kontakt\\\/paris\\\/#breadcrumb\",\"itemListElement\":[{\"@type\":\"ListItem\",\"position\":1,\"name\":\"Kontakt\",\"item\":\"https:\\\/\\\/www.hgf.com\\\/de\\\/kontakt\\\/\"},{\"@type\":\"ListItem\",\"position\":2,\"name\":\"Paris\"}]},{\"@type\":\"WebSite\",\"@id\":\"https:\\\/\\\/www.hgf.com\\\/de\\\/#website\",\"url\":\"https:\\\/\\\/www.hgf.com\\\/de\\\/\",\"name\":\"HGF\",\"description\":\"Intellectual Property Rights specialists\",\"publisher\":{\"@id\":\"https:\\\/\\\/www.hgf.com\\\/de\\\/#organization\"},\"potentialAction\":[{\"@type\":\"SearchAction\",\"target\":{\"@type\":\"EntryPoint\",\"urlTemplate\":\"https:\\\/\\\/www.hgf.com\\\/de\\\/?s={search_term_string}\"},\"query-input\":{\"@type\":\"PropertyValueSpecification\",\"valueRequired\":true,\"valueName\":\"search_term_string\"}}],\"inLanguage\":\"de-DE\"},{\"@type\":\"Organization\",\"@id\":\"https:\\\/\\\/www.hgf.com\\\/de\\\/#organization\",\"name\":\"HGF\",\"url\":\"https:\\\/\\\/www.hgf.com\\\/de\\\/\",\"logo\":{\"@type\":\"ImageObject\",\"inLanguage\":\"de-DE\",\"@id\":\"https:\\\/\\\/www.hgf.com\\\/de\\\/#\\\/schema\\\/logo\\\/image\\\/\",\"url\":\"https:\\\/\\\/www.hgf.com\\\/wp-content\\\/uploads\\\/2023\\\/04\\\/hgf-logo-696x696-1.png\",\"contentUrl\":\"https:\\\/\\\/www.hgf.com\\\/wp-content\\\/uploads\\\/2023\\\/04\\\/hgf-logo-696x696-1.png\",\"width\":696,\"height\":696,\"caption\":\"HGF\"},\"image\":{\"@id\":\"https:\\\/\\\/www.hgf.com\\\/de\\\/#\\\/schema\\\/logo\\\/image\\\/\"},\"sameAs\":[\"https:\\\/\\\/x.com\\\/hgf_ip\",\"https:\\\/\\\/www.linkedin.com\\\/company\\\/hgf-limited-intellectual-property-specialists\\\/\"]}]}<\/script>\n<!-- \/ Yoast SEO Premium plugin. -->","yoast_head_json":{"title":"Paris - HGF","robots":{"index":"index","follow":"follow","max-snippet":"max-snippet:-1","max-image-preview":"max-image-preview:large","max-video-preview":"max-video-preview:-1"},"canonical":"https:\/\/www.hgf.com\/de\/kontakt\/paris\/","og_locale":"de_DE","og_type":"article","og_title":"Paris","og_description":"Nach dem Erfolg der im Juni 2021 er\u00f6ffneten Niederlassung in Rennes haben wir nun eine zweite Niederlassung in Frankreich mit Sitz in Paris er\u00f6ffnet.","og_url":"https:\/\/www.hgf.com\/de\/kontakt\/paris\/","og_site_name":"HGF","article_modified_time":"2025-04-11T12:45:35+00:00","og_image":[{"width":1200,"height":675,"url":"https:\/\/www.hgf.com\/wp-content\/uploads\/2023\/04\/hgf-logo-1200x675-1.png","type":"image\/png"}],"twitter_card":"summary_large_image","twitter_site":"@hgf_ip","schema":{"@context":"https:\/\/schema.org","@graph":[{"@type":"WebPage","@id":"https:\/\/www.hgf.com\/de\/kontakt\/paris\/","url":"https:\/\/www.hgf.com\/de\/kontakt\/paris\/","name":"Paris - HGF","isPartOf":{"@id":"https:\/\/www.hgf.com\/de\/#website"},"datePublished":"2024-12-03T16:25:30+00:00","dateModified":"2025-04-11T12:45:35+00:00","breadcrumb":{"@id":"https:\/\/www.hgf.com\/de\/kontakt\/paris\/#breadcrumb"},"inLanguage":"de-DE","potentialAction":[{"@type":"ReadAction","target":["https:\/\/www.hgf.com\/de\/kontakt\/paris\/"]}]},{"@type":"BreadcrumbList","@id":"https:\/\/www.hgf.com\/de\/kontakt\/paris\/#breadcrumb","itemListElement":[{"@type":"ListItem","position":1,"name":"Kontakt","item":"https:\/\/www.hgf.com\/de\/kontakt\/"},{"@type":"ListItem","position":2,"name":"Paris"}]},{"@type":"WebSite","@id":"https:\/\/www.hgf.com\/de\/#website","url":"https:\/\/www.hgf.com\/de\/","name":"HGF","description":"Intellectual Property Rights specialists","publisher":{"@id":"https:\/\/www.hgf.com\/de\/#organization"},"potentialAction":[{"@type":"SearchAction","target":{"@type":"EntryPoint","urlTemplate":"https:\/\/www.hgf.com\/de\/?s={search_term_string}"},"query-input":{"@type":"PropertyValueSpecification","valueRequired":true,"valueName":"search_term_string"}}],"inLanguage":"de-DE"},{"@type":"Organization","@id":"https:\/\/www.hgf.com\/de\/#organization","name":"HGF","url":"https:\/\/www.hgf.com\/de\/","logo":{"@type":"ImageObject","inLanguage":"de-DE","@id":"https:\/\/www.hgf.com\/de\/#\/schema\/logo\/image\/","url":"https:\/\/www.hgf.com\/wp-content\/uploads\/2023\/04\/hgf-logo-696x696-1.png","contentUrl":"https:\/\/www.hgf.com\/wp-content\/uploads\/2023\/04\/hgf-logo-696x696-1.png","width":696,"height":696,"caption":"HGF"},"image":{"@id":"https:\/\/www.hgf.com\/de\/#\/schema\/logo\/image\/"},"sameAs":["https:\/\/x.com\/hgf_ip","https:\/\/www.linkedin.com\/company\/hgf-limited-intellectual-property-specialists\/"]}]}},"_links":{"self":[{"href":"https:\/\/www.hgf.com\/de\/wp-json\/wp\/v2\/pages\/9004111222131709","targetHints":{"allow":["GET"]}}],"collection":[{"href":"https:\/\/www.hgf.com\/de\/wp-json\/wp\/v2\/pages"}],"about":[{"href":"https:\/\/www.hgf.com\/de\/wp-json\/wp\/v2\/types\/page"}],"author":[{"embeddable":true,"href":"https:\/\/www.hgf.com\/de\/wp-json\/wp\/v2\/users\/316"}],"replies":[{"embeddable":true,"href":"https:\/\/www.hgf.com\/de\/wp-json\/wp\/v2\/comments?post=9004111222131709"}],"version-history":[{"count":0,"href":"https:\/\/www.hgf.com\/de\/wp-json\/wp\/v2\/pages\/9004111222131709\/revisions"}],"up":[{"embeddable":true,"href":"https:\/\/www.hgf.com\/de\/wp-json\/wp\/v2\/pages\/9004111222111900"}],"wp:attachment":[{"href":"https:\/\/www.hgf.com\/de\/wp-json\/wp\/v2\/media?parent=9004111222131709"}],"curies":[{"name":"wp","href":"https:\/\/api.w.org\/{rel}","templated":true}]}}