{"id":9004111222112117,"date":"2022-06-28T08:23:46","date_gmt":"2022-06-28T07:23:46","guid":{"rendered":"https:\/\/www.hgf.com\/?page_id=9004111222112117"},"modified":"2024-09-19T11:36:20","modified_gmt":"2024-09-19T10:36:20","slug":"upc-und-vereinbarungen","status":"publish","type":"page","link":"https:\/\/www.hgf.com\/de\/upc\/upc-und-vereinbarungen\/","title":{"rendered":"UPC und Vereinbarungen"},"content":{"rendered":"<p>Das UPC k\u00f6nnte erhebliche Auswirkungen auf Vereinbarungen im Zusammenhang mit Patenten in R-MS haben. Unternehmen sollten Vereinbarungen \u00fcber Patente, die in den Zust\u00e4ndigkeitsbereich des UPC fallen k\u00f6nnten, einer \u00dcberpr\u00fcfung unterziehen. So k\u00f6nnen Sie bei Bedarf fr\u00fchzeitig Ma\u00dfnahmen ergreifen.<\/p>\n<p>Dazu geh\u00f6ren Kooperationsvereinbarungen, Miteigentumsvereinbarungen und Patentlizenzen, aber auch Materialtransfervereinbarungen, Forschungs- und Auftragsdienstleistungsvertr\u00e4ge, Produktionsvereinbarungen oder Entwicklungs- und Vermarktungsvereinbarungen.<\/p>\n<p><strong>Das Opt-out<\/strong><\/p>\n<p>Derzeit beziehen sich nur sehr wenige Vertr\u00e4ge, die sich mit europ\u00e4ischen Patenten befassen, direkt auf die Entscheidung, einen Antrag auf Opt-out zu stellen oder dieses Opt-out zur\u00fcckzuziehen. Die Auswirkungen des UPC sollten in allen Vertr\u00e4gen, die sich auf Patente beziehen, angesprochen und in jede Due Diligence-Bewertung von Verm\u00f6genswerten des geistigen Eigentums, die f\u00fcr eine Einlizenzierung oder einen Erwerb gepr\u00fcft werden, einbezogen werden.<\/p>\n<p><strong>Miteigentum\/Gemeinschaftseigentum<\/strong><\/p>\n<p>Patente im gemeinsamen Eigentum oder Miteigentum (d. h., wenn verschiedene Validierungen verschiedenen Eigent\u00fcmern geh\u00f6ren) werfen in Bezug auf das UPC eigene Probleme auf. Das unmittelbare Problem ist die Aus\u00fcbung des Opt-out.<\/p>\n<p>Wenn es eine Vereinbarung gibt, sollte diese genau \u00fcberpr\u00fcft werden, um festzustellen, ob es Klauseln gibt, die zur Kl\u00e4rung der Verantwortlichkeiten beitragen k\u00f6nnen. Gibt es keine hilfreichen Klauseln, sollten Sie so bald wie m\u00f6glich einen Dialog mit der Partei aufnehmen, mit der Sie gemeinsame EPs besitzen oder besessen haben.<\/p>\n<p>Wenn keine gegenteilige Vereinbarung getroffen wurde, kann ein EP, das im gemeinsamen Eigentum oder Miteigentum steht, nur dann der Zust\u00e4ndigkeit des UPC entzogen werden, wenn alle Inhaber des EP dem Opt-out zustimmen. Gibt es keine Zustimmung, kann das Opt-out nicht wirksam ausge\u00fcbt werden.<\/p>\n<p><strong>Lizenznehmer<\/strong><\/p>\n<p>Lizenznehmer, selbst ausschlie\u00dfliche Lizenznehmer, haben nicht automatisch das Recht, an der Entscheidung \u00fcber das Opt-out der Patentrechte beteiligt zu werden. In Ermangelung einer gegenteiligen Vereinbarung k\u00f6nnen die Patentinhaber selbst entscheiden, ob sie das Opt-out in Anspruch nehmen wollen oder nicht.<\/p>\n<p>In vielen F\u00e4llen werden die Interessen des Lizenznehmers und des Patentinhabers gleichgerichtet sein. Es kann jedoch zu Meinungsverschiedenheiten zwischen dem Patentinhaber und dem Lizenznehmer oder sogar zwischen verschiedenen Lizenznehmern kommen. Die Aufnahme von Gespr\u00e4chen \u00fcber das Opt-out k\u00f6nnte als Gelegenheit genutzt werden, andere Lizenzbedingungen neu auszuhandeln.<\/p>\n<p>Viele Patentinhaber, insbesondere solche mit exklusiven Lizenznehmern, werden die Meinung ihrer Lizenznehmer einholen. Die Lizenznehmer sollten die Lizenzbedingungen \u00fcberpr\u00fcfen und, wenn sie eine Opt-out-Strategie bevorzugen, dies dem Patentinhaber so fr\u00fch wie m\u00f6glich mitteilen. Wenn eine Einigung erzielt werden kann, sollte diese protokolliert und m\u00f6glicherweise in Form eines Sideletters oder einer \u00c4nderung formell vereinbart werden.<\/p>\n<p><a href=\"https:\/\/www.hgf.com\/news\/a-new-unitary-patent-and-unified-patent-court-are-you-upc-ready-a-guide-for-licensees\/\" target=\"_blank\" rel=\"noopener\">Lesen Sie unseren Leitfaden f\u00fcr UPC-Lizenznehmer<\/a><\/p>\n<p><strong>Ber\u00fccksichtigung des UPC in IP-Vertr\u00e4gen<\/strong><\/p>\n<p>Alle neuen Vereinbarungen, die Klauseln enthalten, die das Eigentum und die Nutzung von Patenten innerhalb von R-MS regeln, m\u00fcssen die Auswirkungen des UPC ber\u00fccksichtigen. Dabei sollten insbesondere die folgenden Punkte ber\u00fccksichtigt werden:<\/p>\n<ul>\n<li>Wenn mehrere Parteien beteiligt sind, nach welchem Verfahren wird vereinbart, ob das\/die EP-Patent(e) rechtzeitig aus der Rechtsprechung des UPC herausgenommen werden sollen? Dabei k\u00f6nnte auch vereinbart werden, welche Partei als &#8220;gemeinsamer Ansprechpartner&#8221; f\u00fcr den Antrag auf Opt-out gilt.<\/li>\n<li>Wenn es EP-Anmeldungen gibt, die unter die Vereinbarung fallen, sollten diese jetzt oder bei der Erteilung optiert werden oder sollten sie weiterhin der Zust\u00e4ndigkeit des UPC unterliegen?<\/li>\n<li>Wird f\u00fcr alle k\u00fcnftig erteilten Patente ein einheitlicher Schutz erlangt oder soll der traditionelle EP-Weg beschritten werden?<\/li>\n<li>F\u00fcr k\u00fcnftige EP-Anmeldungen sollte \u00fcberlegt werden, wie das geltende Recht anzuwenden w\u00e4re, wenn das EP als UP validiert w\u00fcrde. Wenn es mehr als einen Inhaber gibt, sollten die Reihenfolge der Mitinhaber und die Auswirkungen auf das anwendbare Recht ber\u00fccksichtigt werden.<\/li>\n<li>Nach Ablauf der \u00dcbergangsfrist (mindestens 7 Jahre) wird es keine M\u00f6glichkeit mehr geben, ein Opt-out zur\u00fcckzuziehen. Wer wird entscheiden, ob das Opt-out vor Ablauf der \u00dcbergangszeit zur\u00fcckgezogen werden soll?<\/li>\n<li>Wer wird die Entscheidung treffen, ob vor den nationalen Gerichten oder vor dem UPC geklagt wird, und wer wird f\u00fcr die F\u00fchrung und Finanzierung solcher Rechtsstreitigkeiten zust\u00e4ndig sein? Sollten die Rechte der ausschlie\u00dflichen Lizenznehmer, vor dem UPC zu klagen, eingeschr\u00e4nkt oder geregelt werden (z.B. Kosten, Entsch\u00e4digungen)?<\/li>\n<li>Wer wird im Falle einer tats\u00e4chlichen oder drohenden Verletzung des Patents entscheiden, ob ein Opt-out zur\u00fcckgezogen wird, um das Patent zentral vor dem UPC durchzusetzen?<\/li>\n<\/ul>\n<p>Es ist auch wichtig, die oben genannten Fragen bei der Due Diligence-Pr\u00fcfung von IP-Verm\u00f6genswerten zu ber\u00fccksichtigen, die f\u00fcr eine Einlizenzierung oder \u00dcbernahme gepr\u00fcft werden. Der Due Diligence-Prozess und die anschlie\u00dfenden Vertragsverhandlungen bieten oft eine gute Gelegenheit, um sicherzustellen, dass alle Opt-Out-Fragen gekl\u00e4rt und k\u00fcnftige Schwierigkeiten vermieden werden.<\/p>\n<p>Um Ihr Portfolio zukunftssicher zu machen, sollten Sie bei anh\u00e4ngigen EP-Anmeldungen in gemeinsamen Namen die Reihenfolge der gemeinsamen Anmelder ber\u00fccksichtigen. Nach der UP-Verordnung bestimmen die Reihenfolge und die &#8220;Nationalit\u00e4t&#8221; dieser Anmelder das einschl\u00e4gige Recht, das f\u00fcr die Behandlung eines einheitlichen Patents als Verm\u00f6gensgegenstand ma\u00dfgeblich ist. Wird das EP als UP validiert und vor Gericht verhandelt, wird dieses nationale Recht vom UPC in bestimmten Fragen angewandt. Das auf ein UP anwendbare Recht k\u00f6nnte daher sowohl bei Transaktionen als auch bei Rechtsstreitigkeiten von Bedeutung sein.<\/p>\n<p><strong>Anwendbares Recht und Einheitspatente<\/strong><\/p>\n<p>Das anwendbare Recht gilt ab dem Anmeldetag, und das f\u00fcr das UP geltende Recht wird durch sp\u00e4tere Eigentums\u00fcbertragungen nicht ber\u00fchrt.<\/p>\n<p>Nach der UP-Verordnung ist bei einem alleinigen Anmelder das Recht des teilnehmenden EU-Mitgliedstaats (R-MS) anwendbar, in dem der Anmelder am Tag der Anmeldung entweder seinen Wohnsitz oder seinen Hauptgesch\u00e4ftssitz hat.<\/p>\n<p>Hat der Anmelder weder einen Wohnsitz noch eine Hauptniederlassung in einem R-MS, so ist das Recht des R-MS anwendbar, in dem der Anmelder zum Zeitpunkt der Anmeldung eine Niederlassung hat.<\/p>\n<p>Bei mehreren Anmeldern gelten die gleichen Kriterien wie oben, und zwar in der Reihenfolge der Eintragung der Namen der Anmelder.<\/p>\n<p>Hat kein Anmelder einen Wohnsitz, Sitz oder eine Niederlassung in einem R-MS, in dem das Patent einheitliche Wirkung hat, so ist auf das UP als Verm\u00f6gensgegenstand das Recht des Staates anzuwenden, in dem das EPA seinen Sitz hat, d. h. deutsches Recht.<\/p>\n<p>Bis zur Erteilung des UP gilt f\u00fcr die europ\u00e4ische Patentanmeldung in jedem Bestimmungsstaat das Recht des Vertragsstaates, das f\u00fcr nationale Patentanmeldungen gilt.<\/p>\n<p>Wenn ein UP benannt wurde, wird es als einheitliches, nicht teilbares Recht behandelt. Das bedeutet, dass \u00dcbertragungen, Beschr\u00e4nkungen, Verl\u00e4ngerungen oder Verzicht in Bezug auf alle R-MS, die das UP abdeckt, wirksam werden.<\/p>\n<p>Das anwendbare Recht kann erhebliche Auswirkungen auf die UP-Rechte haben, da die Gesetze in den einzelnen R-MS unterschiedlich sind. Insbesondere in F\u00e4llen, in denen das UP im Miteigentum steht, sollte gepr\u00fcft werden, welches nationale Recht anwendbar ist und wie es sich z. B. auf Eigentums\u00fcbertragungen, Sicherheitsleistungen oder Lizenzen auswirkt.<\/p>\n","protected":false},"excerpt":{"rendered":"<p>Das UPC k\u00f6nnte erhebliche Auswirkungen auf Vereinbarungen im Zusammenhang mit Patenten in R-MS haben. Unternehmen sollten Vereinbarungen \u00fcber Patente, die in den Zust\u00e4ndigkeitsbereich des UPC fallen k\u00f6nnten, einer \u00dcberpr\u00fcfung unterziehen. &hellip;<\/p>\n","protected":false},"author":375,"featured_media":0,"parent":9004111222112106,"menu_order":0,"comment_status":"closed","ping_status":"closed","template":"","meta":{"_acf_changed":false,"footnotes":""},"class_list":["post-9004111222112117","page","type-page","status-publish","hentry"],"acf":[],"yoast_head":"<!-- This site is optimized with the Yoast SEO Premium plugin v27.4 (Yoast SEO v27.4) - https:\/\/yoast.com\/product\/yoast-seo-premium-wordpress\/ -->\n<title>UPC und Vereinbarungen - HGF<\/title>\n<meta name=\"robots\" content=\"index, follow, max-snippet:-1, max-image-preview:large, max-video-preview:-1\" \/>\n<link rel=\"canonical\" href=\"https:\/\/www.hgf.com\/de\/upc\/upc-und-vereinbarungen\/\" \/>\n<meta property=\"og:locale\" content=\"de_DE\" \/>\n<meta property=\"og:type\" content=\"article\" \/>\n<meta property=\"og:title\" content=\"UPC und Vereinbarungen\" \/>\n<meta property=\"og:description\" content=\"Das UPC k\u00f6nnte erhebliche Auswirkungen auf Vereinbarungen im Zusammenhang mit Patenten in R-MS haben. Unternehmen sollten Vereinbarungen \u00fcber Patente, die\" \/>\n<meta property=\"og:url\" content=\"https:\/\/www.hgf.com\/de\/upc\/upc-und-vereinbarungen\/\" \/>\n<meta property=\"og:site_name\" content=\"HGF\" \/>\n<meta property=\"article:modified_time\" content=\"2024-09-19T10:36:20+00:00\" \/>\n<meta property=\"og:image\" content=\"https:\/\/www.hgf.com\/wp-content\/uploads\/2023\/04\/hgf-logo-1200x675-1.png\" \/>\n\t<meta property=\"og:image:width\" content=\"1200\" \/>\n\t<meta property=\"og:image:height\" content=\"675\" \/>\n\t<meta property=\"og:image:type\" content=\"image\/png\" \/>\n<meta name=\"twitter:card\" content=\"summary_large_image\" \/>\n<meta name=\"twitter:site\" content=\"@hgf_ip\" \/>\n<meta name=\"twitter:label1\" content=\"Gesch\u00e4tzte Lesezeit\" \/>\n\t<meta name=\"twitter:data1\" content=\"6 Minuten\" \/>\n<script type=\"application\/ld+json\" class=\"yoast-schema-graph\">{\"@context\":\"https:\\\/\\\/schema.org\",\"@graph\":[{\"@type\":\"WebPage\",\"@id\":\"https:\\\/\\\/www.hgf.com\\\/de\\\/upc\\\/upc-und-vereinbarungen\\\/\",\"url\":\"https:\\\/\\\/www.hgf.com\\\/de\\\/upc\\\/upc-und-vereinbarungen\\\/\",\"name\":\"UPC und Vereinbarungen - HGF\",\"isPartOf\":{\"@id\":\"https:\\\/\\\/www.hgf.com\\\/de\\\/#website\"},\"datePublished\":\"2022-06-28T07:23:46+00:00\",\"dateModified\":\"2024-09-19T10:36:20+00:00\",\"breadcrumb\":{\"@id\":\"https:\\\/\\\/www.hgf.com\\\/de\\\/upc\\\/upc-und-vereinbarungen\\\/#breadcrumb\"},\"inLanguage\":\"de-DE\",\"potentialAction\":[{\"@type\":\"ReadAction\",\"target\":[\"https:\\\/\\\/www.hgf.com\\\/de\\\/upc\\\/upc-und-vereinbarungen\\\/\"]}]},{\"@type\":\"BreadcrumbList\",\"@id\":\"https:\\\/\\\/www.hgf.com\\\/de\\\/upc\\\/upc-und-vereinbarungen\\\/#breadcrumb\",\"itemListElement\":[{\"@type\":\"ListItem\",\"position\":1,\"name\":\"Ein neues Einheitspatent und ein einheitliches Patentgericht\",\"item\":\"https:\\\/\\\/www.hgf.com\\\/de\\\/upc\\\/\"},{\"@type\":\"ListItem\",\"position\":2,\"name\":\"UPC und Vereinbarungen\"}]},{\"@type\":\"WebSite\",\"@id\":\"https:\\\/\\\/www.hgf.com\\\/de\\\/#website\",\"url\":\"https:\\\/\\\/www.hgf.com\\\/de\\\/\",\"name\":\"HGF\",\"description\":\"Intellectual Property Rights specialists\",\"publisher\":{\"@id\":\"https:\\\/\\\/www.hgf.com\\\/de\\\/#organization\"},\"potentialAction\":[{\"@type\":\"SearchAction\",\"target\":{\"@type\":\"EntryPoint\",\"urlTemplate\":\"https:\\\/\\\/www.hgf.com\\\/de\\\/?s={search_term_string}\"},\"query-input\":{\"@type\":\"PropertyValueSpecification\",\"valueRequired\":true,\"valueName\":\"search_term_string\"}}],\"inLanguage\":\"de-DE\"},{\"@type\":\"Organization\",\"@id\":\"https:\\\/\\\/www.hgf.com\\\/de\\\/#organization\",\"name\":\"HGF\",\"url\":\"https:\\\/\\\/www.hgf.com\\\/de\\\/\",\"logo\":{\"@type\":\"ImageObject\",\"inLanguage\":\"de-DE\",\"@id\":\"https:\\\/\\\/www.hgf.com\\\/de\\\/#\\\/schema\\\/logo\\\/image\\\/\",\"url\":\"https:\\\/\\\/www.hgf.com\\\/wp-content\\\/uploads\\\/2023\\\/04\\\/hgf-logo-696x696-1.png\",\"contentUrl\":\"https:\\\/\\\/www.hgf.com\\\/wp-content\\\/uploads\\\/2023\\\/04\\\/hgf-logo-696x696-1.png\",\"width\":696,\"height\":696,\"caption\":\"HGF\"},\"image\":{\"@id\":\"https:\\\/\\\/www.hgf.com\\\/de\\\/#\\\/schema\\\/logo\\\/image\\\/\"},\"sameAs\":[\"https:\\\/\\\/x.com\\\/hgf_ip\",\"https:\\\/\\\/www.linkedin.com\\\/company\\\/hgf-limited-intellectual-property-specialists\\\/\"]}]}<\/script>\n<!-- \/ Yoast SEO Premium plugin. -->","yoast_head_json":{"title":"UPC und Vereinbarungen - HGF","robots":{"index":"index","follow":"follow","max-snippet":"max-snippet:-1","max-image-preview":"max-image-preview:large","max-video-preview":"max-video-preview:-1"},"canonical":"https:\/\/www.hgf.com\/de\/upc\/upc-und-vereinbarungen\/","og_locale":"de_DE","og_type":"article","og_title":"UPC und Vereinbarungen","og_description":"Das UPC k\u00f6nnte erhebliche Auswirkungen auf Vereinbarungen im Zusammenhang mit Patenten in R-MS haben. Unternehmen sollten Vereinbarungen \u00fcber Patente, die","og_url":"https:\/\/www.hgf.com\/de\/upc\/upc-und-vereinbarungen\/","og_site_name":"HGF","article_modified_time":"2024-09-19T10:36:20+00:00","og_image":[{"width":1200,"height":675,"url":"https:\/\/www.hgf.com\/wp-content\/uploads\/2023\/04\/hgf-logo-1200x675-1.png","type":"image\/png"}],"twitter_card":"summary_large_image","twitter_site":"@hgf_ip","twitter_misc":{"Gesch\u00e4tzte Lesezeit":"6 Minuten"},"schema":{"@context":"https:\/\/schema.org","@graph":[{"@type":"WebPage","@id":"https:\/\/www.hgf.com\/de\/upc\/upc-und-vereinbarungen\/","url":"https:\/\/www.hgf.com\/de\/upc\/upc-und-vereinbarungen\/","name":"UPC und Vereinbarungen - HGF","isPartOf":{"@id":"https:\/\/www.hgf.com\/de\/#website"},"datePublished":"2022-06-28T07:23:46+00:00","dateModified":"2024-09-19T10:36:20+00:00","breadcrumb":{"@id":"https:\/\/www.hgf.com\/de\/upc\/upc-und-vereinbarungen\/#breadcrumb"},"inLanguage":"de-DE","potentialAction":[{"@type":"ReadAction","target":["https:\/\/www.hgf.com\/de\/upc\/upc-und-vereinbarungen\/"]}]},{"@type":"BreadcrumbList","@id":"https:\/\/www.hgf.com\/de\/upc\/upc-und-vereinbarungen\/#breadcrumb","itemListElement":[{"@type":"ListItem","position":1,"name":"Ein neues Einheitspatent und ein einheitliches Patentgericht","item":"https:\/\/www.hgf.com\/de\/upc\/"},{"@type":"ListItem","position":2,"name":"UPC und Vereinbarungen"}]},{"@type":"WebSite","@id":"https:\/\/www.hgf.com\/de\/#website","url":"https:\/\/www.hgf.com\/de\/","name":"HGF","description":"Intellectual Property Rights specialists","publisher":{"@id":"https:\/\/www.hgf.com\/de\/#organization"},"potentialAction":[{"@type":"SearchAction","target":{"@type":"EntryPoint","urlTemplate":"https:\/\/www.hgf.com\/de\/?s={search_term_string}"},"query-input":{"@type":"PropertyValueSpecification","valueRequired":true,"valueName":"search_term_string"}}],"inLanguage":"de-DE"},{"@type":"Organization","@id":"https:\/\/www.hgf.com\/de\/#organization","name":"HGF","url":"https:\/\/www.hgf.com\/de\/","logo":{"@type":"ImageObject","inLanguage":"de-DE","@id":"https:\/\/www.hgf.com\/de\/#\/schema\/logo\/image\/","url":"https:\/\/www.hgf.com\/wp-content\/uploads\/2023\/04\/hgf-logo-696x696-1.png","contentUrl":"https:\/\/www.hgf.com\/wp-content\/uploads\/2023\/04\/hgf-logo-696x696-1.png","width":696,"height":696,"caption":"HGF"},"image":{"@id":"https:\/\/www.hgf.com\/de\/#\/schema\/logo\/image\/"},"sameAs":["https:\/\/x.com\/hgf_ip","https:\/\/www.linkedin.com\/company\/hgf-limited-intellectual-property-specialists\/"]}]}},"_links":{"self":[{"href":"https:\/\/www.hgf.com\/de\/wp-json\/wp\/v2\/pages\/9004111222112117","targetHints":{"allow":["GET"]}}],"collection":[{"href":"https:\/\/www.hgf.com\/de\/wp-json\/wp\/v2\/pages"}],"about":[{"href":"https:\/\/www.hgf.com\/de\/wp-json\/wp\/v2\/types\/page"}],"author":[{"embeddable":true,"href":"https:\/\/www.hgf.com\/de\/wp-json\/wp\/v2\/users\/375"}],"replies":[{"embeddable":true,"href":"https:\/\/www.hgf.com\/de\/wp-json\/wp\/v2\/comments?post=9004111222112117"}],"version-history":[{"count":0,"href":"https:\/\/www.hgf.com\/de\/wp-json\/wp\/v2\/pages\/9004111222112117\/revisions"}],"up":[{"embeddable":true,"href":"https:\/\/www.hgf.com\/de\/wp-json\/wp\/v2\/pages\/9004111222112106"}],"wp:attachment":[{"href":"https:\/\/www.hgf.com\/de\/wp-json\/wp\/v2\/media?parent=9004111222112117"}],"curies":[{"name":"wp","href":"https:\/\/api.w.org\/{rel}","templated":true}]}}