{"id":9004111222111895,"date":"2020-07-02T12:58:11","date_gmt":"2020-07-02T11:58:11","guid":{"rendered":"https:\/\/www.hgf.com\/?page_id=9004111222111895"},"modified":"2022-11-03T13:55:50","modified_gmt":"2022-11-03T13:55:50","slug":"e-mail-den-haag","status":"publish","type":"page","link":"https:\/\/www.hgf.com\/de\/kontakt\/den-haag\/e-mail-den-haag\/","title":{"rendered":"E-Mail: Den Haag"},"content":{"rendered":"<p class=\"p__large\">Wenn Sie wissen m\u00f6chten, wie eine Zusammenarbeit Ihres Unternehmens mit unserer Niederlassung in Den Haag aussehen k\u00f6nnte, oder eine allgemeine Anfrage haben, dann senden Sie uns bitte eine Mitteilung \u00fcber unser Formular. Wir leiten Ihre Anfrage an das am besten geeignete Mitglied unseres Teams weiter.<\/p>\n","protected":false},"excerpt":{"rendered":"<p>Wenn Sie wissen m\u00f6chten, wie eine Zusammenarbeit Ihres Unternehmens mit unserer Niederlassung in Den Haag aussehen k\u00f6nnte, oder eine allgemeine Anfrage haben, dann senden Sie uns bitte eine Mitteilung \u00fcber &hellip;<\/p>\n","protected":false},"author":374,"featured_media":0,"parent":9004111222111869,"menu_order":0,"comment_status":"closed","ping_status":"closed","template":"views\/template-contact-email.blade.php","meta":{"_acf_changed":false,"footnotes":""},"class_list":["post-9004111222111895","page","type-page","status-publish","hentry"],"acf":[],"yoast_head":"<!-- This site is optimized with the Yoast SEO Premium plugin v27.4 (Yoast SEO v27.4) - https:\/\/yoast.com\/product\/yoast-seo-premium-wordpress\/ -->\n<title>E-Mail: Den Haag - HGF<\/title>\n<meta name=\"robots\" content=\"index, follow, max-snippet:-1, max-image-preview:large, max-video-preview:-1\" \/>\n<link rel=\"canonical\" href=\"https:\/\/www.hgf.com\/de\/kontakt\/den-haag\/e-mail-den-haag\/\" \/>\n<meta property=\"og:locale\" content=\"de_DE\" \/>\n<meta property=\"og:type\" content=\"article\" \/>\n<meta property=\"og:title\" content=\"E-Mail: Den Haag\" \/>\n<meta property=\"og:description\" content=\"Wenn Sie wissen m\u00f6chten, wie eine Zusammenarbeit Ihres Unternehmens mit unserer Niederlassung in Den Haag aussehen k\u00f6nnte, oder eine allgemeine Anfrage\" \/>\n<meta property=\"og:url\" content=\"https:\/\/www.hgf.com\/de\/kontakt\/den-haag\/e-mail-den-haag\/\" \/>\n<meta property=\"og:site_name\" content=\"HGF\" \/>\n<meta property=\"article:modified_time\" content=\"2022-11-03T13:55:50+00:00\" \/>\n<meta property=\"og:image\" content=\"https:\/\/www.hgf.com\/wp-content\/uploads\/2023\/04\/hgf-logo-1200x675-1.png\" \/>\n\t<meta property=\"og:image:width\" content=\"1200\" \/>\n\t<meta property=\"og:image:height\" content=\"675\" \/>\n\t<meta property=\"og:image:type\" content=\"image\/png\" \/>\n<meta name=\"twitter:card\" content=\"summary_large_image\" \/>\n<meta name=\"twitter:site\" content=\"@hgf_ip\" \/>\n<script type=\"application\/ld+json\" class=\"yoast-schema-graph\">{\"@context\":\"https:\\\/\\\/schema.org\",\"@graph\":[{\"@type\":\"WebPage\",\"@id\":\"https:\\\/\\\/www.hgf.com\\\/de\\\/kontakt\\\/den-haag\\\/e-mail-den-haag\\\/\",\"url\":\"https:\\\/\\\/www.hgf.com\\\/de\\\/kontakt\\\/den-haag\\\/e-mail-den-haag\\\/\",\"name\":\"E-Mail: Den Haag - HGF\",\"isPartOf\":{\"@id\":\"https:\\\/\\\/www.hgf.com\\\/de\\\/#website\"},\"datePublished\":\"2020-07-02T11:58:11+00:00\",\"dateModified\":\"2022-11-03T13:55:50+00:00\",\"breadcrumb\":{\"@id\":\"https:\\\/\\\/www.hgf.com\\\/de\\\/kontakt\\\/den-haag\\\/e-mail-den-haag\\\/#breadcrumb\"},\"inLanguage\":\"de-DE\",\"potentialAction\":[{\"@type\":\"ReadAction\",\"target\":[\"https:\\\/\\\/www.hgf.com\\\/de\\\/kontakt\\\/den-haag\\\/e-mail-den-haag\\\/\"]}]},{\"@type\":\"BreadcrumbList\",\"@id\":\"https:\\\/\\\/www.hgf.com\\\/de\\\/kontakt\\\/den-haag\\\/e-mail-den-haag\\\/#breadcrumb\",\"itemListElement\":[{\"@type\":\"ListItem\",\"position\":1,\"name\":\"Kontakt\",\"item\":\"https:\\\/\\\/www.hgf.com\\\/de\\\/kontakt\\\/\"},{\"@type\":\"ListItem\",\"position\":2,\"name\":\"Den Haag\",\"item\":\"https:\\\/\\\/www.hgf.com\\\/de\\\/kontakt\\\/den-haag\\\/\"},{\"@type\":\"ListItem\",\"position\":3,\"name\":\"E-Mail: Den Haag\"}]},{\"@type\":\"WebSite\",\"@id\":\"https:\\\/\\\/www.hgf.com\\\/de\\\/#website\",\"url\":\"https:\\\/\\\/www.hgf.com\\\/de\\\/\",\"name\":\"HGF\",\"description\":\"Intellectual Property Rights specialists\",\"publisher\":{\"@id\":\"https:\\\/\\\/www.hgf.com\\\/de\\\/#organization\"},\"potentialAction\":[{\"@type\":\"SearchAction\",\"target\":{\"@type\":\"EntryPoint\",\"urlTemplate\":\"https:\\\/\\\/www.hgf.com\\\/de\\\/?s={search_term_string}\"},\"query-input\":{\"@type\":\"PropertyValueSpecification\",\"valueRequired\":true,\"valueName\":\"search_term_string\"}}],\"inLanguage\":\"de-DE\"},{\"@type\":\"Organization\",\"@id\":\"https:\\\/\\\/www.hgf.com\\\/de\\\/#organization\",\"name\":\"HGF\",\"url\":\"https:\\\/\\\/www.hgf.com\\\/de\\\/\",\"logo\":{\"@type\":\"ImageObject\",\"inLanguage\":\"de-DE\",\"@id\":\"https:\\\/\\\/www.hgf.com\\\/de\\\/#\\\/schema\\\/logo\\\/image\\\/\",\"url\":\"https:\\\/\\\/www.hgf.com\\\/wp-content\\\/uploads\\\/2023\\\/04\\\/hgf-logo-696x696-1.png\",\"contentUrl\":\"https:\\\/\\\/www.hgf.com\\\/wp-content\\\/uploads\\\/2023\\\/04\\\/hgf-logo-696x696-1.png\",\"width\":696,\"height\":696,\"caption\":\"HGF\"},\"image\":{\"@id\":\"https:\\\/\\\/www.hgf.com\\\/de\\\/#\\\/schema\\\/logo\\\/image\\\/\"},\"sameAs\":[\"https:\\\/\\\/x.com\\\/hgf_ip\",\"https:\\\/\\\/www.linkedin.com\\\/company\\\/hgf-limited-intellectual-property-specialists\\\/\"]}]}<\/script>\n<!-- \/ Yoast SEO Premium plugin. -->","yoast_head_json":{"title":"E-Mail: Den Haag - HGF","robots":{"index":"index","follow":"follow","max-snippet":"max-snippet:-1","max-image-preview":"max-image-preview:large","max-video-preview":"max-video-preview:-1"},"canonical":"https:\/\/www.hgf.com\/de\/kontakt\/den-haag\/e-mail-den-haag\/","og_locale":"de_DE","og_type":"article","og_title":"E-Mail: Den Haag","og_description":"Wenn Sie wissen m\u00f6chten, wie eine Zusammenarbeit Ihres Unternehmens mit unserer Niederlassung in Den Haag aussehen k\u00f6nnte, oder eine allgemeine Anfrage","og_url":"https:\/\/www.hgf.com\/de\/kontakt\/den-haag\/e-mail-den-haag\/","og_site_name":"HGF","article_modified_time":"2022-11-03T13:55:50+00:00","og_image":[{"width":1200,"height":675,"url":"https:\/\/www.hgf.com\/wp-content\/uploads\/2023\/04\/hgf-logo-1200x675-1.png","type":"image\/png"}],"twitter_card":"summary_large_image","twitter_site":"@hgf_ip","schema":{"@context":"https:\/\/schema.org","@graph":[{"@type":"WebPage","@id":"https:\/\/www.hgf.com\/de\/kontakt\/den-haag\/e-mail-den-haag\/","url":"https:\/\/www.hgf.com\/de\/kontakt\/den-haag\/e-mail-den-haag\/","name":"E-Mail: Den Haag - HGF","isPartOf":{"@id":"https:\/\/www.hgf.com\/de\/#website"},"datePublished":"2020-07-02T11:58:11+00:00","dateModified":"2022-11-03T13:55:50+00:00","breadcrumb":{"@id":"https:\/\/www.hgf.com\/de\/kontakt\/den-haag\/e-mail-den-haag\/#breadcrumb"},"inLanguage":"de-DE","potentialAction":[{"@type":"ReadAction","target":["https:\/\/www.hgf.com\/de\/kontakt\/den-haag\/e-mail-den-haag\/"]}]},{"@type":"BreadcrumbList","@id":"https:\/\/www.hgf.com\/de\/kontakt\/den-haag\/e-mail-den-haag\/#breadcrumb","itemListElement":[{"@type":"ListItem","position":1,"name":"Kontakt","item":"https:\/\/www.hgf.com\/de\/kontakt\/"},{"@type":"ListItem","position":2,"name":"Den Haag","item":"https:\/\/www.hgf.com\/de\/kontakt\/den-haag\/"},{"@type":"ListItem","position":3,"name":"E-Mail: Den Haag"}]},{"@type":"WebSite","@id":"https:\/\/www.hgf.com\/de\/#website","url":"https:\/\/www.hgf.com\/de\/","name":"HGF","description":"Intellectual Property Rights specialists","publisher":{"@id":"https:\/\/www.hgf.com\/de\/#organization"},"potentialAction":[{"@type":"SearchAction","target":{"@type":"EntryPoint","urlTemplate":"https:\/\/www.hgf.com\/de\/?s={search_term_string}"},"query-input":{"@type":"PropertyValueSpecification","valueRequired":true,"valueName":"search_term_string"}}],"inLanguage":"de-DE"},{"@type":"Organization","@id":"https:\/\/www.hgf.com\/de\/#organization","name":"HGF","url":"https:\/\/www.hgf.com\/de\/","logo":{"@type":"ImageObject","inLanguage":"de-DE","@id":"https:\/\/www.hgf.com\/de\/#\/schema\/logo\/image\/","url":"https:\/\/www.hgf.com\/wp-content\/uploads\/2023\/04\/hgf-logo-696x696-1.png","contentUrl":"https:\/\/www.hgf.com\/wp-content\/uploads\/2023\/04\/hgf-logo-696x696-1.png","width":696,"height":696,"caption":"HGF"},"image":{"@id":"https:\/\/www.hgf.com\/de\/#\/schema\/logo\/image\/"},"sameAs":["https:\/\/x.com\/hgf_ip","https:\/\/www.linkedin.com\/company\/hgf-limited-intellectual-property-specialists\/"]}]}},"_links":{"self":[{"href":"https:\/\/www.hgf.com\/de\/wp-json\/wp\/v2\/pages\/9004111222111895","targetHints":{"allow":["GET"]}}],"collection":[{"href":"https:\/\/www.hgf.com\/de\/wp-json\/wp\/v2\/pages"}],"about":[{"href":"https:\/\/www.hgf.com\/de\/wp-json\/wp\/v2\/types\/page"}],"author":[{"embeddable":true,"href":"https:\/\/www.hgf.com\/de\/wp-json\/wp\/v2\/users\/374"}],"replies":[{"embeddable":true,"href":"https:\/\/www.hgf.com\/de\/wp-json\/wp\/v2\/comments?post=9004111222111895"}],"version-history":[{"count":0,"href":"https:\/\/www.hgf.com\/de\/wp-json\/wp\/v2\/pages\/9004111222111895\/revisions"}],"up":[{"embeddable":true,"href":"https:\/\/www.hgf.com\/de\/wp-json\/wp\/v2\/pages\/9004111222111869"}],"wp:attachment":[{"href":"https:\/\/www.hgf.com\/de\/wp-json\/wp\/v2\/media?parent=9004111222111895"}],"curies":[{"name":"wp","href":"https:\/\/api.w.org\/{rel}","templated":true}]}}