{"id":9004111222111877,"date":"2020-06-26T18:52:52","date_gmt":"2020-06-26T17:52:52","guid":{"rendered":"https:\/\/www.hgf.com\/?page_id=9004111222111877"},"modified":"2024-10-11T09:19:30","modified_gmt":"2024-10-11T08:19:30","slug":"edinburgh","status":"publish","type":"page","link":"https:\/\/www.hgf.com\/de\/kontakt\/edinburgh\/","title":{"rendered":"Edinburgh"},"content":{"rendered":"<p class=\"p__large\">Im Jahr 2012 er\u00f6ffnete HGF seine dritte schottische Niederlassung in Edinburgh, um die Forschungs- und Entwicklungsarbeit der weltweit f\u00fchrenden Unternehmen und Universit\u00e4ten der Stadt zu unterst\u00fctzen.<\/p>\n<p>Da die Kanzlei sich vergr\u00f6\u00dfern und neue M\u00e4rkte mit Fachwissen versorgen wollte, zog das Team im Jahr 2020 in neue R\u00e4umlichkeiten um.<\/p>\n<p>Unsere in Edinburgh ans\u00e4ssigen Experten f\u00fcr Patent- und Markenrechte sind auf die Bereiche Chemie, Ingenieurwesen und Elektronik spezialisiert. Das Team bietet f\u00fchrenden schottischen KMUs und hochinnovativen Einzelpersonen sowie internationalen Blue-Chip-Unternehmen hochwertige, auf sie zugeschnittene Dienstleistungen im Bereich des gewerblichen Rechtsschutzes an.<\/p>\n","protected":false},"excerpt":{"rendered":"<p>Im Jahr 2012 er\u00f6ffnete HGF seine dritte schottische Niederlassung in Edinburgh, um die Forschungs- und Entwicklungsarbeit der weltweit f\u00fchrenden Unternehmen und Universit\u00e4ten der Stadt zu unterst\u00fctzen. Da die Kanzlei sich &hellip;<\/p>\n","protected":false},"author":374,"featured_media":0,"parent":9004111222111900,"menu_order":0,"comment_status":"closed","ping_status":"closed","template":"views\/template-office.blade.php","meta":{"_acf_changed":false,"footnotes":""},"class_list":["post-9004111222111877","page","type-page","status-publish","hentry"],"acf":[],"yoast_head":"<!-- This site is optimized with the Yoast SEO Premium plugin v27.4 (Yoast SEO v27.4) - https:\/\/yoast.com\/product\/yoast-seo-premium-wordpress\/ -->\n<title>HGF Limited - Edinburgh<\/title>\n<meta name=\"description\" content=\"Nach dem Erfolg der Niederlassungen in Glasgow und Aberdeen in Schottland er\u00f6ffnete HGF im Jahr 2012 eine Niederlassung in der Hauptstadt Edinburgh.\" \/>\n<meta name=\"robots\" content=\"index, follow, max-snippet:-1, max-image-preview:large, max-video-preview:-1\" \/>\n<link rel=\"canonical\" href=\"https:\/\/www.hgf.com\/de\/kontakt\/edinburgh\/\" \/>\n<meta property=\"og:locale\" content=\"de_DE\" \/>\n<meta property=\"og:type\" content=\"article\" \/>\n<meta property=\"og:title\" content=\"Edinburgh\" \/>\n<meta property=\"og:description\" content=\"Im Jahr 2012 er\u00f6ffnete HGF seine dritte schottische Niederlassung in Edinburgh, um die Forschungs- und Entwicklungsarbeit der weltweit f\u00fchrenden\" \/>\n<meta property=\"og:url\" content=\"https:\/\/www.hgf.com\/de\/kontakt\/edinburgh\/\" \/>\n<meta property=\"og:site_name\" content=\"HGF\" \/>\n<meta property=\"article:modified_time\" content=\"2024-10-11T08:19:30+00:00\" \/>\n<meta property=\"og:image\" content=\"https:\/\/www.hgf.com\/wp-content\/uploads\/2023\/04\/hgf-logo-1200x675-1.png\" \/>\n\t<meta property=\"og:image:width\" content=\"1200\" \/>\n\t<meta property=\"og:image:height\" content=\"675\" \/>\n\t<meta property=\"og:image:type\" content=\"image\/png\" \/>\n<meta name=\"twitter:card\" content=\"summary_large_image\" \/>\n<meta name=\"twitter:site\" content=\"@hgf_ip\" \/>\n<script type=\"application\/ld+json\" class=\"yoast-schema-graph\">{\"@context\":\"https:\\\/\\\/schema.org\",\"@graph\":[{\"@type\":\"WebPage\",\"@id\":\"https:\\\/\\\/www.hgf.com\\\/de\\\/kontakt\\\/edinburgh\\\/\",\"url\":\"https:\\\/\\\/www.hgf.com\\\/de\\\/kontakt\\\/edinburgh\\\/\",\"name\":\"HGF Limited - Edinburgh\",\"isPartOf\":{\"@id\":\"https:\\\/\\\/www.hgf.com\\\/de\\\/#website\"},\"datePublished\":\"2020-06-26T17:52:52+00:00\",\"dateModified\":\"2024-10-11T08:19:30+00:00\",\"description\":\"Nach dem Erfolg der Niederlassungen in Glasgow und Aberdeen in Schottland er\u00f6ffnete HGF im Jahr 2012 eine Niederlassung in der Hauptstadt Edinburgh.\",\"breadcrumb\":{\"@id\":\"https:\\\/\\\/www.hgf.com\\\/de\\\/kontakt\\\/edinburgh\\\/#breadcrumb\"},\"inLanguage\":\"de-DE\",\"potentialAction\":[{\"@type\":\"ReadAction\",\"target\":[\"https:\\\/\\\/www.hgf.com\\\/de\\\/kontakt\\\/edinburgh\\\/\"]}]},{\"@type\":\"BreadcrumbList\",\"@id\":\"https:\\\/\\\/www.hgf.com\\\/de\\\/kontakt\\\/edinburgh\\\/#breadcrumb\",\"itemListElement\":[{\"@type\":\"ListItem\",\"position\":1,\"name\":\"Kontakt\",\"item\":\"https:\\\/\\\/www.hgf.com\\\/de\\\/kontakt\\\/\"},{\"@type\":\"ListItem\",\"position\":2,\"name\":\"Edinburgh\"}]},{\"@type\":\"WebSite\",\"@id\":\"https:\\\/\\\/www.hgf.com\\\/de\\\/#website\",\"url\":\"https:\\\/\\\/www.hgf.com\\\/de\\\/\",\"name\":\"HGF\",\"description\":\"Intellectual Property Rights specialists\",\"publisher\":{\"@id\":\"https:\\\/\\\/www.hgf.com\\\/de\\\/#organization\"},\"potentialAction\":[{\"@type\":\"SearchAction\",\"target\":{\"@type\":\"EntryPoint\",\"urlTemplate\":\"https:\\\/\\\/www.hgf.com\\\/de\\\/?s={search_term_string}\"},\"query-input\":{\"@type\":\"PropertyValueSpecification\",\"valueRequired\":true,\"valueName\":\"search_term_string\"}}],\"inLanguage\":\"de-DE\"},{\"@type\":\"Organization\",\"@id\":\"https:\\\/\\\/www.hgf.com\\\/de\\\/#organization\",\"name\":\"HGF\",\"url\":\"https:\\\/\\\/www.hgf.com\\\/de\\\/\",\"logo\":{\"@type\":\"ImageObject\",\"inLanguage\":\"de-DE\",\"@id\":\"https:\\\/\\\/www.hgf.com\\\/de\\\/#\\\/schema\\\/logo\\\/image\\\/\",\"url\":\"https:\\\/\\\/www.hgf.com\\\/wp-content\\\/uploads\\\/2023\\\/04\\\/hgf-logo-696x696-1.png\",\"contentUrl\":\"https:\\\/\\\/www.hgf.com\\\/wp-content\\\/uploads\\\/2023\\\/04\\\/hgf-logo-696x696-1.png\",\"width\":696,\"height\":696,\"caption\":\"HGF\"},\"image\":{\"@id\":\"https:\\\/\\\/www.hgf.com\\\/de\\\/#\\\/schema\\\/logo\\\/image\\\/\"},\"sameAs\":[\"https:\\\/\\\/x.com\\\/hgf_ip\",\"https:\\\/\\\/www.linkedin.com\\\/company\\\/hgf-limited-intellectual-property-specialists\\\/\"]}]}<\/script>\n<!-- \/ Yoast SEO Premium plugin. -->","yoast_head_json":{"title":"HGF Limited - Edinburgh","description":"Nach dem Erfolg der Niederlassungen in Glasgow und Aberdeen in Schottland er\u00f6ffnete HGF im Jahr 2012 eine Niederlassung in der Hauptstadt Edinburgh.","robots":{"index":"index","follow":"follow","max-snippet":"max-snippet:-1","max-image-preview":"max-image-preview:large","max-video-preview":"max-video-preview:-1"},"canonical":"https:\/\/www.hgf.com\/de\/kontakt\/edinburgh\/","og_locale":"de_DE","og_type":"article","og_title":"Edinburgh","og_description":"Im Jahr 2012 er\u00f6ffnete HGF seine dritte schottische Niederlassung in Edinburgh, um die Forschungs- und Entwicklungsarbeit der weltweit f\u00fchrenden","og_url":"https:\/\/www.hgf.com\/de\/kontakt\/edinburgh\/","og_site_name":"HGF","article_modified_time":"2024-10-11T08:19:30+00:00","og_image":[{"width":1200,"height":675,"url":"https:\/\/www.hgf.com\/wp-content\/uploads\/2023\/04\/hgf-logo-1200x675-1.png","type":"image\/png"}],"twitter_card":"summary_large_image","twitter_site":"@hgf_ip","schema":{"@context":"https:\/\/schema.org","@graph":[{"@type":"WebPage","@id":"https:\/\/www.hgf.com\/de\/kontakt\/edinburgh\/","url":"https:\/\/www.hgf.com\/de\/kontakt\/edinburgh\/","name":"HGF Limited - Edinburgh","isPartOf":{"@id":"https:\/\/www.hgf.com\/de\/#website"},"datePublished":"2020-06-26T17:52:52+00:00","dateModified":"2024-10-11T08:19:30+00:00","description":"Nach dem Erfolg der Niederlassungen in Glasgow und Aberdeen in Schottland er\u00f6ffnete HGF im Jahr 2012 eine Niederlassung in der Hauptstadt Edinburgh.","breadcrumb":{"@id":"https:\/\/www.hgf.com\/de\/kontakt\/edinburgh\/#breadcrumb"},"inLanguage":"de-DE","potentialAction":[{"@type":"ReadAction","target":["https:\/\/www.hgf.com\/de\/kontakt\/edinburgh\/"]}]},{"@type":"BreadcrumbList","@id":"https:\/\/www.hgf.com\/de\/kontakt\/edinburgh\/#breadcrumb","itemListElement":[{"@type":"ListItem","position":1,"name":"Kontakt","item":"https:\/\/www.hgf.com\/de\/kontakt\/"},{"@type":"ListItem","position":2,"name":"Edinburgh"}]},{"@type":"WebSite","@id":"https:\/\/www.hgf.com\/de\/#website","url":"https:\/\/www.hgf.com\/de\/","name":"HGF","description":"Intellectual Property Rights specialists","publisher":{"@id":"https:\/\/www.hgf.com\/de\/#organization"},"potentialAction":[{"@type":"SearchAction","target":{"@type":"EntryPoint","urlTemplate":"https:\/\/www.hgf.com\/de\/?s={search_term_string}"},"query-input":{"@type":"PropertyValueSpecification","valueRequired":true,"valueName":"search_term_string"}}],"inLanguage":"de-DE"},{"@type":"Organization","@id":"https:\/\/www.hgf.com\/de\/#organization","name":"HGF","url":"https:\/\/www.hgf.com\/de\/","logo":{"@type":"ImageObject","inLanguage":"de-DE","@id":"https:\/\/www.hgf.com\/de\/#\/schema\/logo\/image\/","url":"https:\/\/www.hgf.com\/wp-content\/uploads\/2023\/04\/hgf-logo-696x696-1.png","contentUrl":"https:\/\/www.hgf.com\/wp-content\/uploads\/2023\/04\/hgf-logo-696x696-1.png","width":696,"height":696,"caption":"HGF"},"image":{"@id":"https:\/\/www.hgf.com\/de\/#\/schema\/logo\/image\/"},"sameAs":["https:\/\/x.com\/hgf_ip","https:\/\/www.linkedin.com\/company\/hgf-limited-intellectual-property-specialists\/"]}]}},"_links":{"self":[{"href":"https:\/\/www.hgf.com\/de\/wp-json\/wp\/v2\/pages\/9004111222111877","targetHints":{"allow":["GET"]}}],"collection":[{"href":"https:\/\/www.hgf.com\/de\/wp-json\/wp\/v2\/pages"}],"about":[{"href":"https:\/\/www.hgf.com\/de\/wp-json\/wp\/v2\/types\/page"}],"author":[{"embeddable":true,"href":"https:\/\/www.hgf.com\/de\/wp-json\/wp\/v2\/users\/374"}],"replies":[{"embeddable":true,"href":"https:\/\/www.hgf.com\/de\/wp-json\/wp\/v2\/comments?post=9004111222111877"}],"version-history":[{"count":0,"href":"https:\/\/www.hgf.com\/de\/wp-json\/wp\/v2\/pages\/9004111222111877\/revisions"}],"up":[{"embeddable":true,"href":"https:\/\/www.hgf.com\/de\/wp-json\/wp\/v2\/pages\/9004111222111900"}],"wp:attachment":[{"href":"https:\/\/www.hgf.com\/de\/wp-json\/wp\/v2\/media?parent=9004111222111877"}],"curies":[{"name":"wp","href":"https:\/\/api.w.org\/{rel}","templated":true}]}}