{"id":9004111222111876,"date":"2020-06-26T18:51:01","date_gmt":"2020-06-26T17:51:01","guid":{"rendered":"https:\/\/www.hgf.com\/?page_id=9004111222111876"},"modified":"2023-05-11T08:42:37","modified_gmt":"2023-05-11T07:42:37","slug":"dublin","status":"publish","type":"page","link":"https:\/\/www.hgf.com\/de\/kontakt\/dublin\/","title":{"rendered":"Dublin"},"content":{"rendered":"<p class=\"p__large\">Unsere Niederlassung in Dublin befindet sich im <em>Guinness Enterprise Centre<\/em>, Irlands gr\u00f6\u00dftem Zentrum f\u00fcr Unternehmensgr\u00fcndungen, und ist gut positioniert, um die florierende Medizintechnik-, Biotechnologie-, Pharma-, Chemie- und Elektronikindustrie sowie die Universit\u00e4ten im Gro\u00dfraum Dublin zu unterst\u00fctzen. <\/p>\n<p>Der Standort liegt au\u00dferdem nur einen Steinwurf vom <em>Bahnhof Heuston<\/em> entfernt und hat eine gute Verkehrsanbindung, so dass wir unsere Mandanten im ganzen Land unterst\u00fctzen k\u00f6nnen.<\/p>\n<p>Unsere Niederlassung in Dublin fungiert auch als Drehscheibe f\u00fcr unser Netzwerk von Niederlassungen in ganz Europa, einschlie\u00dflich der Niederlassungen in Westport und Belfast, und kann so unseren Mandanten die gesamte Bandbreite der multidisziplin\u00e4ren IP-Expertise von HGF bieten. Unser Ziel ist es, durch die Konzentration unseres Teams auf die Bereitstellung von kommerziell relevanter und integrierter Beratung und Dienstleistungen im Bereich des geistigen Eigentums einen echten Nutzen f\u00fcr unsere Mandanten zu erzielen.<\/p>\n","protected":false},"excerpt":{"rendered":"<p>Unsere Niederlassung in Dublin befindet sich im Guinness Enterprise Centre, Irlands gr\u00f6\u00dftem Zentrum f\u00fcr Unternehmensgr\u00fcndungen, und ist gut positioniert, um die florierende Medizintechnik-, Biotechnologie-, Pharma-, Chemie- und Elektronikindustrie sowie die &hellip;<\/p>\n","protected":false},"author":374,"featured_media":0,"parent":9004111222111900,"menu_order":0,"comment_status":"closed","ping_status":"closed","template":"views\/template-office.blade.php","meta":{"_acf_changed":false,"footnotes":""},"class_list":["post-9004111222111876","page","type-page","status-publish","hentry"],"acf":[],"yoast_head":"<!-- This site is optimized with the Yoast SEO Premium plugin v27.4 (Yoast SEO v27.4) - https:\/\/yoast.com\/product\/yoast-seo-premium-wordpress\/ -->\n<title>Kontaktieren Sie unser B\u00fcro in Dublin - HGF<\/title>\n<meta name=\"description\" content=\"Wenden Sie sich direkt an unser HGF-Team in Dublin, um zu erfahren, wie eine Zusammenarbeit mit Ihrem Unternehmen aussehen k\u00f6nnte.\" \/>\n<meta name=\"robots\" content=\"index, follow, max-snippet:-1, max-image-preview:large, max-video-preview:-1\" \/>\n<link rel=\"canonical\" href=\"https:\/\/www.hgf.com\/de\/kontakt\/dublin\/\" \/>\n<meta property=\"og:locale\" content=\"de_DE\" \/>\n<meta property=\"og:type\" content=\"article\" \/>\n<meta property=\"og:title\" content=\"Dublin\" \/>\n<meta property=\"og:description\" content=\"Unsere Niederlassung in Dublin befindet sich im Guinness Enterprise Centre, Irlands gr\u00f6\u00dftem Zentrum f\u00fcr Unternehmensgr\u00fcndungen, und ist gut positioniert,\" \/>\n<meta property=\"og:url\" content=\"https:\/\/www.hgf.com\/de\/kontakt\/dublin\/\" \/>\n<meta property=\"og:site_name\" content=\"HGF\" \/>\n<meta property=\"article:modified_time\" content=\"2023-05-11T07:42:37+00:00\" \/>\n<meta property=\"og:image\" content=\"https:\/\/www.hgf.com\/wp-content\/uploads\/2023\/04\/hgf-logo-1200x675-1.png\" \/>\n\t<meta property=\"og:image:width\" content=\"1200\" \/>\n\t<meta property=\"og:image:height\" content=\"675\" \/>\n\t<meta property=\"og:image:type\" content=\"image\/png\" \/>\n<meta name=\"twitter:card\" content=\"summary_large_image\" \/>\n<meta name=\"twitter:site\" content=\"@hgf_ip\" \/>\n<meta name=\"twitter:label1\" content=\"Gesch\u00e4tzte Lesezeit\" \/>\n\t<meta name=\"twitter:data1\" content=\"1 Minute\" \/>\n<script type=\"application\/ld+json\" class=\"yoast-schema-graph\">{\"@context\":\"https:\\\/\\\/schema.org\",\"@graph\":[{\"@type\":\"WebPage\",\"@id\":\"https:\\\/\\\/www.hgf.com\\\/de\\\/kontakt\\\/dublin\\\/\",\"url\":\"https:\\\/\\\/www.hgf.com\\\/de\\\/kontakt\\\/dublin\\\/\",\"name\":\"Kontaktieren Sie unser B\u00fcro in Dublin - HGF\",\"isPartOf\":{\"@id\":\"https:\\\/\\\/www.hgf.com\\\/de\\\/#website\"},\"datePublished\":\"2020-06-26T17:51:01+00:00\",\"dateModified\":\"2023-05-11T07:42:37+00:00\",\"description\":\"Wenden Sie sich direkt an unser HGF-Team in Dublin, um zu erfahren, wie eine Zusammenarbeit mit Ihrem Unternehmen aussehen k\u00f6nnte.\",\"breadcrumb\":{\"@id\":\"https:\\\/\\\/www.hgf.com\\\/de\\\/kontakt\\\/dublin\\\/#breadcrumb\"},\"inLanguage\":\"de-DE\",\"potentialAction\":[{\"@type\":\"ReadAction\",\"target\":[\"https:\\\/\\\/www.hgf.com\\\/de\\\/kontakt\\\/dublin\\\/\"]}]},{\"@type\":\"BreadcrumbList\",\"@id\":\"https:\\\/\\\/www.hgf.com\\\/de\\\/kontakt\\\/dublin\\\/#breadcrumb\",\"itemListElement\":[{\"@type\":\"ListItem\",\"position\":1,\"name\":\"Kontakt\",\"item\":\"https:\\\/\\\/www.hgf.com\\\/de\\\/kontakt\\\/\"},{\"@type\":\"ListItem\",\"position\":2,\"name\":\"Dublin\"}]},{\"@type\":\"WebSite\",\"@id\":\"https:\\\/\\\/www.hgf.com\\\/de\\\/#website\",\"url\":\"https:\\\/\\\/www.hgf.com\\\/de\\\/\",\"name\":\"HGF\",\"description\":\"Intellectual Property Rights specialists\",\"publisher\":{\"@id\":\"https:\\\/\\\/www.hgf.com\\\/de\\\/#organization\"},\"potentialAction\":[{\"@type\":\"SearchAction\",\"target\":{\"@type\":\"EntryPoint\",\"urlTemplate\":\"https:\\\/\\\/www.hgf.com\\\/de\\\/?s={search_term_string}\"},\"query-input\":{\"@type\":\"PropertyValueSpecification\",\"valueRequired\":true,\"valueName\":\"search_term_string\"}}],\"inLanguage\":\"de-DE\"},{\"@type\":\"Organization\",\"@id\":\"https:\\\/\\\/www.hgf.com\\\/de\\\/#organization\",\"name\":\"HGF\",\"url\":\"https:\\\/\\\/www.hgf.com\\\/de\\\/\",\"logo\":{\"@type\":\"ImageObject\",\"inLanguage\":\"de-DE\",\"@id\":\"https:\\\/\\\/www.hgf.com\\\/de\\\/#\\\/schema\\\/logo\\\/image\\\/\",\"url\":\"https:\\\/\\\/www.hgf.com\\\/wp-content\\\/uploads\\\/2023\\\/04\\\/hgf-logo-696x696-1.png\",\"contentUrl\":\"https:\\\/\\\/www.hgf.com\\\/wp-content\\\/uploads\\\/2023\\\/04\\\/hgf-logo-696x696-1.png\",\"width\":696,\"height\":696,\"caption\":\"HGF\"},\"image\":{\"@id\":\"https:\\\/\\\/www.hgf.com\\\/de\\\/#\\\/schema\\\/logo\\\/image\\\/\"},\"sameAs\":[\"https:\\\/\\\/x.com\\\/hgf_ip\",\"https:\\\/\\\/www.linkedin.com\\\/company\\\/hgf-limited-intellectual-property-specialists\\\/\"]}]}<\/script>\n<!-- \/ Yoast SEO Premium plugin. -->","yoast_head_json":{"title":"Kontaktieren Sie unser B\u00fcro in Dublin - HGF","description":"Wenden Sie sich direkt an unser HGF-Team in Dublin, um zu erfahren, wie eine Zusammenarbeit mit Ihrem Unternehmen aussehen k\u00f6nnte.","robots":{"index":"index","follow":"follow","max-snippet":"max-snippet:-1","max-image-preview":"max-image-preview:large","max-video-preview":"max-video-preview:-1"},"canonical":"https:\/\/www.hgf.com\/de\/kontakt\/dublin\/","og_locale":"de_DE","og_type":"article","og_title":"Dublin","og_description":"Unsere Niederlassung in Dublin befindet sich im Guinness Enterprise Centre, Irlands gr\u00f6\u00dftem Zentrum f\u00fcr Unternehmensgr\u00fcndungen, und ist gut positioniert,","og_url":"https:\/\/www.hgf.com\/de\/kontakt\/dublin\/","og_site_name":"HGF","article_modified_time":"2023-05-11T07:42:37+00:00","og_image":[{"width":1200,"height":675,"url":"https:\/\/www.hgf.com\/wp-content\/uploads\/2023\/04\/hgf-logo-1200x675-1.png","type":"image\/png"}],"twitter_card":"summary_large_image","twitter_site":"@hgf_ip","twitter_misc":{"Gesch\u00e4tzte Lesezeit":"1 Minute"},"schema":{"@context":"https:\/\/schema.org","@graph":[{"@type":"WebPage","@id":"https:\/\/www.hgf.com\/de\/kontakt\/dublin\/","url":"https:\/\/www.hgf.com\/de\/kontakt\/dublin\/","name":"Kontaktieren Sie unser B\u00fcro in Dublin - HGF","isPartOf":{"@id":"https:\/\/www.hgf.com\/de\/#website"},"datePublished":"2020-06-26T17:51:01+00:00","dateModified":"2023-05-11T07:42:37+00:00","description":"Wenden Sie sich direkt an unser HGF-Team in Dublin, um zu erfahren, wie eine Zusammenarbeit mit Ihrem Unternehmen aussehen k\u00f6nnte.","breadcrumb":{"@id":"https:\/\/www.hgf.com\/de\/kontakt\/dublin\/#breadcrumb"},"inLanguage":"de-DE","potentialAction":[{"@type":"ReadAction","target":["https:\/\/www.hgf.com\/de\/kontakt\/dublin\/"]}]},{"@type":"BreadcrumbList","@id":"https:\/\/www.hgf.com\/de\/kontakt\/dublin\/#breadcrumb","itemListElement":[{"@type":"ListItem","position":1,"name":"Kontakt","item":"https:\/\/www.hgf.com\/de\/kontakt\/"},{"@type":"ListItem","position":2,"name":"Dublin"}]},{"@type":"WebSite","@id":"https:\/\/www.hgf.com\/de\/#website","url":"https:\/\/www.hgf.com\/de\/","name":"HGF","description":"Intellectual Property Rights specialists","publisher":{"@id":"https:\/\/www.hgf.com\/de\/#organization"},"potentialAction":[{"@type":"SearchAction","target":{"@type":"EntryPoint","urlTemplate":"https:\/\/www.hgf.com\/de\/?s={search_term_string}"},"query-input":{"@type":"PropertyValueSpecification","valueRequired":true,"valueName":"search_term_string"}}],"inLanguage":"de-DE"},{"@type":"Organization","@id":"https:\/\/www.hgf.com\/de\/#organization","name":"HGF","url":"https:\/\/www.hgf.com\/de\/","logo":{"@type":"ImageObject","inLanguage":"de-DE","@id":"https:\/\/www.hgf.com\/de\/#\/schema\/logo\/image\/","url":"https:\/\/www.hgf.com\/wp-content\/uploads\/2023\/04\/hgf-logo-696x696-1.png","contentUrl":"https:\/\/www.hgf.com\/wp-content\/uploads\/2023\/04\/hgf-logo-696x696-1.png","width":696,"height":696,"caption":"HGF"},"image":{"@id":"https:\/\/www.hgf.com\/de\/#\/schema\/logo\/image\/"},"sameAs":["https:\/\/x.com\/hgf_ip","https:\/\/www.linkedin.com\/company\/hgf-limited-intellectual-property-specialists\/"]}]}},"_links":{"self":[{"href":"https:\/\/www.hgf.com\/de\/wp-json\/wp\/v2\/pages\/9004111222111876","targetHints":{"allow":["GET"]}}],"collection":[{"href":"https:\/\/www.hgf.com\/de\/wp-json\/wp\/v2\/pages"}],"about":[{"href":"https:\/\/www.hgf.com\/de\/wp-json\/wp\/v2\/types\/page"}],"author":[{"embeddable":true,"href":"https:\/\/www.hgf.com\/de\/wp-json\/wp\/v2\/users\/374"}],"replies":[{"embeddable":true,"href":"https:\/\/www.hgf.com\/de\/wp-json\/wp\/v2\/comments?post=9004111222111876"}],"version-history":[{"count":0,"href":"https:\/\/www.hgf.com\/de\/wp-json\/wp\/v2\/pages\/9004111222111876\/revisions"}],"up":[{"embeddable":true,"href":"https:\/\/www.hgf.com\/de\/wp-json\/wp\/v2\/pages\/9004111222111900"}],"wp:attachment":[{"href":"https:\/\/www.hgf.com\/de\/wp-json\/wp\/v2\/media?parent=9004111222111876"}],"curies":[{"name":"wp","href":"https:\/\/api.w.org\/{rel}","templated":true}]}}