{"id":9004111222111863,"date":"2020-06-26T19:10:01","date_gmt":"2020-06-26T18:10:01","guid":{"rendered":"https:\/\/www.hgf.com\/?page_id=9004111222111863"},"modified":"2023-02-14T13:38:57","modified_gmt":"2023-02-14T13:38:57","slug":"muenchen","status":"publish","type":"page","link":"https:\/\/www.hgf.com\/de\/kontakt\/muenchen\/","title":{"rendered":"M\u00fcnchen"},"content":{"rendered":"<div class=\"intro text-content-container\">\n<p class=\"p__large\">HGF M\u00fcnchen wurde im Jahr 2019 nach der Fusion von HGF und Patronus IP er\u00f6ffnet.<\/p>\n<\/div>\n<p>M\u00fcnchen mit dem Deutschen Patent- und Markenamt, dem Europ\u00e4ischen Patentamt samt dessen Beschwerdekammern und eines Gro\u00dfteils von dessen Pr\u00fcfungs- und Einspruchsabteilungen ist das Zentrum des gewerblichen Rechtsschutzes in Europa. Das B\u00fcro ist zentral gelegen, sodass das Team schnell die umliegenden \u00c4mter und Gerichte erreicht, um besser die Interessen unserer Mandanten vertreten zu k\u00f6nnen.<\/p>\n<p>Dank der Erfahrung und des Fachwissens unseres professionellen Teams k\u00f6nnen wir unseren Mandanten sowohl eine technische als auch eine wirtschaftlich fundierte Beratung anbieten.<\/p>\n","protected":false},"excerpt":{"rendered":"<p>HGF M\u00fcnchen wurde im Jahr 2019 nach der Fusion von HGF und Patronus IP er\u00f6ffnet. M\u00fcnchen mit dem Deutschen Patent- und Markenamt, dem Europ\u00e4ischen Patentamt samt dessen Beschwerdekammern und eines &hellip;<\/p>\n","protected":false},"author":374,"featured_media":0,"parent":9004111222111900,"menu_order":0,"comment_status":"closed","ping_status":"closed","template":"views\/template-office.blade.php","meta":{"_acf_changed":false,"footnotes":""},"class_list":["post-9004111222111863","page","type-page","status-publish","hentry"],"acf":[],"yoast_head":"<!-- This site is optimized with the Yoast SEO Premium plugin v27.4 (Yoast SEO v27.4) - https:\/\/yoast.com\/product\/yoast-seo-premium-wordpress\/ -->\n<title>Kontaktieren Sie unser B\u00fcro in M\u00fcnchen - Neumarkter Str. - HGF<\/title>\n<meta name=\"description\" content=\"Wenden Sie sich direkt an unser HGF-Team in M\u00fcnchen in der Neumarkter Stra\u00dfe, um zu erfahren, wie eine Zusammenarbeit mit Ihrem Unternehmen aussehen k\u00f6nnte.\" \/>\n<meta name=\"robots\" content=\"index, follow, max-snippet:-1, max-image-preview:large, max-video-preview:-1\" \/>\n<link rel=\"canonical\" href=\"https:\/\/www.hgf.com\/de\/kontakt\/muenchen\/\" \/>\n<meta property=\"og:locale\" content=\"de_DE\" \/>\n<meta property=\"og:type\" content=\"article\" \/>\n<meta property=\"og:title\" content=\"M\u00fcnchen\" \/>\n<meta property=\"og:description\" content=\"HGF M\u00fcnchen wurde im Jahr 2019 nach der Fusion von HGF und Patronus IP er\u00f6ffnet. M\u00fcnchen mit dem Deutschen Patent- und Markenamt, dem Europ\u00e4ischen\" \/>\n<meta property=\"og:url\" content=\"https:\/\/www.hgf.com\/de\/kontakt\/muenchen\/\" \/>\n<meta property=\"og:site_name\" content=\"HGF\" \/>\n<meta property=\"article:modified_time\" content=\"2023-02-14T13:38:57+00:00\" \/>\n<meta property=\"og:image\" content=\"https:\/\/www.hgf.com\/wp-content\/uploads\/2023\/04\/hgf-logo-1200x675-1.png\" \/>\n\t<meta property=\"og:image:width\" content=\"1200\" \/>\n\t<meta property=\"og:image:height\" content=\"675\" \/>\n\t<meta property=\"og:image:type\" content=\"image\/png\" \/>\n<meta name=\"twitter:card\" content=\"summary_large_image\" \/>\n<meta name=\"twitter:site\" content=\"@hgf_ip\" \/>\n<script type=\"application\/ld+json\" class=\"yoast-schema-graph\">{\"@context\":\"https:\\\/\\\/schema.org\",\"@graph\":[{\"@type\":\"WebPage\",\"@id\":\"https:\\\/\\\/www.hgf.com\\\/de\\\/kontakt\\\/muenchen\\\/\",\"url\":\"https:\\\/\\\/www.hgf.com\\\/de\\\/kontakt\\\/muenchen\\\/\",\"name\":\"Kontaktieren Sie unser B\u00fcro in M\u00fcnchen - Neumarkter Str. - HGF\",\"isPartOf\":{\"@id\":\"https:\\\/\\\/www.hgf.com\\\/de\\\/#website\"},\"datePublished\":\"2020-06-26T18:10:01+00:00\",\"dateModified\":\"2023-02-14T13:38:57+00:00\",\"description\":\"Wenden Sie sich direkt an unser HGF-Team in M\u00fcnchen in der Neumarkter Stra\u00dfe, um zu erfahren, wie eine Zusammenarbeit mit Ihrem Unternehmen aussehen k\u00f6nnte.\",\"breadcrumb\":{\"@id\":\"https:\\\/\\\/www.hgf.com\\\/de\\\/kontakt\\\/muenchen\\\/#breadcrumb\"},\"inLanguage\":\"de-DE\",\"potentialAction\":[{\"@type\":\"ReadAction\",\"target\":[\"https:\\\/\\\/www.hgf.com\\\/de\\\/kontakt\\\/muenchen\\\/\"]}]},{\"@type\":\"BreadcrumbList\",\"@id\":\"https:\\\/\\\/www.hgf.com\\\/de\\\/kontakt\\\/muenchen\\\/#breadcrumb\",\"itemListElement\":[{\"@type\":\"ListItem\",\"position\":1,\"name\":\"Kontakt\",\"item\":\"https:\\\/\\\/www.hgf.com\\\/de\\\/kontakt\\\/\"},{\"@type\":\"ListItem\",\"position\":2,\"name\":\"M\u00fcnchen\"}]},{\"@type\":\"WebSite\",\"@id\":\"https:\\\/\\\/www.hgf.com\\\/de\\\/#website\",\"url\":\"https:\\\/\\\/www.hgf.com\\\/de\\\/\",\"name\":\"HGF\",\"description\":\"Intellectual Property Rights specialists\",\"publisher\":{\"@id\":\"https:\\\/\\\/www.hgf.com\\\/de\\\/#organization\"},\"potentialAction\":[{\"@type\":\"SearchAction\",\"target\":{\"@type\":\"EntryPoint\",\"urlTemplate\":\"https:\\\/\\\/www.hgf.com\\\/de\\\/?s={search_term_string}\"},\"query-input\":{\"@type\":\"PropertyValueSpecification\",\"valueRequired\":true,\"valueName\":\"search_term_string\"}}],\"inLanguage\":\"de-DE\"},{\"@type\":\"Organization\",\"@id\":\"https:\\\/\\\/www.hgf.com\\\/de\\\/#organization\",\"name\":\"HGF\",\"url\":\"https:\\\/\\\/www.hgf.com\\\/de\\\/\",\"logo\":{\"@type\":\"ImageObject\",\"inLanguage\":\"de-DE\",\"@id\":\"https:\\\/\\\/www.hgf.com\\\/de\\\/#\\\/schema\\\/logo\\\/image\\\/\",\"url\":\"https:\\\/\\\/www.hgf.com\\\/wp-content\\\/uploads\\\/2023\\\/04\\\/hgf-logo-696x696-1.png\",\"contentUrl\":\"https:\\\/\\\/www.hgf.com\\\/wp-content\\\/uploads\\\/2023\\\/04\\\/hgf-logo-696x696-1.png\",\"width\":696,\"height\":696,\"caption\":\"HGF\"},\"image\":{\"@id\":\"https:\\\/\\\/www.hgf.com\\\/de\\\/#\\\/schema\\\/logo\\\/image\\\/\"},\"sameAs\":[\"https:\\\/\\\/x.com\\\/hgf_ip\",\"https:\\\/\\\/www.linkedin.com\\\/company\\\/hgf-limited-intellectual-property-specialists\\\/\"]}]}<\/script>\n<!-- \/ Yoast SEO Premium plugin. -->","yoast_head_json":{"title":"Kontaktieren Sie unser B\u00fcro in M\u00fcnchen - Neumarkter Str. - HGF","description":"Wenden Sie sich direkt an unser HGF-Team in M\u00fcnchen in der Neumarkter Stra\u00dfe, um zu erfahren, wie eine Zusammenarbeit mit Ihrem Unternehmen aussehen k\u00f6nnte.","robots":{"index":"index","follow":"follow","max-snippet":"max-snippet:-1","max-image-preview":"max-image-preview:large","max-video-preview":"max-video-preview:-1"},"canonical":"https:\/\/www.hgf.com\/de\/kontakt\/muenchen\/","og_locale":"de_DE","og_type":"article","og_title":"M\u00fcnchen","og_description":"HGF M\u00fcnchen wurde im Jahr 2019 nach der Fusion von HGF und Patronus IP er\u00f6ffnet. M\u00fcnchen mit dem Deutschen Patent- und Markenamt, dem Europ\u00e4ischen","og_url":"https:\/\/www.hgf.com\/de\/kontakt\/muenchen\/","og_site_name":"HGF","article_modified_time":"2023-02-14T13:38:57+00:00","og_image":[{"width":1200,"height":675,"url":"https:\/\/www.hgf.com\/wp-content\/uploads\/2023\/04\/hgf-logo-1200x675-1.png","type":"image\/png"}],"twitter_card":"summary_large_image","twitter_site":"@hgf_ip","schema":{"@context":"https:\/\/schema.org","@graph":[{"@type":"WebPage","@id":"https:\/\/www.hgf.com\/de\/kontakt\/muenchen\/","url":"https:\/\/www.hgf.com\/de\/kontakt\/muenchen\/","name":"Kontaktieren Sie unser B\u00fcro in M\u00fcnchen - Neumarkter Str. - HGF","isPartOf":{"@id":"https:\/\/www.hgf.com\/de\/#website"},"datePublished":"2020-06-26T18:10:01+00:00","dateModified":"2023-02-14T13:38:57+00:00","description":"Wenden Sie sich direkt an unser HGF-Team in M\u00fcnchen in der Neumarkter Stra\u00dfe, um zu erfahren, wie eine Zusammenarbeit mit Ihrem Unternehmen aussehen k\u00f6nnte.","breadcrumb":{"@id":"https:\/\/www.hgf.com\/de\/kontakt\/muenchen\/#breadcrumb"},"inLanguage":"de-DE","potentialAction":[{"@type":"ReadAction","target":["https:\/\/www.hgf.com\/de\/kontakt\/muenchen\/"]}]},{"@type":"BreadcrumbList","@id":"https:\/\/www.hgf.com\/de\/kontakt\/muenchen\/#breadcrumb","itemListElement":[{"@type":"ListItem","position":1,"name":"Kontakt","item":"https:\/\/www.hgf.com\/de\/kontakt\/"},{"@type":"ListItem","position":2,"name":"M\u00fcnchen"}]},{"@type":"WebSite","@id":"https:\/\/www.hgf.com\/de\/#website","url":"https:\/\/www.hgf.com\/de\/","name":"HGF","description":"Intellectual Property Rights specialists","publisher":{"@id":"https:\/\/www.hgf.com\/de\/#organization"},"potentialAction":[{"@type":"SearchAction","target":{"@type":"EntryPoint","urlTemplate":"https:\/\/www.hgf.com\/de\/?s={search_term_string}"},"query-input":{"@type":"PropertyValueSpecification","valueRequired":true,"valueName":"search_term_string"}}],"inLanguage":"de-DE"},{"@type":"Organization","@id":"https:\/\/www.hgf.com\/de\/#organization","name":"HGF","url":"https:\/\/www.hgf.com\/de\/","logo":{"@type":"ImageObject","inLanguage":"de-DE","@id":"https:\/\/www.hgf.com\/de\/#\/schema\/logo\/image\/","url":"https:\/\/www.hgf.com\/wp-content\/uploads\/2023\/04\/hgf-logo-696x696-1.png","contentUrl":"https:\/\/www.hgf.com\/wp-content\/uploads\/2023\/04\/hgf-logo-696x696-1.png","width":696,"height":696,"caption":"HGF"},"image":{"@id":"https:\/\/www.hgf.com\/de\/#\/schema\/logo\/image\/"},"sameAs":["https:\/\/x.com\/hgf_ip","https:\/\/www.linkedin.com\/company\/hgf-limited-intellectual-property-specialists\/"]}]}},"_links":{"self":[{"href":"https:\/\/www.hgf.com\/de\/wp-json\/wp\/v2\/pages\/9004111222111863","targetHints":{"allow":["GET"]}}],"collection":[{"href":"https:\/\/www.hgf.com\/de\/wp-json\/wp\/v2\/pages"}],"about":[{"href":"https:\/\/www.hgf.com\/de\/wp-json\/wp\/v2\/types\/page"}],"author":[{"embeddable":true,"href":"https:\/\/www.hgf.com\/de\/wp-json\/wp\/v2\/users\/374"}],"replies":[{"embeddable":true,"href":"https:\/\/www.hgf.com\/de\/wp-json\/wp\/v2\/comments?post=9004111222111863"}],"version-history":[{"count":0,"href":"https:\/\/www.hgf.com\/de\/wp-json\/wp\/v2\/pages\/9004111222111863\/revisions"}],"up":[{"embeddable":true,"href":"https:\/\/www.hgf.com\/de\/wp-json\/wp\/v2\/pages\/9004111222111900"}],"wp:attachment":[{"href":"https:\/\/www.hgf.com\/de\/wp-json\/wp\/v2\/media?parent=9004111222111863"}],"curies":[{"name":"wp","href":"https:\/\/api.w.org\/{rel}","templated":true}]}}