{"id":9004111222111732,"date":"2021-01-22T15:13:42","date_gmt":"2021-01-22T15:13:42","guid":{"rendered":"https:\/\/www.hgf.com\/?page_id=9004111222111732"},"modified":"2022-11-03T12:29:38","modified_gmt":"2022-11-03T12:29:38","slug":"wie-es-ist-bei-hgf-zu-arbeiten-john-gibbs","status":"publish","type":"page","link":"https:\/\/www.hgf.com\/de\/karriere\/wie-es-ist-bei-hgf-zu-arbeiten-john-gibbs\/","title":{"rendered":"Wie ist es, bei HGF zu arbeiten?"},"content":{"rendered":"<div style=\"padding: 56.25% 0 0 0; position: relative;\"><iframe style=\"position: absolute; top: 0; left: 0; width: 100%; height: 100%;\" src=\"https:\/\/player.vimeo.com\/video\/503416472?title=0&amp;byline=0&amp;portrait=0\" frameborder=\"0\" allowfullscreen=\"allowfullscreen\"><\/iframe><\/div>\n<h5>Weshalb haben Sie sich f\u00fcr eine Karriere bei HGF entschieden?<\/h5>\n<p>Ich muss gestehen, bevor ich bei HGF angefangen habe, hatte ich nur geringe Kenntnisse des Bereichs IP-Recht. Gleich beim ersten Treffen sp\u00fcrte ich jedoch den Ehrgeiz und die Zielstrebigkeit zur Weiterentwicklung, die stets auf den Mitarbeitenden aufbaut.<\/p>\n<h5>Welche Aspekte Ihrer Arbeit gefallen Ihnen am besten?<\/h5>\n<p>Auf jeden Fall der umfangreiche Kontakt zu Menschen, den mir mein Job erm\u00f6glicht. Dass ich ganz Gro\u00dfbritannien und Europa bereise und mich mit den Recruiting Managern pers\u00f6nlich treffe, macht mir sehr viel Freude und erm\u00f6glicht es mir au\u00dferdem, meine Funktion viel effektiver auszu\u00fcben. Ich habe au\u00dferdem Freude daran, einen Beitrag zu unternehmensweiten Projekten zu leisten, wie ich das gegenw\u00e4rtig bei unserer laufenden Gleichstellungs-, Diversit\u00e4ts- und Inklusionsstrategie tue, und dass ich miterlebe, wie die Personalbeschaffung hierbei eine Rolle spielen kann.<\/p>\n<h5>Was sch\u00e4tzen Sie an HGF?<\/h5>\n<p>Die F\u00fchrungskr\u00e4fte des Unternehmens wissen die Funktionen, Aufgaben und Beitr\u00e4ge zum Erfolg des Unternehmens aller Mitarbeitenden zu sch\u00e4tzen. Das und die kontinuierliche Weiterentwicklung des Unternehmens machen HGF zu einem aufregenden Arbeitsplatz.<\/p>\n","protected":false},"excerpt":{"rendered":"<p>Weshalb haben Sie sich f\u00fcr eine Karriere bei HGF entschieden? Ich muss gestehen, bevor ich bei HGF angefangen habe, hatte ich nur geringe Kenntnisse des Bereichs IP-Recht. Gleich beim ersten &hellip;<\/p>\n","protected":false},"author":374,"featured_media":0,"parent":9004111222111727,"menu_order":0,"comment_status":"closed","ping_status":"closed","template":"views\/template-simple-page.blade.php","meta":{"_acf_changed":false,"footnotes":""},"class_list":["post-9004111222111732","page","type-page","status-publish","hentry"],"acf":[],"yoast_head":"<!-- This site is optimized with the Yoast SEO Premium plugin v27.3 (Yoast SEO v27.3) - https:\/\/yoast.com\/product\/yoast-seo-premium-wordpress\/ -->\n<title>Wie es ist, bei HGF zu arbeiten von John Gibbs - HGF<\/title>\n<meta name=\"robots\" content=\"index, follow, max-snippet:-1, max-image-preview:large, max-video-preview:-1\" \/>\n<link rel=\"canonical\" href=\"https:\/\/www.hgf.com\/de\/karriere\/wie-es-ist-bei-hgf-zu-arbeiten-john-gibbs\/\" \/>\n<meta property=\"og:locale\" content=\"de_DE\" \/>\n<meta property=\"og:type\" content=\"article\" \/>\n<meta property=\"og:title\" content=\"Wie ist es, bei HGF zu arbeiten?\" \/>\n<meta property=\"og:description\" content=\"Weshalb haben Sie sich f\u00fcr eine Karriere bei HGF entschieden? Ich muss gestehen, bevor ich bei HGF angefangen habe, hatte ich nur geringe Kenntnisse des\" \/>\n<meta property=\"og:url\" content=\"https:\/\/www.hgf.com\/de\/karriere\/wie-es-ist-bei-hgf-zu-arbeiten-john-gibbs\/\" \/>\n<meta property=\"og:site_name\" content=\"HGF\" \/>\n<meta property=\"article:modified_time\" content=\"2022-11-03T12:29:38+00:00\" \/>\n<meta property=\"og:image\" content=\"https:\/\/www.hgf.com\/wp-content\/uploads\/2023\/04\/hgf-logo-1200x675-1.png\" \/>\n\t<meta property=\"og:image:width\" content=\"1200\" \/>\n\t<meta property=\"og:image:height\" content=\"675\" \/>\n\t<meta property=\"og:image:type\" content=\"image\/png\" \/>\n<meta name=\"twitter:card\" content=\"summary_large_image\" \/>\n<meta name=\"twitter:site\" content=\"@hgf_ip\" \/>\n<meta name=\"twitter:label1\" content=\"Gesch\u00e4tzte Lesezeit\" \/>\n\t<meta name=\"twitter:data1\" content=\"1 Minute\" \/>\n<script type=\"application\/ld+json\" class=\"yoast-schema-graph\">{\"@context\":\"https:\\\/\\\/schema.org\",\"@graph\":[{\"@type\":\"WebPage\",\"@id\":\"https:\\\/\\\/www.hgf.com\\\/de\\\/karriere\\\/wie-es-ist-bei-hgf-zu-arbeiten-john-gibbs\\\/\",\"url\":\"https:\\\/\\\/www.hgf.com\\\/de\\\/karriere\\\/wie-es-ist-bei-hgf-zu-arbeiten-john-gibbs\\\/\",\"name\":\"Wie es ist, bei HGF zu arbeiten von John Gibbs - HGF\",\"isPartOf\":{\"@id\":\"https:\\\/\\\/www.hgf.com\\\/de\\\/#website\"},\"datePublished\":\"2021-01-22T15:13:42+00:00\",\"dateModified\":\"2022-11-03T12:29:38+00:00\",\"breadcrumb\":{\"@id\":\"https:\\\/\\\/www.hgf.com\\\/de\\\/karriere\\\/wie-es-ist-bei-hgf-zu-arbeiten-john-gibbs\\\/#breadcrumb\"},\"inLanguage\":\"de-DE\",\"potentialAction\":[{\"@type\":\"ReadAction\",\"target\":[\"https:\\\/\\\/www.hgf.com\\\/de\\\/karriere\\\/wie-es-ist-bei-hgf-zu-arbeiten-john-gibbs\\\/\"]}]},{\"@type\":\"BreadcrumbList\",\"@id\":\"https:\\\/\\\/www.hgf.com\\\/de\\\/karriere\\\/wie-es-ist-bei-hgf-zu-arbeiten-john-gibbs\\\/#breadcrumb\",\"itemListElement\":[{\"@type\":\"ListItem\",\"position\":1,\"name\":\"Karriere\",\"item\":\"https:\\\/\\\/www.hgf.com\\\/de\\\/karriere\\\/\"},{\"@type\":\"ListItem\",\"position\":2,\"name\":\"Wie ist es, bei HGF zu arbeiten?\"}]},{\"@type\":\"WebSite\",\"@id\":\"https:\\\/\\\/www.hgf.com\\\/de\\\/#website\",\"url\":\"https:\\\/\\\/www.hgf.com\\\/de\\\/\",\"name\":\"HGF\",\"description\":\"Intellectual Property Rights specialists\",\"publisher\":{\"@id\":\"https:\\\/\\\/www.hgf.com\\\/de\\\/#organization\"},\"potentialAction\":[{\"@type\":\"SearchAction\",\"target\":{\"@type\":\"EntryPoint\",\"urlTemplate\":\"https:\\\/\\\/www.hgf.com\\\/de\\\/?s={search_term_string}\"},\"query-input\":{\"@type\":\"PropertyValueSpecification\",\"valueRequired\":true,\"valueName\":\"search_term_string\"}}],\"inLanguage\":\"de-DE\"},{\"@type\":\"Organization\",\"@id\":\"https:\\\/\\\/www.hgf.com\\\/de\\\/#organization\",\"name\":\"HGF\",\"url\":\"https:\\\/\\\/www.hgf.com\\\/de\\\/\",\"logo\":{\"@type\":\"ImageObject\",\"inLanguage\":\"de-DE\",\"@id\":\"https:\\\/\\\/www.hgf.com\\\/de\\\/#\\\/schema\\\/logo\\\/image\\\/\",\"url\":\"https:\\\/\\\/www.hgf.com\\\/wp-content\\\/uploads\\\/2023\\\/04\\\/hgf-logo-696x696-1.png\",\"contentUrl\":\"https:\\\/\\\/www.hgf.com\\\/wp-content\\\/uploads\\\/2023\\\/04\\\/hgf-logo-696x696-1.png\",\"width\":696,\"height\":696,\"caption\":\"HGF\"},\"image\":{\"@id\":\"https:\\\/\\\/www.hgf.com\\\/de\\\/#\\\/schema\\\/logo\\\/image\\\/\"},\"sameAs\":[\"https:\\\/\\\/x.com\\\/hgf_ip\",\"https:\\\/\\\/www.linkedin.com\\\/company\\\/hgf-limited-intellectual-property-specialists\\\/\"]}]}<\/script>\n<!-- \/ Yoast SEO Premium plugin. -->","yoast_head_json":{"title":"Wie es ist, bei HGF zu arbeiten von John Gibbs - HGF","robots":{"index":"index","follow":"follow","max-snippet":"max-snippet:-1","max-image-preview":"max-image-preview:large","max-video-preview":"max-video-preview:-1"},"canonical":"https:\/\/www.hgf.com\/de\/karriere\/wie-es-ist-bei-hgf-zu-arbeiten-john-gibbs\/","og_locale":"de_DE","og_type":"article","og_title":"Wie ist es, bei HGF zu arbeiten?","og_description":"Weshalb haben Sie sich f\u00fcr eine Karriere bei HGF entschieden? Ich muss gestehen, bevor ich bei HGF angefangen habe, hatte ich nur geringe Kenntnisse des","og_url":"https:\/\/www.hgf.com\/de\/karriere\/wie-es-ist-bei-hgf-zu-arbeiten-john-gibbs\/","og_site_name":"HGF","article_modified_time":"2022-11-03T12:29:38+00:00","og_image":[{"width":1200,"height":675,"url":"https:\/\/www.hgf.com\/wp-content\/uploads\/2023\/04\/hgf-logo-1200x675-1.png","type":"image\/png"}],"twitter_card":"summary_large_image","twitter_site":"@hgf_ip","twitter_misc":{"Gesch\u00e4tzte Lesezeit":"1 Minute"},"schema":{"@context":"https:\/\/schema.org","@graph":[{"@type":"WebPage","@id":"https:\/\/www.hgf.com\/de\/karriere\/wie-es-ist-bei-hgf-zu-arbeiten-john-gibbs\/","url":"https:\/\/www.hgf.com\/de\/karriere\/wie-es-ist-bei-hgf-zu-arbeiten-john-gibbs\/","name":"Wie es ist, bei HGF zu arbeiten von John Gibbs - HGF","isPartOf":{"@id":"https:\/\/www.hgf.com\/de\/#website"},"datePublished":"2021-01-22T15:13:42+00:00","dateModified":"2022-11-03T12:29:38+00:00","breadcrumb":{"@id":"https:\/\/www.hgf.com\/de\/karriere\/wie-es-ist-bei-hgf-zu-arbeiten-john-gibbs\/#breadcrumb"},"inLanguage":"de-DE","potentialAction":[{"@type":"ReadAction","target":["https:\/\/www.hgf.com\/de\/karriere\/wie-es-ist-bei-hgf-zu-arbeiten-john-gibbs\/"]}]},{"@type":"BreadcrumbList","@id":"https:\/\/www.hgf.com\/de\/karriere\/wie-es-ist-bei-hgf-zu-arbeiten-john-gibbs\/#breadcrumb","itemListElement":[{"@type":"ListItem","position":1,"name":"Karriere","item":"https:\/\/www.hgf.com\/de\/karriere\/"},{"@type":"ListItem","position":2,"name":"Wie ist es, bei HGF zu arbeiten?"}]},{"@type":"WebSite","@id":"https:\/\/www.hgf.com\/de\/#website","url":"https:\/\/www.hgf.com\/de\/","name":"HGF","description":"Intellectual Property Rights specialists","publisher":{"@id":"https:\/\/www.hgf.com\/de\/#organization"},"potentialAction":[{"@type":"SearchAction","target":{"@type":"EntryPoint","urlTemplate":"https:\/\/www.hgf.com\/de\/?s={search_term_string}"},"query-input":{"@type":"PropertyValueSpecification","valueRequired":true,"valueName":"search_term_string"}}],"inLanguage":"de-DE"},{"@type":"Organization","@id":"https:\/\/www.hgf.com\/de\/#organization","name":"HGF","url":"https:\/\/www.hgf.com\/de\/","logo":{"@type":"ImageObject","inLanguage":"de-DE","@id":"https:\/\/www.hgf.com\/de\/#\/schema\/logo\/image\/","url":"https:\/\/www.hgf.com\/wp-content\/uploads\/2023\/04\/hgf-logo-696x696-1.png","contentUrl":"https:\/\/www.hgf.com\/wp-content\/uploads\/2023\/04\/hgf-logo-696x696-1.png","width":696,"height":696,"caption":"HGF"},"image":{"@id":"https:\/\/www.hgf.com\/de\/#\/schema\/logo\/image\/"},"sameAs":["https:\/\/x.com\/hgf_ip","https:\/\/www.linkedin.com\/company\/hgf-limited-intellectual-property-specialists\/"]}]}},"_links":{"self":[{"href":"https:\/\/www.hgf.com\/de\/wp-json\/wp\/v2\/pages\/9004111222111732","targetHints":{"allow":["GET"]}}],"collection":[{"href":"https:\/\/www.hgf.com\/de\/wp-json\/wp\/v2\/pages"}],"about":[{"href":"https:\/\/www.hgf.com\/de\/wp-json\/wp\/v2\/types\/page"}],"author":[{"embeddable":true,"href":"https:\/\/www.hgf.com\/de\/wp-json\/wp\/v2\/users\/374"}],"replies":[{"embeddable":true,"href":"https:\/\/www.hgf.com\/de\/wp-json\/wp\/v2\/comments?post=9004111222111732"}],"version-history":[{"count":0,"href":"https:\/\/www.hgf.com\/de\/wp-json\/wp\/v2\/pages\/9004111222111732\/revisions"}],"up":[{"embeddable":true,"href":"https:\/\/www.hgf.com\/de\/wp-json\/wp\/v2\/pages\/9004111222111727"}],"wp:attachment":[{"href":"https:\/\/www.hgf.com\/de\/wp-json\/wp\/v2\/media?parent=9004111222111732"}],"curies":[{"name":"wp","href":"https:\/\/api.w.org\/{rel}","templated":true}]}}